{"id":252,"date":"2012-10-17T11:24:46","date_gmt":"2012-10-17T09:24:46","guid":{"rendered":"https:\/\/www.parthages.be\/wordpress\/produit\/evolution-et-troubles-de-personnalite\/"},"modified":"2022-05-16T20:21:28","modified_gmt":"2022-05-16T18:21:28","slug":"evolution-et-troubles-de-personnalite","status":"publish","type":"product","link":"https:\/\/www.parthages.be\/eboutique\/produit\/evolution-et-troubles-de-personnalite\/","title":{"rendered":"Evolution et troubles de personnalit\u00e9"},"content":{"rendered":"<p>L\u2019homme a besoin d\u2019explications. Y compris sur ses propres comportements. Dans les pays occidentaux, les troubles de la personnalit\u00e9 touchent environ une personne sur dix. Pourquoi ces troubles, qui sont pour moiti\u00e9 sous influence g\u00e9n\u00e9tique, ont-ils persist\u00e9 dans le temps et n\u2019ont pas \u00e9t\u00e9 \u00e9limin\u00e9s au cours de l\u2019\u00e9volution humaine ? Y aurait-il eu, dans un lointain pass\u00e9, un b\u00e9n\u00e9fice pour les individus ou plus largement pour les groupes \u00e0 maintenir ces troubles ? Et si oui, lesquels ?<\/p>\n<p>&nbsp;<\/p>\n<p>Dans ce livre, l\u2019auteur apporte des \u00e9l\u00e9ments de r\u00e9ponses \u00e0 ces questions en se basant sur la psychiatrie \u00e9volutionniste, discipline nouvelle qui tente d\u2019int\u00e9grer la dimension \u00e9volutionniste dans la compr\u00e9hension de la maladie mentale. Mais il va au-del\u00e0 de cette discipline en cherchant une explication au niveau du groupe et pas seulement de l\u2019individu. Inenvisageable il y a encore une quinzaine d\u2019ann\u00e9es, la s\u00e9lection naturelle au niveau du groupe est d\u00e9sormais reconnue comme un des moteurs possibles de l\u2019\u00e9volution. Ainsi, selon l\u2019auteur, les individus atteints par ce qu\u2019on consid\u00e8re aujourd\u2019hui comme un trouble de personnalit\u00e9 auraient jou\u00e9 un r\u00f4le d\u00e9terminant dans la structuration des groupes d\u2019Homo sapiens. Par exemple, la personnalit\u00e9 d\u00e9pendante \u2013 ce besoin d\u2019\u00eatre pris en charge par les autres \u2013 aurait permis le maintien d\u2019une forme d\u2019altruisme non \u00ab institutionnalis\u00e9 \u00bb par la soci\u00e9t\u00e9 et indispensable \u00e0 la survie des groupes. Ou encore la personnalit\u00e9 schizotypique, avec ses visions et hallucinations, aurait facilit\u00e9 la compr\u00e9hension de l\u2019\u00ab autre monde \u00bb, permettant d\u2019\u00e9viter \u00e0 chaque membre du groupe d\u2019affronter ces angoissants myst\u00e8res, et se serait ainsi pos\u00e9 comme pr\u00e9curseur de l\u2019homme religieux. (Pr\u00e9sentation de l\u2019\u00e9diteur)<\/p>\n<p>MIRIC D.<\/p>\n<p>Editions Mardaga<\/p>\n<p>2012-240p<\/p>\n<p>380gr<\/p>\n<p>ISBN\u00a0: 978-2-8047-0102-4<\/p>\n<p>Cote doc : 2-30-MIR-E<\/p>\n<span class=\"et_bloom_bottom_trigger\"><\/span>","protected":false},"excerpt":{"rendered":"<p>L\u2019homme a besoin d\u2019explications. Y compris sur ses propres comportements. Dans les pays occidentaux, les troubles de la personnalit\u00e9 touchent environ une personne sur dix. Pourquoi ces troubles, qui sont pour moiti\u00e9 sous influence g\u00e9n\u00e9tique, ont-ils persist\u00e9 dans le temps et n\u2019ont pas \u00e9t\u00e9 \u00e9limin\u00e9s au cours de l\u2019\u00e9volution humaine ? Y aurait-il eu, dans [&hellip;]<\/p>\n","protected":false},"featured_media":251,"comment_status":"open","ping_status":"closed","template":"","meta":{"_et_pb_use_builder":"","_et_pb_old_content":"","_et_gb_content_width":"","spay_email":""},"class_list":["post-252","product","type-product","status-publish","has-post-thumbnail","hentry","product_cat-livres","product_tag-evolution","product_tag-nevrose","product_tag-psychiatrie","product_tag-psychose","product_tag-schizophrenie","product_tag-toc","product_tag-trouble-de-la-personnalite","product_tag-trouble-neurologique"],"jetpack_sharing_enabled":true,"jetpack_likes_enabled":true,"_links":{"self":[{"href":"https:\/\/www.parthages.be\/eboutique\/wp-json\/wp\/v2\/product\/252","targetHints":{"allow":["GET"]}}],"collection":[{"href":"https:\/\/www.parthages.be\/eboutique\/wp-json\/wp\/v2\/product"}],"about":[{"href":"https:\/\/www.parthages.be\/eboutique\/wp-json\/wp\/v2\/types\/product"}],"replies":[{"embeddable":true,"href":"https:\/\/www.parthages.be\/eboutique\/wp-json\/wp\/v2\/comments?post=252"}],"wp:featuredmedia":[{"embeddable":true,"href":"https:\/\/www.parthages.be\/eboutique\/wp-json\/wp\/v2\/media\/251"}],"wp:attachment":[{"href":"https:\/\/www.parthages.be\/eboutique\/wp-json\/wp\/v2\/media?parent=252"}],"curies":[{"name":"wp","href":"https:\/\/api.w.org\/{rel}","templated":true}]}}