{"id":2522,"date":"2022-04-15T08:47:25","date_gmt":"2022-04-15T06:47:25","guid":{"rendered":"https:\/\/www.parthages.be\/eboutique\/?post_type=product&#038;p=2522"},"modified":"2022-04-15T08:47:26","modified_gmt":"2022-04-15T06:47:26","slug":"ton-silence-mappelle","status":"publish","type":"product","link":"https:\/\/www.parthages.be\/eboutique\/produit\/ton-silence-mappelle\/","title":{"rendered":"Ton silence m&rsquo;appelle"},"content":{"rendered":"<p>La soci\u00e9t\u00e9 occidentale a pris comme valeurs supr\u00eames l&rsquo;efficacit\u00e9, la recherche de l&rsquo;argent et du confort.\u00a0 Au-dessus de l&rsquo;amour de la\u00a0 personne humaine, des faibles, des pauvres, des handicap\u00e9s, elle a pr\u00f4n\u00e9 l&rsquo;amour de la culture, l&rsquo;aisance, les bienfaits d&rsquo;une vie digne et noble dans la soci\u00e9t\u00e9, une belle maison, une belle \u00e9ducation, une renomm\u00e9e sociale, en somme le succ\u00e8s. Pour se nourrir d&rsquo;une culture \u00e9go\u00efste et mat\u00e9rialiste, on a oubli\u00e9 l&rsquo;essentiel. (Pr\u00e9sentation de l\u2019\u00e9diteur)<\/p>\n<p>VANIER J.Luc Pire<\/p>\n<p>Editions Fleurus<\/p>\n<p>1971 -125p.<\/p>\n<p>Cote doc: 2-40-VAN-T<\/p>\n<p><strong><em>Uniquement \u00e0 la location<\/em><\/strong><\/p>\n<span class=\"et_bloom_bottom_trigger\"><\/span>","protected":false},"excerpt":{"rendered":"<p>La soci\u00e9t\u00e9 occidentale a pris comme valeurs supr\u00eames l&rsquo;efficacit\u00e9, la recherche de l&rsquo;argent et du confort.<\/p>\n","protected":false},"featured_media":2523,"comment_status":"closed","ping_status":"closed","template":"","meta":{"_et_pb_use_builder":"","_et_pb_old_content":"","_et_gb_content_width":"","spay_email":""},"class_list":["post-2522","product","type-product","status-publish","has-post-thumbnail","hentry","product_cat-livres","product_tag-amour","product_tag-analyse-sociologique","product_tag-christianisme","product_tag-deficience-intellectuelle","product_tag-pays-en-developpement","product_tag-pays-industrialise","product_tag-personne-handicapee","product_tag-societe","product_tag-spiritualite","product_tag-temoignage"],"jetpack_sharing_enabled":true,"jetpack_likes_enabled":true,"_links":{"self":[{"href":"https:\/\/www.parthages.be\/eboutique\/wp-json\/wp\/v2\/product\/2522","targetHints":{"allow":["GET"]}}],"collection":[{"href":"https:\/\/www.parthages.be\/eboutique\/wp-json\/wp\/v2\/product"}],"about":[{"href":"https:\/\/www.parthages.be\/eboutique\/wp-json\/wp\/v2\/types\/product"}],"replies":[{"embeddable":true,"href":"https:\/\/www.parthages.be\/eboutique\/wp-json\/wp\/v2\/comments?post=2522"}],"wp:featuredmedia":[{"embeddable":true,"href":"https:\/\/www.parthages.be\/eboutique\/wp-json\/wp\/v2\/media\/2523"}],"wp:attachment":[{"href":"https:\/\/www.parthages.be\/eboutique\/wp-json\/wp\/v2\/media?parent=2522"}],"curies":[{"name":"wp","href":"https:\/\/api.w.org\/{rel}","templated":true}]}}