{"id":2528,"date":"2022-04-15T09:11:13","date_gmt":"2022-04-15T07:11:13","guid":{"rendered":"https:\/\/www.parthages.be\/eboutique\/?post_type=product&#038;p=2528"},"modified":"2022-04-15T09:11:14","modified_gmt":"2022-04-15T07:11:14","slug":"ces-enfants-mongoliens","status":"publish","type":"product","link":"https:\/\/www.parthages.be\/eboutique\/produit\/ces-enfants-mongoliens\/","title":{"rendered":"Ces enfants \u00ab\u00a0mongoliens\u00a0\u00bb"},"content":{"rendered":"<p><strong>La r\u00e9ponse de l&rsquo;amour<\/strong><\/p>\n<p>Condamn\u00e9s \u00e0 mort. C&rsquo;est le sort promis aux enfants dont on diagnostique, avant la naissance, qu\u2019ils ont un chromosome de plus sur la paire 21. Et ce meurtre est rembours\u00e9 par la S\u00e9curit\u00e9 Sociale. Dans son enqu\u00eate, \u00abCes enfants mongoliens\u00bb, Jean Toulat d\u00e9nonce cet autre racisme qui pousse \u00e0 \u00e9liminer les sujets non conformes au mod\u00e8le de notre soci\u00e9t\u00e9 de consommation. Avec les progr\u00e8s de la d\u00e9tection ant\u00e9natale, cette s\u00e9lection eug\u00e9nique risque de s&rsquo;\u00e9largir \u00e0 d&rsquo;autres anomalies, voire \u00e0 des motifs de convenance. Face \u00e0 ces menaces, Jean Toulat montre la richesse cach\u00e9e des enfants trisomiques, ces surdou\u00e9s du c\u0153ur. A ceux qui seraient tent\u00e9s de les priver du droit \u00e0 la vie, les familles disent :\u00a0\u00bbNe les tuez pas. Confiez-les nous\u00a0\u00bb. Leurs t\u00e9moignages poignants constituent un vrai Livre d&rsquo;or. Ce livre est un cri d&rsquo;alarme, mais aussi un cri d&rsquo;esp\u00e9rance. (Pr\u00e9sentation de l\u2019\u00e9diteur)<\/p>\n<p>TOULAT J.<\/p>\n<p>Fayard<\/p>\n<p>1990-197p.<\/p>\n<p>ISBN: 2-213-02472-3<\/p>\n<p>Cote doc: 2-40-TOU-C<\/p>\n<p><strong><em>Uniquement \u00e0 la location<\/em><\/strong><\/p>\n<span class=\"et_bloom_bottom_trigger\"><\/span>","protected":false},"excerpt":{"rendered":"<p>Condamn\u00e9s \u00e0 mort. C&rsquo;est le sort promis aux enfants dont on diagnostique, avant la naissance, qu\u2019ils ont un chromosome de plus sur la paire 21.<\/p>\n","protected":false},"featured_media":2529,"comment_status":"closed","ping_status":"closed","template":"","meta":{"_et_pb_use_builder":"","_et_pb_old_content":"","_et_gb_content_width":"","spay_email":""},"class_list":["post-2528","product","type-product","status-publish","has-post-thumbnail","hentry","product_cat-livres","product_tag-adoption","product_tag-diagnostic-prenatal","product_tag-enfant","product_tag-enquete","product_tag-france","product_tag-handicap","product_tag-personne-handicapee","product_tag-temoignage","product_tag-trisomie-21"],"jetpack_sharing_enabled":true,"jetpack_likes_enabled":true,"_links":{"self":[{"href":"https:\/\/www.parthages.be\/eboutique\/wp-json\/wp\/v2\/product\/2528","targetHints":{"allow":["GET"]}}],"collection":[{"href":"https:\/\/www.parthages.be\/eboutique\/wp-json\/wp\/v2\/product"}],"about":[{"href":"https:\/\/www.parthages.be\/eboutique\/wp-json\/wp\/v2\/types\/product"}],"replies":[{"embeddable":true,"href":"https:\/\/www.parthages.be\/eboutique\/wp-json\/wp\/v2\/comments?post=2528"}],"wp:featuredmedia":[{"embeddable":true,"href":"https:\/\/www.parthages.be\/eboutique\/wp-json\/wp\/v2\/media\/2529"}],"wp:attachment":[{"href":"https:\/\/www.parthages.be\/eboutique\/wp-json\/wp\/v2\/media?parent=2528"}],"curies":[{"name":"wp","href":"https:\/\/api.w.org\/{rel}","templated":true}]}}