{"id":2530,"date":"2022-04-15T09:12:23","date_gmt":"2022-04-15T07:12:23","guid":{"rendered":"https:\/\/www.parthages.be\/eboutique\/?post_type=product&#038;p=2530"},"modified":"2022-04-15T09:12:24","modified_gmt":"2022-04-15T07:12:24","slug":"la-trisomie-21","status":"publish","type":"product","link":"https:\/\/www.parthages.be\/eboutique\/produit\/la-trisomie-21\/","title":{"rendered":"La trisomie 21"},"content":{"rendered":"<p><strong>Perspective historique sur son diagnostic et sa compr\u00e9hension <\/strong><\/p>\n<p>La trisomie 21, habituellement nomm\u00e9e syndrome de Down, mais qui en toute \u00e9quit\u00e9 historique devrait s\u2019appeler syndrome de Seguin-Down-Lejeune, est le mieux connu et un des plus fr\u00e9quents syndromes g\u00e9n\u00e9tiques cong\u00e9nitaux du handicap cognitif. Il touche plus de 500.000 personnes en Europe seulement. L\u2019incidence est sup\u00e9rieure \u00e0 celle de la fibrose cystique, dystrophie musculaire, et maladie de Huntington combin\u00e9es. Elle est dix fois sup\u00e9rieure \u00e0 celle du sida. L\u2019histoire scientifique de la trisomie 21, qui remonte \u00e0 la premi\u00e8re partie du XIXe si\u00e8cle est \u00e9difiante. Elle refl\u00e8te les ambig\u00fcit\u00e9s, les malentendus, les fausses pistes, et finalement les clarifications apport\u00e9es par la recherche des derni\u00e8res d\u00e9cennies. Si la situation actuelle des personnes porteuses d\u2019une trisomie 21 est meilleure que jamais dans nos pays, il s\u2019en faut de beaucoup qu\u2019elle soit satisfaisante en termes de droits, d\u2019insertion sociale et professionnelle, et de qualit\u00e9 de vie. De nouveaux espoirs se font jour avec une am\u00e9lioration des prises en charge et les perspectives encore \u00e9loign\u00e9es mais r\u00e9elles de th\u00e9rapie g\u00e9n\u00e9tique.<\/p>\n<p>Ce livre s\u2019adresse \u00e0 tous ceux qui, praticiens ou parents, d\u00e9sirent mieux comprendre l\u2019histoire m\u00e9dicale et sociale de la trisomie 21 et des personnes qui en sont atteintes. (Pr\u00e9sentation de l\u2019\u00e9diteur)<\/p>\n<p>RONDAL J.A.<\/p>\n<p>Editions Mardaga<\/p>\n<p>2010-104p-17\u20ac<\/p>\n<p>260gr<\/p>\n<p>ISBN: 978-2-8047-0042-3<\/p>\n<p>Cote doc:\u00a02-40-RON-T<\/p>\n<span class=\"et_bloom_bottom_trigger\"><\/span>","protected":false},"excerpt":{"rendered":"<p>La trisomie 21, habituellement nomm\u00e9e syndrome de Down, mais qui en toute \u00e9quit\u00e9 historique devrait s\u2019appeler syndrome de Seguin-Down-Lejeune, est le mieux connu et un des plus fr\u00e9quents syndromes g\u00e9n\u00e9tiques cong\u00e9nitaux du handicap cognitif.<\/p>\n","protected":false},"featured_media":2531,"comment_status":"closed","ping_status":"closed","template":"","meta":{"_et_pb_use_builder":"","_et_pb_old_content":"","_et_gb_content_width":"","spay_email":""},"class_list":["post-2530","product","type-product","status-publish","has-post-thumbnail","hentry","product_cat-livres","product_tag-diagnostic","product_tag-evolution","product_tag-historique","product_tag-integration-sociale","product_tag-maladie-genetique","product_tag-qualite-de-vie","product_tag-trisomie-21"],"jetpack_sharing_enabled":true,"jetpack_likes_enabled":true,"_links":{"self":[{"href":"https:\/\/www.parthages.be\/eboutique\/wp-json\/wp\/v2\/product\/2530","targetHints":{"allow":["GET"]}}],"collection":[{"href":"https:\/\/www.parthages.be\/eboutique\/wp-json\/wp\/v2\/product"}],"about":[{"href":"https:\/\/www.parthages.be\/eboutique\/wp-json\/wp\/v2\/types\/product"}],"replies":[{"embeddable":true,"href":"https:\/\/www.parthages.be\/eboutique\/wp-json\/wp\/v2\/comments?post=2530"}],"wp:featuredmedia":[{"embeddable":true,"href":"https:\/\/www.parthages.be\/eboutique\/wp-json\/wp\/v2\/media\/2531"}],"wp:attachment":[{"href":"https:\/\/www.parthages.be\/eboutique\/wp-json\/wp\/v2\/media?parent=2530"}],"curies":[{"name":"wp","href":"https:\/\/api.w.org\/{rel}","templated":true}]}}