{"id":254,"date":"2012-10-19T11:02:30","date_gmt":"2012-10-19T09:02:30","guid":{"rendered":"https:\/\/www.parthages.be\/wordpress\/produit\/principes-de-base-de-la-comptabilite\/"},"modified":"2021-08-09T10:13:49","modified_gmt":"2021-08-09T08:13:49","slug":"principes-de-base-de-la-comptabilite","status":"publish","type":"product","link":"https:\/\/www.parthages.be\/eboutique\/produit\/principes-de-base-de-la-comptabilite\/","title":{"rendered":"Principes de base de la comptabilit\u00e9"},"content":{"rendered":"<p>La comptabilit\u00e9 comme m\u00e9thode de travail est indispensable \u00e0 tout professionnel, mais elle ne sera appliqu\u00e9e correctement que si elle s\u2019\u00e9toffe d\u2019autres connaissances en mati\u00e8re de droit, civil ou commercial, comptable ou des soci\u00e9t\u00e9s, fiscal ou social, en mati\u00e8re d\u2019\u00e9conomie politique et surtout aujourd\u2019hui, en mati\u00e8re de langues. Ce sont ces fondements qui font la valeur du comptable ou de L\u2019expert-comptable, qu\u2019il soit salari\u00e9 ou ind\u00e9pendant.<\/p>\n<p>Tout \u00e9tudiant doit pouvoir acqu\u00e9rir ces connaissances et pouvoir les pratiquer dans l\u2019exercice de son apprentissage d\u2019abord, de sa profession ensuite. Or, force est de constater que certaines mati\u00e8res ne sont que survol\u00e9es alors qu\u2019elles font partie int\u00e9grante de la pratique journali\u00e8re de la profession. Plus pr\u00e9cis\u00e9ment, en mati\u00e8re de comptabilit\u00e9, le droit comptable, la jurisprudence et la doctrine sont une part importante de la connaissance de la comptabilit\u00e9. Nous avons voulu insister sur ces aspects en rappelant r\u00e9guli\u00e8rement la l\u00e9gislation comptable, les avis de la Commission des Normes Comptables et le lien qui doit n\u00e9cessairement exister entre ces mati\u00e8res et les autres mati\u00e8res tels le droit civil, commercial ou des soci\u00e9t\u00e9s. (Pr\u00e9sentation de l\u2019\u00e9diteur)<\/p>\n<p>PAQUET M-J.<\/p>\n<p>Edipro<\/p>\n<p>2012-528p<\/p>\n<p>ISBN\u00a0: 978-2-87496-225-7<\/p>\n<p>Cote doc\u00a0: 8-20-PAQ-P<\/p>\n<span class=\"et_bloom_bottom_trigger\"><\/span>","protected":false},"excerpt":{"rendered":"<p>La comptabilit\u00e9 comme m\u00e9thode de travail est indispensable \u00e0 tout professionnel, mais elle ne sera appliqu\u00e9e correctement que si elle s\u2019\u00e9toffe d\u2019autres connaissances en mati\u00e8re de droit, civil ou commercial, comptable ou des soci\u00e9t\u00e9s, fiscal ou social, en mati\u00e8re d\u2019\u00e9conomie politique et surtout aujourd\u2019hui, en mati\u00e8re de langues.<\/p>\n","protected":false},"featured_media":253,"comment_status":"open","ping_status":"closed","template":"","meta":{"_et_pb_use_builder":"","_et_pb_old_content":"","_et_gb_content_width":"","spay_email":""},"class_list":["post-254","product","type-product","status-publish","has-post-thumbnail","hentry","product_cat-livres","product_tag-comptabilite","product_tag-droit","product_tag-jurisprudence","product_tag-methodologie"],"jetpack_sharing_enabled":true,"jetpack_likes_enabled":true,"_links":{"self":[{"href":"https:\/\/www.parthages.be\/eboutique\/wp-json\/wp\/v2\/product\/254","targetHints":{"allow":["GET"]}}],"collection":[{"href":"https:\/\/www.parthages.be\/eboutique\/wp-json\/wp\/v2\/product"}],"about":[{"href":"https:\/\/www.parthages.be\/eboutique\/wp-json\/wp\/v2\/types\/product"}],"replies":[{"embeddable":true,"href":"https:\/\/www.parthages.be\/eboutique\/wp-json\/wp\/v2\/comments?post=254"}],"wp:featuredmedia":[{"embeddable":true,"href":"https:\/\/www.parthages.be\/eboutique\/wp-json\/wp\/v2\/media\/253"}],"wp:attachment":[{"href":"https:\/\/www.parthages.be\/eboutique\/wp-json\/wp\/v2\/media?parent=254"}],"curies":[{"name":"wp","href":"https:\/\/api.w.org\/{rel}","templated":true}]}}