{"id":2548,"date":"2022-04-15T09:23:34","date_gmt":"2022-04-15T07:23:34","guid":{"rendered":"https:\/\/www.parthages.be\/eboutique\/?post_type=product&#038;p=2548"},"modified":"2022-04-15T09:23:35","modified_gmt":"2022-04-15T07:23:35","slug":"handicap-mental-prevention-et-accueil","status":"publish","type":"product","link":"https:\/\/www.parthages.be\/eboutique\/produit\/handicap-mental-prevention-et-accueil\/","title":{"rendered":"Handicap mental : pr\u00e9vention et accueil"},"content":{"rendered":"<p>Comment rencontrer la personne pr\u00e9sentant un handicap mental ? Comment d\u00e9couvrir sa richesse et partager ses peines ? Avec quelle cl\u00e9 d\u00e9celer son d\u00e9sir et ses craintes, son angoisse profonde ? Comme faire face \u00e0 sa r\u00e9volte ? Quelles sont les nouvelles voies de pr\u00e9vention ? Toutes ces questions sont abord\u00e9es dans cet ouvrage issu de l&rsquo;exp\u00e9rience &#8211; d\u00e9j\u00e0 longue &#8211; d&rsquo;un groupe interdisciplinaire de sp\u00e9cialistes du handicap mental : les auteurs &#8211; des m\u00e9decins, psychologues, p\u00e9dagogues et sp\u00e9cialistes du handicap mental, de l&rsquo;autisme et de la surdit\u00e9 &#8211; apportent des r\u00e9ponses originales, des propositions th\u00e9rapeutiques, ainsi que de nouvelles approches p\u00e9dagogiques. Cet ouvrage est destin\u00e9 aux psychologues et p\u00e9dagogues, m\u00e9decins, enseignants, \u00e9ducateurs, sp\u00e9cialistes du d\u00e9veloppement, assistants sociaux, orthophonistes et kin\u00e9sith\u00e9rapeutes. Il int\u00e9ressera \u00e9galement les familles d&rsquo;enfants pr\u00e9sentant un handicap mental. (Pr\u00e9sentation de l\u2019\u00e9diteur)<\/p>\n<p>JONCKHEERE P.- SALBREUX R.- ROSS N.<\/p>\n<p>Editions De Boeck Universit\u00e9<\/p>\n<p>2007-298p.<\/p>\n<p>ISBN\u00a0: 978-2-8041-5377-9<\/p>\n<p>Cote doc\u00a0: 2-40-JON-H<\/p>\n<p><strong><em>Uniquement \u00e0 la location<\/em><\/strong><\/p>\n<span class=\"et_bloom_bottom_trigger\"><\/span>","protected":false},"excerpt":{"rendered":"<p>Comment rencontrer la personne pr\u00e9sentant un handicap mental ? Comment d\u00e9couvrir sa richesse et partager ses peines ?<\/p>\n","protected":false},"featured_media":2549,"comment_status":"closed","ping_status":"closed","template":"","meta":{"_et_pb_use_builder":"","_et_pb_old_content":"","_et_gb_content_width":"","spay_email":""},"class_list":["post-2548","product","type-product","status-publish","has-post-thumbnail","hentry","product_cat-livres","product_tag-autisme","product_tag-deficience-sensorielle","product_tag-enfant","product_tag-epidemiologie","product_tag-ethique","product_tag-famille","product_tag-handicap-mental","product_tag-pedagogie","product_tag-prevention","product_tag-psychologie","product_tag-soins","product_tag-therapeutique","product_tag-vie-affective"],"jetpack_sharing_enabled":true,"jetpack_likes_enabled":true,"_links":{"self":[{"href":"https:\/\/www.parthages.be\/eboutique\/wp-json\/wp\/v2\/product\/2548","targetHints":{"allow":["GET"]}}],"collection":[{"href":"https:\/\/www.parthages.be\/eboutique\/wp-json\/wp\/v2\/product"}],"about":[{"href":"https:\/\/www.parthages.be\/eboutique\/wp-json\/wp\/v2\/types\/product"}],"replies":[{"embeddable":true,"href":"https:\/\/www.parthages.be\/eboutique\/wp-json\/wp\/v2\/comments?post=2548"}],"wp:featuredmedia":[{"embeddable":true,"href":"https:\/\/www.parthages.be\/eboutique\/wp-json\/wp\/v2\/media\/2549"}],"wp:attachment":[{"href":"https:\/\/www.parthages.be\/eboutique\/wp-json\/wp\/v2\/media?parent=2548"}],"curies":[{"name":"wp","href":"https:\/\/api.w.org\/{rel}","templated":true}]}}