{"id":2560,"date":"2022-04-15T09:32:11","date_gmt":"2022-04-15T07:32:11","guid":{"rendered":"https:\/\/www.parthages.be\/eboutique\/?post_type=product&#038;p=2560"},"modified":"2022-04-15T09:32:12","modified_gmt":"2022-04-15T07:32:12","slug":"le-chien","status":"publish","type":"product","link":"https:\/\/www.parthages.be\/eboutique\/produit\/le-chien\/","title":{"rendered":"Le chien"},"content":{"rendered":"<p><strong><em>Un conte du chat perch\u00e9<\/em><\/strong><\/p>\n<p>Au d\u00e9tour d&rsquo;un chemin, en revenant des courses, Delphine et Marinette bousculent un chien maladroit et s&rsquo;aper\u00e7oivent qu&rsquo;il est aveugle. Les deux petites filles se laissent attendrir par l&rsquo;animal infirme et le prennent sous leur protection. Ce nouveau compagnon sera-t-il du go\u00fbt des parents et du chat ? (Pr\u00e9sentation de l\u2019\u00e9diteur)<\/p>\n<p>AYM\u00c9 M.- SABATIER R. &amp;C.<\/p>\n<p>Folio cadet<\/p>\n<p>2002-64p<\/p>\n<p>ISBN\u00a0: 2-07-053892-3<\/p>\n<p>Cote doc\u00a0: 11-AYM-C<\/p>\n<p><strong><em>Uniquement \u00e0 la location<\/em><\/strong><\/p>\n<span class=\"et_bloom_bottom_trigger\"><\/span>","protected":false},"excerpt":{"rendered":"<p>Un conte du chat perch\u00e9 Au d\u00e9tour d&rsquo;un chemin, en revenant des courses, Delphine et Marinette bousculent un chien maladroit et s&rsquo;aper\u00e7oivent qu&rsquo;il est aveugle. Les deux petites filles se laissent attendrir par l&rsquo;animal infirme et le prennent sous leur protection. Ce nouveau compagnon sera-t-il du go\u00fbt des parents et du chat ? (Pr\u00e9sentation de [&hellip;]<\/p>\n","protected":false},"featured_media":2561,"comment_status":"closed","ping_status":"closed","template":"","meta":{"_et_pb_use_builder":"","_et_pb_old_content":"","_et_gb_content_width":"","spay_email":""},"class_list":["post-2560","product","type-product","status-publish","has-post-thumbnail","hentry","product_cat-livres","product_cat-livres-jeunesse","product_tag-difference","product_tag-inclusion","product_tag-jeunesse"],"jetpack_sharing_enabled":true,"jetpack_likes_enabled":true,"_links":{"self":[{"href":"https:\/\/www.parthages.be\/eboutique\/wp-json\/wp\/v2\/product\/2560","targetHints":{"allow":["GET"]}}],"collection":[{"href":"https:\/\/www.parthages.be\/eboutique\/wp-json\/wp\/v2\/product"}],"about":[{"href":"https:\/\/www.parthages.be\/eboutique\/wp-json\/wp\/v2\/types\/product"}],"replies":[{"embeddable":true,"href":"https:\/\/www.parthages.be\/eboutique\/wp-json\/wp\/v2\/comments?post=2560"}],"wp:featuredmedia":[{"embeddable":true,"href":"https:\/\/www.parthages.be\/eboutique\/wp-json\/wp\/v2\/media\/2561"}],"wp:attachment":[{"href":"https:\/\/www.parthages.be\/eboutique\/wp-json\/wp\/v2\/media?parent=2560"}],"curies":[{"name":"wp","href":"https:\/\/api.w.org\/{rel}","templated":true}]}}