{"id":2562,"date":"2022-04-15T09:33:17","date_gmt":"2022-04-15T07:33:17","guid":{"rendered":"https:\/\/www.parthages.be\/eboutique\/?post_type=product&#038;p=2562"},"modified":"2022-04-15T09:33:18","modified_gmt":"2022-04-15T07:33:18","slug":"bizarre-bizarre","status":"publish","type":"product","link":"https:\/\/www.parthages.be\/eboutique\/produit\/bizarre-bizarre\/","title":{"rendered":"Bizarre, bizarre"},"content":{"rendered":"<p>\u00c0 l&rsquo;\u00e9cole, F\u00e9lix a un nouveau ma\u00eetre, il est anglais et additionne les id\u00e9es \u00e9tranges. Aujourd&rsquo;hui, il faut \u00e9crire dans le cahier de textes : \u00ab Pour mardi, apportez une bizarrerie. \u00bb Une bizarrerie ? F\u00e9lix se creuse la t\u00eate mais ne trouve rien \u00e0 apporter. Il commence alors \u00e0 regarder autour de lui : sa maison, ses parents, sa s\u0153ur. Tout est parfaitement normal. Peut-\u00eatre m\u00eame trop normal ? Audren \u00e0 propos de son livre : \u00ab Taylor, c&rsquo;est un peu moi, avoue Audren. Si j&rsquo;\u00e9tais institutrice, je proposerais certainement des concours de bizarrerie \u00e0 mes \u00e9l\u00e8ves ! \u00bb (Pr\u00e9sentation de l\u2019\u00e9diteur)<\/p>\n<p>AUDREN<\/p>\n<p>Ecole des Loisirs<\/p>\n<p>2008-52p.<\/p>\n<p>ISBN\u00a0: 978-2-211-092642-3<\/p>\n<p>Cote doc\u00a0: 11-AUD-B<\/p>\n<p><strong><em>Uniquement \u00e0 la location<\/em><\/strong><\/p>\n<span class=\"et_bloom_bottom_trigger\"><\/span>","protected":false},"excerpt":{"rendered":"<p>\u00c0 l&rsquo;\u00e9cole, F\u00e9lix a un nouveau ma\u00eetre, il est anglais et additionne les id\u00e9es \u00e9tranges. Aujourd&rsquo;hui, il faut \u00e9crire dans le cahier de textes : \u00ab Pour mardi, apportez une bizarrerie. \u00bb Une bizarrerie ?<\/p>\n","protected":false},"featured_media":2563,"comment_status":"closed","ping_status":"closed","template":"","meta":{"_et_pb_use_builder":"","_et_pb_old_content":"","_et_gb_content_width":"","spay_email":""},"class_list":["post-2562","product","type-product","status-publish","has-post-thumbnail","hentry","product_cat-livres","product_cat-livres-jeunesse","product_tag-difference","product_tag-inclusion","product_tag-jeunesse"],"jetpack_sharing_enabled":true,"jetpack_likes_enabled":true,"_links":{"self":[{"href":"https:\/\/www.parthages.be\/eboutique\/wp-json\/wp\/v2\/product\/2562","targetHints":{"allow":["GET"]}}],"collection":[{"href":"https:\/\/www.parthages.be\/eboutique\/wp-json\/wp\/v2\/product"}],"about":[{"href":"https:\/\/www.parthages.be\/eboutique\/wp-json\/wp\/v2\/types\/product"}],"replies":[{"embeddable":true,"href":"https:\/\/www.parthages.be\/eboutique\/wp-json\/wp\/v2\/comments?post=2562"}],"wp:featuredmedia":[{"embeddable":true,"href":"https:\/\/www.parthages.be\/eboutique\/wp-json\/wp\/v2\/media\/2563"}],"wp:attachment":[{"href":"https:\/\/www.parthages.be\/eboutique\/wp-json\/wp\/v2\/media?parent=2562"}],"curies":[{"name":"wp","href":"https:\/\/api.w.org\/{rel}","templated":true}]}}