{"id":2564,"date":"2022-04-15T09:34:09","date_gmt":"2022-04-15T07:34:09","guid":{"rendered":"https:\/\/www.parthages.be\/eboutique\/?post_type=product&#038;p=2564"},"modified":"2022-04-15T09:34:10","modified_gmt":"2022-04-15T07:34:10","slug":"un-poisson-dans-le-cartable","status":"publish","type":"product","link":"https:\/\/www.parthages.be\/eboutique\/produit\/un-poisson-dans-le-cartable\/","title":{"rendered":"Un poisson dans le cartable"},"content":{"rendered":"<p>Aujourd&rsquo;hui, chaque \u00e9l\u00e8ve apporte un poisson rouge en classe. Celui de L\u00e9o est tout jaune et tout petit&#8230; Tout le monde se moque de lui, bouh ! Heureusement, la ma\u00eetresse a plus d&rsquo;un tour dans son cartable? (Pr\u00e9sentation de l\u2019\u00e9diteur)<\/p>\n<p>ABRAHAM V.- DIEMUNSCH P.<\/p>\n<p>Milan<\/p>\n<p>2008-24p.<\/p>\n<p>ISBN\u00a0: 978-2-7459-3555-7<\/p>\n<p>Cote doc\u00a0: 11-ABR-S<\/p>\n<p><strong><em>Uniquement \u00e0 la location<\/em><\/strong><\/p>\n<span class=\"et_bloom_bottom_trigger\"><\/span>","protected":false},"excerpt":{"rendered":"<p>Aujourd&rsquo;hui, chaque \u00e9l\u00e8ve apporte un poisson rouge en classe.<\/p>\n","protected":false},"featured_media":2565,"comment_status":"closed","ping_status":"closed","template":"","meta":{"_et_pb_use_builder":"","_et_pb_old_content":"","_et_gb_content_width":"","spay_email":""},"class_list":["post-2564","product","type-product","status-publish","has-post-thumbnail","hentry","product_cat-livres","product_cat-livres-jeunesse","product_tag-difference","product_tag-inclusion","product_tag-jeunesse"],"jetpack_sharing_enabled":true,"jetpack_likes_enabled":true,"_links":{"self":[{"href":"https:\/\/www.parthages.be\/eboutique\/wp-json\/wp\/v2\/product\/2564","targetHints":{"allow":["GET"]}}],"collection":[{"href":"https:\/\/www.parthages.be\/eboutique\/wp-json\/wp\/v2\/product"}],"about":[{"href":"https:\/\/www.parthages.be\/eboutique\/wp-json\/wp\/v2\/types\/product"}],"replies":[{"embeddable":true,"href":"https:\/\/www.parthages.be\/eboutique\/wp-json\/wp\/v2\/comments?post=2564"}],"wp:featuredmedia":[{"embeddable":true,"href":"https:\/\/www.parthages.be\/eboutique\/wp-json\/wp\/v2\/media\/2565"}],"wp:attachment":[{"href":"https:\/\/www.parthages.be\/eboutique\/wp-json\/wp\/v2\/media?parent=2564"}],"curies":[{"name":"wp","href":"https:\/\/api.w.org\/{rel}","templated":true}]}}