{"id":2566,"date":"2022-04-15T09:35:43","date_gmt":"2022-04-15T07:35:43","guid":{"rendered":"https:\/\/www.parthages.be\/eboutique\/?post_type=product&#038;p=2566"},"modified":"2022-04-15T09:35:44","modified_gmt":"2022-04-15T07:35:44","slug":"les-enfants-de-la-joie","status":"publish","type":"product","link":"https:\/\/www.parthages.be\/eboutique\/produit\/les-enfants-de-la-joie\/","title":{"rendered":"Les enfants de la joie"},"content":{"rendered":"<p>C&rsquo;est au c\u0153ur du Morvan, dans une grande maison \u00ab\u00a0la Sauvagine\u00a0\u00bb que se sont install\u00e9s un couple Claudette Combes et son mari en 1975; outre leur propre fils, ils avaient d\u00e9j\u00e0 adopt\u00e9 4 enfants. Depuis, 11 autres sont venus les rejoindre, tous adopt\u00e9s. Ils d\u00e9barquaient d&rsquo;Afrique noire, de Cor\u00e9e, du Vietnam, d&rsquo;Alg\u00e9rie, de la R\u00e9union, de l&rsquo;Inde, de France aussi. Ils avaient tous en commun la souffrance dans leur corps et au c\u0153ur cette blessure : ils avaient \u00e9t\u00e9 rejet\u00e9s. Ils ont trouv\u00e9 \u00e0 la \u00ab\u00a0Sauvagine\u00a0\u00bb une m\u00e8re et un p\u00e8re, des fr\u00e8res et des s\u0153urs, et parce que dans cette maison tout est Amour, un nouveau pr\u00e9nom, qui commence par A&#8230; (Pr\u00e9sentation de l\u2019\u00e9diteur)<\/p>\n<p>COMBES C.<\/p>\n<p>Robert Laffont<\/p>\n<p>1972-212p.<\/p>\n<p>ISBN: 2-221-00277-6<\/p>\n<p>Cote doc: 2-40-COM-E<\/p>\n<p><strong><em>Uniquement \u00e0 la location<\/em><\/strong><\/p>\n<span class=\"et_bloom_bottom_trigger\"><\/span>","protected":false},"excerpt":{"rendered":"<p>C&rsquo;est au c\u0153ur du Morvan, dans une grande maison \u00ab\u00a0la Sauvagine\u00a0\u00bb que se sont install\u00e9s un couple Claudette Combes et son mari en 1975; outre leur propre fils, ils avaient d\u00e9j\u00e0 adopt\u00e9 4 enfants.<\/p>\n","protected":false},"featured_media":2567,"comment_status":"closed","ping_status":"closed","template":"","meta":{"_et_pb_use_builder":"","_et_pb_old_content":"","_et_gb_content_width":"","spay_email":""},"class_list":["post-2566","product","type-product","status-publish","has-post-thumbnail","hentry","product_cat-livres","product_tag-adoption","product_tag-amour","product_tag-enfant","product_tag-france","product_tag-logement","product_tag-orphelin","product_tag-souffrance","product_tag-temoignage","product_tag-violence"],"jetpack_sharing_enabled":true,"jetpack_likes_enabled":true,"_links":{"self":[{"href":"https:\/\/www.parthages.be\/eboutique\/wp-json\/wp\/v2\/product\/2566","targetHints":{"allow":["GET"]}}],"collection":[{"href":"https:\/\/www.parthages.be\/eboutique\/wp-json\/wp\/v2\/product"}],"about":[{"href":"https:\/\/www.parthages.be\/eboutique\/wp-json\/wp\/v2\/types\/product"}],"replies":[{"embeddable":true,"href":"https:\/\/www.parthages.be\/eboutique\/wp-json\/wp\/v2\/comments?post=2566"}],"wp:featuredmedia":[{"embeddable":true,"href":"https:\/\/www.parthages.be\/eboutique\/wp-json\/wp\/v2\/media\/2567"}],"wp:attachment":[{"href":"https:\/\/www.parthages.be\/eboutique\/wp-json\/wp\/v2\/media?parent=2566"}],"curies":[{"name":"wp","href":"https:\/\/api.w.org\/{rel}","templated":true}]}}