{"id":2576,"date":"2022-04-15T09:45:06","date_gmt":"2022-04-15T07:45:06","guid":{"rendered":"https:\/\/www.parthages.be\/eboutique\/?post_type=product&#038;p=2576"},"modified":"2022-04-15T09:45:07","modified_gmt":"2022-04-15T07:45:07","slug":"mon-enfant-au-tambour","status":"publish","type":"product","link":"https:\/\/www.parthages.be\/eboutique\/produit\/mon-enfant-au-tambour\/","title":{"rendered":"Mon enfant au tambour"},"content":{"rendered":"<p>Et pourtant le sujet, \u00e0 premi\u00e8re vue, ne le laissait gu\u00e8re pr\u00e9sager : un petit enfant, atteint de mongolisme, a fait son entr\u00e9e dans une famille o\u00f9 tout se passait normalement, et ce drame intime va bouleverser le cours des choses. Comment accepter-ou refuser ? La tendresse prend le dessus, l&rsquo;amour invente les bonnes solutions, engage finalement les parents sur la voie de leur propre accomplissement par le don de leur sourire. Christophe, l&rsquo;enfant handicap\u00e9, \u00e0 son tour va donner \u00e0 ses proches plus qu&rsquo;il n&rsquo;a re\u00e7u- \u00a0jusqu\u2019 \u00e0 la fin. Dans sa pr\u00e9face, Marcel L\u00e9gaut \u00e9crit : \u00ab\u00a0C&rsquo;est \u00e0 la lumi\u00e8re qui rayonne de la mort d&rsquo;un \u00eatre aim\u00e9 que l&rsquo;on comprend d&rsquo;une fa\u00e7on renouvel\u00e9e tout ce qu&rsquo;il a v\u00e9cu, tout ce qu&rsquo;il a \u00e9t\u00e9 pour chacun de ceux qui l&rsquo;ont suffisamment connu pour qu&rsquo;il entre dans la vie. Ce livre est l&rsquo;illustration particuli\u00e8rement sentie et \u00e9mouvante de ce \u00ab\u00a0ressouvenir&#8230;\u00a0\u00bb A une \u00e9poque o\u00f9 tant de valeurs respectables sont mises en question, \u00ab\u00a0Mon enfant au tambour \u00abapporte un souffle d&rsquo;esp\u00e9rance et, n&rsquo;ayons pas peur de dire : une bouff\u00e9e de joie.(Pr\u00e9sentation de l\u2019\u00e9diteur)<\/p>\n<p>NOLET DE BRAUWERE J.<\/p>\n<p>Nouvelles Editions Mame<\/p>\n<p>1980-215p.<\/p>\n<p>Cote doc : 2-40-BRA-M<\/p>\n<p><strong><em>Uniquement \u00e0 la location<\/em><\/strong><\/p>\n<span class=\"et_bloom_bottom_trigger\"><\/span>","protected":false},"excerpt":{"rendered":"<p>Et pourtant le sujet, \u00e0 premi\u00e8re vue, ne le laissait gu\u00e8re pr\u00e9sager : un petit enfant, atteint de mongolisme, a fait son entr\u00e9e dans une famille o\u00f9 tout se passait normalement, et ce drame intime va bouleverser le cours des choses.<\/p>\n","protected":false},"featured_media":2577,"comment_status":"closed","ping_status":"closed","template":"","meta":{"_et_pb_use_builder":"","_et_pb_old_content":"","_et_gb_content_width":"","spay_email":""},"class_list":["post-2576","product","type-product","status-publish","has-post-thumbnail","hentry","product_cat-livres","product_tag-belgique","product_tag-christianisme","product_tag-ecole","product_tag-enfant","product_tag-famille","product_tag-handicap","product_tag-litterature","product_tag-personne-handicapee","product_tag-relation-parent-enfant","product_tag-spiritualite","product_tag-trisomie-21","product_tag-vacances"],"jetpack_sharing_enabled":true,"jetpack_likes_enabled":true,"_links":{"self":[{"href":"https:\/\/www.parthages.be\/eboutique\/wp-json\/wp\/v2\/product\/2576","targetHints":{"allow":["GET"]}}],"collection":[{"href":"https:\/\/www.parthages.be\/eboutique\/wp-json\/wp\/v2\/product"}],"about":[{"href":"https:\/\/www.parthages.be\/eboutique\/wp-json\/wp\/v2\/types\/product"}],"replies":[{"embeddable":true,"href":"https:\/\/www.parthages.be\/eboutique\/wp-json\/wp\/v2\/comments?post=2576"}],"wp:featuredmedia":[{"embeddable":true,"href":"https:\/\/www.parthages.be\/eboutique\/wp-json\/wp\/v2\/media\/2577"}],"wp:attachment":[{"href":"https:\/\/www.parthages.be\/eboutique\/wp-json\/wp\/v2\/media?parent=2576"}],"curies":[{"name":"wp","href":"https:\/\/api.w.org\/{rel}","templated":true}]}}