{"id":2589,"date":"2022-05-16T18:14:22","date_gmt":"2022-05-16T16:14:22","guid":{"rendered":"https:\/\/www.parthages.be\/eboutique\/?post_type=product&#038;p=2589"},"modified":"2022-05-16T18:16:48","modified_gmt":"2022-05-16T16:16:48","slug":"un-couple-ordinaire-an-2000","status":"publish","type":"product","link":"https:\/\/www.parthages.be\/eboutique\/produit\/un-couple-ordinaire-an-2000\/","title":{"rendered":"Un couple ordinaire an 2000"},"content":{"rendered":"<p>Vie et mort d\u2019un couple (presque) ordinaire. Mort, vraiment\u2009?<\/p>\n<p>Oui, ils sont des gar\u00e7ons. Enfin, de jeunes hommes et ils vivent ensemble. S\u2019aiment\u2009? Il faut rajouter ce verbe\u2009? Normalement, lorsque deux \u00eatres vivent ensemble, ils s\u2019aiment en parlant sens commun, non\u2009?<\/p>\n<p>Phil\u2019 est plein de vie et Gilles moins, cependant qu\u2019il a le c\u0153ur sur la main. Les engourdissements dans les jambes. \u00ab\u2009: \u00c7a\u2009:\u00bb commence souvent comme \u00e7a. Le stress amplifie-t-il cette terrible maladie de plus en plus invalidante (ni le Sida, ni un cancer)\u2009? En tout cas, d\u2019\u00eatre \u00e0 vif, sur les nerfs, d\u2019avoir le poids du monde int\u00e9gralement, \u00e0 son \u00e9chelle et sur ses \u00e9paules, n\u2019arrange rien. Et Phil\u2019 rit et respire et sert son compagnon sans jamais le desservir\u2009: ils sont bien ensemble, on vous dit\u2009!<\/p>\n<p>D\u2019\u00eatre malade emp\u00eacherait-il d\u2019avoir de l\u2019amour-propre\u2009? Ou devrait l\u2019emp\u00eacher\u2009? Question. Et question qui n\u2019effleure aucunement l\u2019esprit rest\u00e9 vif de l\u2019un. Et qui tient \u00e0 ses pr\u00e9rogatives d\u2019homme entier. \u00c0 l\u2019int\u00e9rieur de lui et pour l\u2019ext\u00e9rieur. (Pr\u00e9sentation de l\u2019\u00e9diteur)<\/p>\n<p>&nbsp;<\/p>\n<p>LE DOEUFF L.<\/p>\n<p>\u00c9ditions Ma\u00efa<\/p>\n<p>2020- 17\u20ac<\/p>\n<p>350gr<\/p>\n<p>ISBN\u00a0: 978-2-37916-409-5<\/p>\n<p>Cote doc\u00a0: 4-20-LED-C<\/p>\n<p><strong><em>Uniquement \u00e0 la vente ou \u00e0 consulter sur place<\/em><\/strong><\/p>\n<span class=\"et_bloom_bottom_trigger\"><\/span>","protected":false},"excerpt":{"rendered":"<p>Vie et mort d\u2019un couple (presque) ordinaire. Mort, vraiment\u2009? Oui, ils sont des gar\u00e7ons. Enfin, de jeunes hommes et ils vivent ensemble. S\u2019aiment\u2009? Il faut rajouter ce verbe\u2009? Normalement, lorsque deux \u00eatres vivent ensemble, ils s\u2019aiment en parlant sens commun, non\u2009? Phil\u2019 est plein de vie et Gilles moins, cependant qu\u2019il a le c\u0153ur sur [&hellip;]<\/p>\n","protected":false},"featured_media":2590,"comment_status":"closed","ping_status":"closed","template":"","meta":{"_et_pb_use_builder":"","_et_pb_old_content":"","_et_gb_content_width":"","spay_email":""},"class_list":["post-2589","product","type-product","status-publish","has-post-thumbnail","hentry","product_cat-livres","product_tag-couple","product_tag-homosexualite","product_tag-liberte","product_tag-maladie","product_tag-personne-handicapee","product_tag-sclerose-en-plaque","product_tag-sexualite"],"jetpack_sharing_enabled":true,"jetpack_likes_enabled":true,"_links":{"self":[{"href":"https:\/\/www.parthages.be\/eboutique\/wp-json\/wp\/v2\/product\/2589","targetHints":{"allow":["GET"]}}],"collection":[{"href":"https:\/\/www.parthages.be\/eboutique\/wp-json\/wp\/v2\/product"}],"about":[{"href":"https:\/\/www.parthages.be\/eboutique\/wp-json\/wp\/v2\/types\/product"}],"replies":[{"embeddable":true,"href":"https:\/\/www.parthages.be\/eboutique\/wp-json\/wp\/v2\/comments?post=2589"}],"wp:featuredmedia":[{"embeddable":true,"href":"https:\/\/www.parthages.be\/eboutique\/wp-json\/wp\/v2\/media\/2590"}],"wp:attachment":[{"href":"https:\/\/www.parthages.be\/eboutique\/wp-json\/wp\/v2\/media?parent=2589"}],"curies":[{"name":"wp","href":"https:\/\/api.w.org\/{rel}","templated":true}]}}