{"id":2591,"date":"2022-05-16T18:15:48","date_gmt":"2022-05-16T16:15:48","guid":{"rendered":"https:\/\/www.parthages.be\/eboutique\/?post_type=product&#038;p=2591"},"modified":"2022-05-16T18:16:55","modified_gmt":"2022-05-16T16:16:55","slug":"stress-et-anxiete-strategies-et-techniques-pour-les-gerer","status":"publish","type":"product","link":"https:\/\/www.parthages.be\/eboutique\/produit\/stress-et-anxiete-strategies-et-techniques-pour-les-gerer\/","title":{"rendered":"Stress et Anxi\u00e9t\u00e9. Strat\u00e9gies et techniques pour les g\u00e9rer."},"content":{"rendered":"<p>D\u2019o\u00f9 proviennent le stress et l\u2019anxi\u00e9t\u00e9 ? Comment affectent-ils votre vie ? Qu\u2019est-ce qui vous rend plus vuln\u00e9rable ? Vos r\u00e9actions \u00e0 ces \u00e9motions sont-elles normales ? D\u00e9couvrez comment mettre en place des strat\u00e9gies pr\u00e9ventives pour d\u00e9velopper votre r\u00e9sistance. \u00c0 l\u2019aide de techniques \u00e9prouv\u00e9es, vous parviendrez \u00e0 : mieux organiser votre temps ; changer votre vision des choses ; augmenter votre capacit\u00e9 d\u2019affirmation ; rehausser votre estime de vous-m\u00eame ; bien vous entourer ; maintenir un bel \u00e9quilibre dans votre vie&#8230;. Vous \u00eates le capitaine de votre navire. Vous pouvez emp\u00eacher le stress et l\u2019anxi\u00e9t\u00e9 de vous faire sombrer\u00a0! (Pr\u00e9sentation de l\u2019\u00e9diteur)<\/p>\n<p>H\u00c9BERT A.<\/p>\n<p>Editions de Mortagne<\/p>\n<p>2020-182p.-20\u20ac<\/p>\n<p>237gr<\/p>\n<p>ISBN\u00a0: 978-2-89792-169-9<\/p>\n<p>Cote doc\u00a0: 3-30-HEB-S<\/p>\n<span class=\"et_bloom_bottom_trigger\"><\/span>","protected":false},"excerpt":{"rendered":"<p>D\u2019o\u00f9 proviennent le stress et l\u2019anxi\u00e9t\u00e9 ? Comment affectent-ils votre vie ? Qu\u2019est-ce qui vous rend plus vuln\u00e9rable ? Vos r\u00e9actions \u00e0 ces \u00e9motions sont-elles normales ? D\u00e9couvrez comment mettre en place des strat\u00e9gies pr\u00e9ventives pour d\u00e9velopper votre r\u00e9sistance. \u00c0 l\u2019aide de techniques \u00e9prouv\u00e9es, vous parviendrez \u00e0 : mieux organiser votre temps ; changer votre [&hellip;]<\/p>\n","protected":false},"featured_media":2592,"comment_status":"closed","ping_status":"closed","template":"","meta":{"_et_pb_use_builder":"","_et_pb_old_content":"","_et_gb_content_width":"","spay_email":""},"class_list":["post-2591","product","type-product","status-publish","has-post-thumbnail","hentry","product_cat-livres","product_tag-anxiete","product_tag-estime-de-soi","product_tag-gestion-de-soi","product_tag-qualite-de-vie","product_tag-strategie","product_tag-stress","product_tag-technique-de-developpement-personnel","product_tag-temoignage"],"jetpack_sharing_enabled":true,"jetpack_likes_enabled":true,"_links":{"self":[{"href":"https:\/\/www.parthages.be\/eboutique\/wp-json\/wp\/v2\/product\/2591","targetHints":{"allow":["GET"]}}],"collection":[{"href":"https:\/\/www.parthages.be\/eboutique\/wp-json\/wp\/v2\/product"}],"about":[{"href":"https:\/\/www.parthages.be\/eboutique\/wp-json\/wp\/v2\/types\/product"}],"replies":[{"embeddable":true,"href":"https:\/\/www.parthages.be\/eboutique\/wp-json\/wp\/v2\/comments?post=2591"}],"wp:featuredmedia":[{"embeddable":true,"href":"https:\/\/www.parthages.be\/eboutique\/wp-json\/wp\/v2\/media\/2592"}],"wp:attachment":[{"href":"https:\/\/www.parthages.be\/eboutique\/wp-json\/wp\/v2\/media?parent=2591"}],"curies":[{"name":"wp","href":"https:\/\/api.w.org\/{rel}","templated":true}]}}