{"id":2595,"date":"2022-05-16T18:20:28","date_gmt":"2022-05-16T16:20:28","guid":{"rendered":"https:\/\/www.parthages.be\/eboutique\/?post_type=product&#038;p=2595"},"modified":"2022-05-16T18:26:06","modified_gmt":"2022-05-16T16:26:06","slug":"les-dys-a-lecole-comment-aider-mon-enfant","status":"publish","type":"product","link":"https:\/\/www.parthages.be\/eboutique\/produit\/les-dys-a-lecole-comment-aider-mon-enfant\/","title":{"rendered":"Les DYS \u00e0 l\u2019\u00e9cole. Comment aider mon enfant ?"},"content":{"rendered":"<p>Pour aider nos enfants \u00e0 surpasser leurs difficult\u00e9s scolaires, il est d\u2019abord n\u00e9cessaire d\u2019en identifier pr\u00e9cis\u00e9ment l\u2019origine. Entre dyslexie, dyscalculie, dyspraxie, dysorthographie, troubles de l\u2019attention et autres maux\u2026 il n\u2019est pas toujours facile d\u2019y voir clair ! \u00c0 travers de nombreux exemples et cas pratiques, cet ouvrage de r\u00e9f\u00e9rence sur \u00ab les dys \u00bb aidera les parents et les intervenants scolaires \u00e0 discerner et diff\u00e9rencier les difficult\u00e9s dont souffrent certains enfants. Il est ainsi primordial de tenir compte du style cognitif de chaque enfant, mais aussi de ses forces et ses faiblesses, pour \u00eatre en mesure de l\u2019aider. Enfin, l\u2019auteur propose des approches adapt\u00e9es qui permettent de d\u00e9velopper pleinement les capacit\u00e9s de nos enfants. D\u00e9couvrez des pistes concr\u00e8tes et faciles \u00e0 mettre en place pour aider votre enfant DYS sans le limiter. (Pr\u00e9sentation de l\u2019\u00e9diteur)<\/p>\n<p>B\u00c9LIVEAU M-C.<\/p>\n<p>Editions Mardaga<\/p>\n<p>2021-288p.-22.90\u20ac<\/p>\n<p>380gr<\/p>\n<p>ISBN\u00a0: 978-2804-70853-5<\/p>\n<p>Cote doc\u00a0: 2-20-BEL-D<\/p>\n<span class=\"et_bloom_bottom_trigger\"><\/span>","protected":false},"excerpt":{"rendered":"<p>Pour aider nos enfants \u00e0 surpasser leurs difficult\u00e9s scolaires, il est d\u2019abord n\u00e9cessaire d\u2019en identifier pr\u00e9cis\u00e9ment l\u2019origine. Entre dyslexie, dyscalculie, dyspraxie, dysorthographie, troubles de l\u2019attention et autres maux\u2026 il n\u2019est pas toujours facile d\u2019y voir clair ! \u00c0 travers de nombreux exemples et cas pratiques, cet ouvrage de r\u00e9f\u00e9rence sur \u00ab les dys \u00bb aidera [&hellip;]<\/p>\n","protected":false},"featured_media":2596,"comment_status":"closed","ping_status":"closed","template":"","meta":{"_et_pb_use_builder":"","_et_pb_old_content":"","_et_gb_content_width":"","spay_email":""},"class_list":["post-2595","product","type-product","status-publish","has-post-thumbnail","hentry","product_cat-livres","product_tag-diagnostic","product_tag-difficulte-scolaire","product_tag-dyscalculie","product_tag-dyslexie","product_tag-dyspraxie","product_tag-enfant","product_tag-temoignage","product_tag-trouble-de-lattention"],"jetpack_sharing_enabled":true,"jetpack_likes_enabled":true,"_links":{"self":[{"href":"https:\/\/www.parthages.be\/eboutique\/wp-json\/wp\/v2\/product\/2595","targetHints":{"allow":["GET"]}}],"collection":[{"href":"https:\/\/www.parthages.be\/eboutique\/wp-json\/wp\/v2\/product"}],"about":[{"href":"https:\/\/www.parthages.be\/eboutique\/wp-json\/wp\/v2\/types\/product"}],"replies":[{"embeddable":true,"href":"https:\/\/www.parthages.be\/eboutique\/wp-json\/wp\/v2\/comments?post=2595"}],"wp:featuredmedia":[{"embeddable":true,"href":"https:\/\/www.parthages.be\/eboutique\/wp-json\/wp\/v2\/media\/2596"}],"wp:attachment":[{"href":"https:\/\/www.parthages.be\/eboutique\/wp-json\/wp\/v2\/media?parent=2595"}],"curies":[{"name":"wp","href":"https:\/\/api.w.org\/{rel}","templated":true}]}}