{"id":2599,"date":"2022-05-16T18:31:20","date_gmt":"2022-05-16T16:31:20","guid":{"rendered":"https:\/\/www.parthages.be\/eboutique\/?post_type=product&#038;p=2599"},"modified":"2022-05-16T18:31:39","modified_gmt":"2022-05-16T16:31:39","slug":"le-futur-de-la-trisomie-21","status":"publish","type":"product","link":"https:\/\/www.parthages.be\/eboutique\/produit\/le-futur-de-la-trisomie-21\/","title":{"rendered":"Le futur de la trisomie 21"},"content":{"rendered":"<p><strong>Une perspective curative<\/strong><\/p>\n<p>Une perspective curative se dessine pour la trisomie 21, ou \u00ab syndrome de Down \u00bb, cette condition g\u00e9n\u00e9tique qui affecte plusieurs millions de personnes sur la plan\u00e8te. Les th\u00e9rapies g\u00e9n\u00e9tiques en voie d\u2019actualisation sont de nature \u00e0 modifier en profondeur le d\u00e9veloppement des personnes porteuses de la condition. Parall\u00e8lement, une pharmacoth\u00e9rapie cognitive plus ambitieuse se met en place, destin\u00e9e \u00e0 en am\u00e9liorer le d\u00e9veloppement intellectuel.\u00a0Le suivi m\u00e9dical progresse et permet d\u00e9j\u00e0 de contrer les effets de certaines pathologies associ\u00e9es \u00e0 la trisomie 21. Il existe aussi une r\u00e9habilitation cognitive efficace, qui peut d\u2019ailleurs encore \u00eatre am\u00e9lior\u00e9e sensiblement. (Pr\u00e9sentation de l\u2019\u00e9diteur)<\/p>\n<p>RONDAL J-A.<\/p>\n<p>Editions Mardaga<\/p>\n<p>2019-128p.-<\/p>\n<p>220gr<\/p>\n<p>ISBN: 978-2-8047-0735-4<\/p>\n<p>Cote doc: 2-40-RON-F<\/p>\n<span class=\"et_bloom_bottom_trigger\"><\/span>","protected":false},"excerpt":{"rendered":"<p>Une perspective curative Une perspective curative se dessine pour la trisomie 21, ou \u00ab syndrome de Down \u00bb, cette condition g\u00e9n\u00e9tique qui affecte plusieurs millions de personnes sur la plan\u00e8te. Les th\u00e9rapies g\u00e9n\u00e9tiques en voie d\u2019actualisation sont de nature \u00e0 modifier en profondeur le d\u00e9veloppement des personnes porteuses de la condition. Parall\u00e8lement, une pharmacoth\u00e9rapie cognitive [&hellip;]<\/p>\n","protected":false},"featured_media":2600,"comment_status":"closed","ping_status":"closed","template":"","meta":{"_et_pb_use_builder":"off","_et_pb_old_content":"","_et_gb_content_width":"","spay_email":""},"class_list":["post-2599","product","type-product","status-publish","has-post-thumbnail","hentry","product_cat-livres","product_tag-maladie-genetique","product_tag-medicament","product_tag-personne-handicapee","product_tag-progres-scientifique","product_tag-syndrome-de-down","product_tag-therapie","product_tag-therapie-genetique","product_tag-trisomie-21"],"jetpack_sharing_enabled":true,"jetpack_likes_enabled":true,"_links":{"self":[{"href":"https:\/\/www.parthages.be\/eboutique\/wp-json\/wp\/v2\/product\/2599","targetHints":{"allow":["GET"]}}],"collection":[{"href":"https:\/\/www.parthages.be\/eboutique\/wp-json\/wp\/v2\/product"}],"about":[{"href":"https:\/\/www.parthages.be\/eboutique\/wp-json\/wp\/v2\/types\/product"}],"replies":[{"embeddable":true,"href":"https:\/\/www.parthages.be\/eboutique\/wp-json\/wp\/v2\/comments?post=2599"}],"wp:featuredmedia":[{"embeddable":true,"href":"https:\/\/www.parthages.be\/eboutique\/wp-json\/wp\/v2\/media\/2600"}],"wp:attachment":[{"href":"https:\/\/www.parthages.be\/eboutique\/wp-json\/wp\/v2\/media?parent=2599"}],"curies":[{"name":"wp","href":"https:\/\/api.w.org\/{rel}","templated":true}]}}