{"id":2601,"date":"2022-05-16T19:16:10","date_gmt":"2022-05-16T17:16:10","guid":{"rendered":"https:\/\/www.parthages.be\/eboutique\/?post_type=product&#038;p=2601"},"modified":"2022-05-16T19:23:00","modified_gmt":"2022-05-16T17:23:00","slug":"le-consentement-principe-daccompagnement-de-lenfant-en-situation-de-handicap","status":"publish","type":"product","link":"https:\/\/www.parthages.be\/eboutique\/produit\/le-consentement-principe-daccompagnement-de-lenfant-en-situation-de-handicap\/","title":{"rendered":"Le consentement. Principe d\u2019accompagnement de l\u2019enfant en situation de handicap"},"content":{"rendered":"<p>\u00c0 travers l&rsquo;histoire d&rsquo;une famille dont un des enfants est en situation de handicap moteur, l&rsquo;auteure interroge la place des parents, de la famille et des soignants dans l&rsquo;\u00e9volution de tout enfant vers son autonomie. L&rsquo;auteure s&rsquo;appuie sur le processus de consentement, processus qu&rsquo;elle d\u00e9veloppe en d\u00e9tail, pour \u00e9clairer les enjeux \u00e9thiques notamment autour de l&rsquo;adolescence et ouvrir des perspectives nouvelles sur l&rsquo;accompagnement d&rsquo;un enfant vers sa vie d&rsquo;adulte. L&rsquo;\u00e9criture alterne entre les moments clefs de la vie familiale, centr\u00e9s sur l&rsquo;enfant qui garde des s\u00e9quelles motrices d&rsquo;une naissance difficile, et les conf\u00e9rences d&rsquo;une m\u00e9decin sp\u00e9cialiste qui apporte les notions th\u00e9oriques. Cette construction permet un ancrage des \u00e9l\u00e9ments abstraits dans la r\u00e9alit\u00e9 et rend la lecture accessible aussi bien \u00e0 des professionnels du soin et de l&rsquo;\u00e9ducation, qu&rsquo;\u00e0 des parents, ou des personnes int\u00e9ress\u00e9es par la bio\u00e9thique. (Pr\u00e9sentation de l\u2019\u00e9diteur)<\/p>\n<p>POIROT-JAROT I.<\/p>\n<p>Editions Chronique Sociale<\/p>\n<p>2021-127p.-<\/p>\n<p>190gr<\/p>\n<p>ISBN: 978-236717792-2<\/p>\n<p>Cote doc: 4-30-POI-C<\/p>\n<span class=\"et_bloom_bottom_trigger\"><\/span>","protected":false},"excerpt":{"rendered":"<p>\u00c0 travers l&rsquo;histoire d&rsquo;une famille dont un des enfants est en situation de handicap moteur, l&rsquo;auteure interroge la place des parents, de la famille et des soignants dans l&rsquo;\u00e9volution de tout enfant vers son autonomie. L&rsquo;auteure s&rsquo;appuie sur le processus de consentement, processus qu&rsquo;elle d\u00e9veloppe en d\u00e9tail, pour \u00e9clairer les enjeux \u00e9thiques notamment autour de [&hellip;]<\/p>\n","protected":false},"featured_media":2602,"comment_status":"closed","ping_status":"closed","template":"","meta":{"_et_pb_use_builder":"","_et_pb_old_content":"","_et_gb_content_width":"","spay_email":""},"class_list":["post-2601","product","type-product","status-publish","has-post-thumbnail","hentry","product_cat-livres","product_tag-accompagnement","product_tag-adolescent","product_tag-autonomie","product_tag-bioethique","product_tag-conflit","product_tag-deficience-motrice","product_tag-developpement-de-lenfant","product_tag-enfant","product_tag-personne-handicapee","product_tag-relation-parent-enfant","product_tag-relation-parent-intervenant","product_tag-vie-familiale"],"jetpack_sharing_enabled":true,"jetpack_likes_enabled":true,"_links":{"self":[{"href":"https:\/\/www.parthages.be\/eboutique\/wp-json\/wp\/v2\/product\/2601","targetHints":{"allow":["GET"]}}],"collection":[{"href":"https:\/\/www.parthages.be\/eboutique\/wp-json\/wp\/v2\/product"}],"about":[{"href":"https:\/\/www.parthages.be\/eboutique\/wp-json\/wp\/v2\/types\/product"}],"replies":[{"embeddable":true,"href":"https:\/\/www.parthages.be\/eboutique\/wp-json\/wp\/v2\/comments?post=2601"}],"wp:featuredmedia":[{"embeddable":true,"href":"https:\/\/www.parthages.be\/eboutique\/wp-json\/wp\/v2\/media\/2602"}],"wp:attachment":[{"href":"https:\/\/www.parthages.be\/eboutique\/wp-json\/wp\/v2\/media?parent=2601"}],"curies":[{"name":"wp","href":"https:\/\/api.w.org\/{rel}","templated":true}]}}