{"id":2605,"date":"2022-05-16T19:22:37","date_gmt":"2022-05-16T17:22:37","guid":{"rendered":"https:\/\/www.parthages.be\/eboutique\/?post_type=product&#038;p=2605"},"modified":"2022-09-02T12:46:42","modified_gmt":"2022-09-02T10:46:42","slug":"la-langue-magique-de-remi","status":"publish","type":"product","link":"https:\/\/www.parthages.be\/eboutique\/produit\/la-langue-magique-de-remi\/","title":{"rendered":"La langue magique de R\u00e9mi"},"content":{"rendered":"<p>Alice, 7 ans rencontre un petit gar\u00e7on au parc. Elle trouve un peu bizarre, car il ne dit aucun mot. Le lendemain, jour de rentr\u00e9e scolaire, le nouveau de la classe\u2026. C\u2019est lui\u00a0! Avec ces deux amis, ZINA et Victor, Alice parviendra-t-elle \u00e0 entrer dans l\u2019univers myst\u00e9rieux de ce nouveau camarade\u00a0?( Pr\u00e9sentation de l\u2019\u00e9diteur)<\/p>\n<p><strong>\u00a0<\/strong><\/p>\n<p>WOUTERS F. &#8211; DELR\u00c9E V.<\/p>\n<p>ASBL ballon d\u2019Oxyg\u00e8ne<\/p>\n<p>2021-60p<\/p>\n<p>332gr<\/p>\n<p>ISBN: 978-2-9602814-0-8<\/p>\n<p>Cote doc: 11-WOU-L<\/p>\n<span class=\"et_bloom_bottom_trigger\"><\/span>","protected":false},"excerpt":{"rendered":"<p>Alice, 7 ans rencontre un petit gar\u00e7on au parc. Elle trouve un peu bizarre, car il ne dit aucun mot. Le lendemain, jour de rentr\u00e9e scolaire, le nouveau de la classe\u2026. C\u2019est lui\u00a0! Avec ces deux amis, ZINA et Victor, Alice parviendra-t-elle \u00e0 entrer dans l\u2019univers myst\u00e9rieux de ce nouveau camarade\u00a0?( Pr\u00e9sentation de l\u2019\u00e9diteur) \u00a0 [&hellip;]<\/p>\n","protected":false},"featured_media":2606,"comment_status":"closed","ping_status":"closed","template":"","meta":{"_et_pb_use_builder":"","_et_pb_old_content":"","_et_gb_content_width":"","spay_email":""},"class_list":["post-2605","product","type-product","status-publish","has-post-thumbnail","hentry","product_cat-livres","product_cat-livres-jeunesse","product_tag-enfant","product_tag-langue-des-signes","product_tag-lecture-labiale","product_tag-scolarite","product_tag-sensibilisation","product_tag-surdite"],"jetpack_sharing_enabled":true,"jetpack_likes_enabled":true,"_links":{"self":[{"href":"https:\/\/www.parthages.be\/eboutique\/wp-json\/wp\/v2\/product\/2605","targetHints":{"allow":["GET"]}}],"collection":[{"href":"https:\/\/www.parthages.be\/eboutique\/wp-json\/wp\/v2\/product"}],"about":[{"href":"https:\/\/www.parthages.be\/eboutique\/wp-json\/wp\/v2\/types\/product"}],"replies":[{"embeddable":true,"href":"https:\/\/www.parthages.be\/eboutique\/wp-json\/wp\/v2\/comments?post=2605"}],"wp:featuredmedia":[{"embeddable":true,"href":"https:\/\/www.parthages.be\/eboutique\/wp-json\/wp\/v2\/media\/2606"}],"wp:attachment":[{"href":"https:\/\/www.parthages.be\/eboutique\/wp-json\/wp\/v2\/media?parent=2605"}],"curies":[{"name":"wp","href":"https:\/\/api.w.org\/{rel}","templated":true}]}}