{"id":2607,"date":"2022-05-16T19:25:53","date_gmt":"2022-05-16T17:25:53","guid":{"rendered":"https:\/\/www.parthages.be\/eboutique\/?post_type=product&#038;p=2607"},"modified":"2022-09-02T12:45:49","modified_gmt":"2022-09-02T10:45:49","slug":"lasperger-au-feminin","status":"publish","type":"product","link":"https:\/\/www.parthages.be\/eboutique\/produit\/lasperger-au-feminin\/","title":{"rendered":"L\u2019asperger au f\u00e9minin"},"content":{"rendered":"<p><strong>Nouvelle \u00e9dition<\/strong><\/p>\n<p>Les femmes autistes Asperger passent tr\u00e8s souvent inaper\u00e7ues, car elles ont d\u00e9velopp\u00e9 des strat\u00e9gies d\u2019adaptation rigoureuses pour masquer leurs difficult\u00e9s en soci\u00e9t\u00e9. Pourtant, les d\u00e9fis quotidiens et l\u2019immense solitude auxquels elles font face sont le fruit d\u2019une souffrance v\u00e9ritable.<\/p>\n<p>Ce livre est \u00e9crit par une \u00ab Aspergirl \u00bb pour les Aspergirls. Rudy Simone s\u2019appuie sur les t\u00e9moignages de femmes Asperger et sur sa propre exp\u00e9rience pour identifier les combats r\u00e9currents et les domaines pour lesquels elles ont besoin de soutien, d\u2019informations et de conseils. Elle aborde ainsi l\u2019ensemble des th\u00e9matiques associ\u00e9es \u00e0 la vie des Aspergirls, pour favoriser leur autonomie au quotidien :<\/p>\n<ul>\n<li>les relations amicales et amoureuses<\/li>\n<li>la carri\u00e8re<\/li>\n<li>les rituels et routines<\/li>\n<li>la d\u00e9pression<\/li>\n<li>les effondrements \u00e9motionnels<\/li>\n<li>le sentiment d\u2019\u00eatre incomprises des autres\u2026<\/li>\n<li>Deux chapitres s\u2019adressent aux parents pour les aider \u00e0 mieux comprendre les d\u00e9fis associ\u00e9s au SA et \u00e0 y r\u00e9agir d\u2019une fa\u00e7on positive. Une vraie mine d\u2019or pour les Aspergirls et leur entourage.<\/li>\n<\/ul>\n<p>(Pr\u00e9sentation de l&rsquo;\u00e9diteur)<\/p>\n<p>RUDY S.<\/p>\n<p>De Boeck Sup\u00e9rieur<\/p>\n<p>2020-224p.<\/p>\n<p>363gr<\/p>\n<p>ISBN: 9782807326408<\/p>\n<p>Cote doc: 1-70-RUD-A<\/p>\n<span class=\"et_bloom_bottom_trigger\"><\/span>","protected":false},"excerpt":{"rendered":"<p>Nouvelle \u00e9dition Les femmes autistes Asperger passent tr\u00e8s souvent inaper\u00e7ues, car elles ont d\u00e9velopp\u00e9 des strat\u00e9gies d\u2019adaptation rigoureuses pour masquer leurs difficult\u00e9s en soci\u00e9t\u00e9. Pourtant, les d\u00e9fis quotidiens et l\u2019immense solitude auxquels elles font face sont le fruit d\u2019une souffrance v\u00e9ritable. Ce livre est \u00e9crit par une \u00ab Aspergirl \u00bb pour les Aspergirls. Rudy Simone [&hellip;]<\/p>\n","protected":false},"featured_media":2608,"comment_status":"closed","ping_status":"closed","template":"","meta":{"_et_pb_use_builder":"","_et_pb_old_content":"","_et_gb_content_width":"","spay_email":""},"class_list":["post-2607","product","type-product","status-publish","has-post-thumbnail","hentry","product_cat-livres","product_tag-autisme","product_tag-autonomie","product_tag-communication-non-verbale","product_tag-evolution","product_tag-femme","product_tag-outil","product_tag-syndrome-dasperger-2","product_tag-technique-daide","product_tag-temoignage"],"jetpack_sharing_enabled":true,"jetpack_likes_enabled":true,"_links":{"self":[{"href":"https:\/\/www.parthages.be\/eboutique\/wp-json\/wp\/v2\/product\/2607","targetHints":{"allow":["GET"]}}],"collection":[{"href":"https:\/\/www.parthages.be\/eboutique\/wp-json\/wp\/v2\/product"}],"about":[{"href":"https:\/\/www.parthages.be\/eboutique\/wp-json\/wp\/v2\/types\/product"}],"replies":[{"embeddable":true,"href":"https:\/\/www.parthages.be\/eboutique\/wp-json\/wp\/v2\/comments?post=2607"}],"wp:featuredmedia":[{"embeddable":true,"href":"https:\/\/www.parthages.be\/eboutique\/wp-json\/wp\/v2\/media\/2608"}],"wp:attachment":[{"href":"https:\/\/www.parthages.be\/eboutique\/wp-json\/wp\/v2\/media?parent=2607"}],"curies":[{"name":"wp","href":"https:\/\/api.w.org\/{rel}","templated":true}]}}