{"id":2613,"date":"2022-05-16T19:31:10","date_gmt":"2022-05-16T17:31:10","guid":{"rendered":"https:\/\/www.parthages.be\/eboutique\/?post_type=product&#038;p=2613"},"modified":"2022-09-02T12:44:49","modified_gmt":"2022-09-02T10:44:49","slug":"aimer-au-pays-du-handicap","status":"publish","type":"product","link":"https:\/\/www.parthages.be\/eboutique\/produit\/aimer-au-pays-du-handicap\/","title":{"rendered":"Aimer au pays du handicap"},"content":{"rendered":"<p>Quand on souffre d&rsquo;un handicap mental, comment aborde-t-on la rencontre amoureuse ? Quelles formes prend la relation ? Quand et comment le corps entre-t-il en jeu ? Qu&rsquo;est-ce qu&rsquo;\u00eatre en couple ? Et qu&rsquo;est-ce que devenir parent ? Blandine Bricka a rencontr\u00e9 des personnes en situation de handicap mental au sein de trois structures qui les accueillent ou les suivent, pour les interroger sur leur fa\u00e7on de vivre la relation amoureuse.<br \/>\nElle a recueilli leurs paroles, celles de leurs parents, mais aussi de professionnels qui les accompagnent, et nous les fait partager dans des r\u00e9cits singuliers o\u00f9 chacun et chacune t\u00e9moigne du chemin qu&rsquo;.elle trace \u00e0 sa mani\u00e8re. Les r\u00e9cits se succ\u00e8dent et se r\u00e9pondent, par \u00e9chos ou dissemblances. On y d\u00e9couvre la fa\u00e7on dont les professionnels r\u00e9fl\u00e9chissent ces questions et inventent des r\u00e9ponses, toujours sur le fil.<br \/>\nCar, alors que cette th\u00e9matique \u00e9tait encore taboue il y a peu, voire impensable pour les g\u00e9n\u00e9rations pr\u00e9c\u00e9dentes, il s&rsquo;agit aujourd&rsquo;hui de trouver comment respecter au mieux la libert\u00e9 et l&rsquo;intimit\u00e9 de chacune, mais aussi de le.la prot\u00e9ger ; aider chaque personne \u00e0 formuler ses doutes et questionnements, sans pour autant se montrer intrusif. Il s&rsquo;agit, d&rsquo;abord, d&rsquo;\u00e9couter. C&rsquo;est ce que fait cet ouvrage, qui donne la parole aux premiers et premi\u00e8res concern\u00e9.es pour raconter tout ce que cela peut \u00eatre, aimer, au pays du handicap. (Pr\u00e9sentation de l&rsquo;\u00e9diteur)<\/p>\n<p>BRICKA B.<\/p>\n<p>Les \u00e9ditions de l\u2019Atelier<\/p>\n<p>2010-160p.<\/p>\n<p>187gr<\/p>\n<p>ISBN: 978-2-7082-5358-2<\/p>\n<p>Cote doc: 4-20-BRI-A<\/p>\n<span class=\"et_bloom_bottom_trigger\"><\/span>","protected":false},"excerpt":{"rendered":"<p>Quand on souffre d&rsquo;un handicap mental, comment aborde-t-on la rencontre amoureuse ? Quelles formes prend la relation ? Quand et comment le corps entre-t-il en jeu ? Qu&rsquo;est-ce qu&rsquo;\u00eatre en couple ? Et qu&rsquo;est-ce que devenir parent ? Blandine Bricka a rencontr\u00e9 des personnes en situation de handicap mental au sein de trois structures qui [&hellip;]<\/p>\n","protected":false},"featured_media":2614,"comment_status":"closed","ping_status":"closed","template":"","meta":{"_et_pb_use_builder":"","_et_pb_old_content":"","_et_gb_content_width":"","spay_email":""},"class_list":["post-2613","product","type-product","status-publish","has-post-thumbnail","hentry","product_cat-livres","product_tag-couple","product_tag-deficience-intellectuelle","product_tag-famille","product_tag-parentalite","product_tag-personne-handicapee","product_tag-relations-amoureuses","product_tag-sexualite","product_tag-tabou","product_tag-temoignage"],"jetpack_sharing_enabled":true,"jetpack_likes_enabled":true,"_links":{"self":[{"href":"https:\/\/www.parthages.be\/eboutique\/wp-json\/wp\/v2\/product\/2613","targetHints":{"allow":["GET"]}}],"collection":[{"href":"https:\/\/www.parthages.be\/eboutique\/wp-json\/wp\/v2\/product"}],"about":[{"href":"https:\/\/www.parthages.be\/eboutique\/wp-json\/wp\/v2\/types\/product"}],"replies":[{"embeddable":true,"href":"https:\/\/www.parthages.be\/eboutique\/wp-json\/wp\/v2\/comments?post=2613"}],"wp:featuredmedia":[{"embeddable":true,"href":"https:\/\/www.parthages.be\/eboutique\/wp-json\/wp\/v2\/media\/2614"}],"wp:attachment":[{"href":"https:\/\/www.parthages.be\/eboutique\/wp-json\/wp\/v2\/media?parent=2613"}],"curies":[{"name":"wp","href":"https:\/\/api.w.org\/{rel}","templated":true}]}}