{"id":2621,"date":"2022-05-16T20:39:40","date_gmt":"2022-05-16T18:39:40","guid":{"rendered":"https:\/\/www.parthages.be\/eboutique\/?post_type=product&#038;p=2621"},"modified":"2022-05-16T20:39:40","modified_gmt":"2022-05-16T18:39:40","slug":"lenfant-anxieux","status":"publish","type":"product","link":"https:\/\/www.parthages.be\/eboutique\/produit\/lenfant-anxieux\/","title":{"rendered":"L&rsquo;enfant anxieux"},"content":{"rendered":"<p><strong>Comprendre la peur de la peur et redonner courage<\/strong><\/p>\n<p>Comment donner courage \u00e0 l&rsquo;enfant anxieux et l&rsquo;aider \u00e0 prendre, ou reprendre, gout \u00e0 la vie.<\/p>\n<p>Alors que leurs camarades respirent la vie \u00e0 pleins poumons, il y a des enfants qui ont peur du monde qu&rsquo;ils habitent, parfois tr\u00e8s peur. Certains redoutent d&rsquo;\u00eatre s\u00e9par\u00e9s de leurs parents, craignent la vie sociale ou paniquent facilement. D&rsquo;autres ont des peurs plus sp\u00e9cifiques &#8211; comme celle des chiens ou de la foudre et du tonnerre. D&rsquo;autres encore sont en proie \u00e0 des obsessions et manies qui occupent tout leur temps, \u00e0 des souvenirs effrayants ou des inqui\u00e9tudes sans fin. De mani\u00e8res diff\u00e9rentes, ces enfants sont anxieux.<\/p>\n<p>La premi\u00e8re partie du pr\u00e9sent ouvrage d\u00e9crit les diff\u00e9rents troubles anxieux, leurs origines et leur \u00e9volution. Elle montre tout particuli\u00e8rement que c&rsquo;est \u00e0 force d&rsquo;\u00eatre craintif ou angoiss\u00e9 tous les jours que l&rsquo;enfant anxieux n&rsquo;a pas simplement peur mais qu&rsquo;il a peur d&rsquo;avoir peur. La seconde partie offre des moyens pratiques pour surmonter cette peur ; l&rsquo;auteur y explique comment aider ces enfants \u00e0 vivre pleinement au pr\u00e9sent (plut\u00f4t que se pr\u00e9occuper sans cesse de l&rsquo;avenir), \u00e0 accepter et se distancer de leurs \u00e9motions troublantes et \u00e0 faire face \u00e0 ce qu&rsquo;ils redoutent (au lieu de toujours l&rsquo;\u00e9viter) &#8211; tout cela afin de gu\u00e9rir.<\/p>\n<p>De nombreux r\u00e9cits d&rsquo;enfants et de familles avec lesquels l&rsquo;auteur a travaill\u00e9 t\u00e9moignent du fait qu&rsquo;avec un peu d&rsquo;amour, de d\u00e9termination et de discipline il est possible de donner courage \u00e0 l&rsquo;enfant anxieux et de l&rsquo;aider \u00e0 prendre, ou reprendre, gout \u00e0 la vie.<\/p>\n<p>Ce livre est destin\u00e9 aux parents et \u00e9ducateurs, de m\u00eame qu&rsquo;aux psychologues, p\u00e9dopsychiatres et psychoth\u00e9rapeutes. (Pr\u00e9sentation de l\u2019\u00e9diteur)<\/p>\n<p>DUMAS J.<\/p>\n<p>Editions De Boeck<\/p>\n<p>2005-217p. 19.99\u20ac<\/p>\n<p>325gr<\/p>\n<p>ISBN\u00a0: 2-8041-4879-3<\/p>\n<p>Cote doc\u00a0: 2-30-DUM-E<\/p>\n<span class=\"et_bloom_bottom_trigger\"><\/span>","protected":false},"excerpt":{"rendered":"<p>Comprendre la peur de la peur et redonner courage Comment donner courage \u00e0 l&rsquo;enfant anxieux et l&rsquo;aider \u00e0 prendre, ou reprendre, gout \u00e0 la vie. Alors que leurs camarades respirent la vie \u00e0 pleins poumons, il y a des enfants qui ont peur du monde qu&rsquo;ils habitent, parfois tr\u00e8s peur. Certains redoutent d&rsquo;\u00eatre s\u00e9par\u00e9s de [&hellip;]<\/p>\n","protected":false},"featured_media":2622,"comment_status":"closed","ping_status":"closed","template":"","meta":{"_et_pb_use_builder":"","_et_pb_old_content":"","_et_gb_content_width":"","spay_email":""},"class_list":["post-2621","product","type-product","status-publish","has-post-thumbnail","hentry","product_cat-livres","product_tag-angoisse","product_tag-anxiete","product_tag-evaluation","product_tag-peur","product_tag-recommandation","product_tag-temoignage","product_tag-theorie","product_tag-therapeutique","product_tag-trouble-psychologique"],"jetpack_sharing_enabled":true,"jetpack_likes_enabled":true,"_links":{"self":[{"href":"https:\/\/www.parthages.be\/eboutique\/wp-json\/wp\/v2\/product\/2621","targetHints":{"allow":["GET"]}}],"collection":[{"href":"https:\/\/www.parthages.be\/eboutique\/wp-json\/wp\/v2\/product"}],"about":[{"href":"https:\/\/www.parthages.be\/eboutique\/wp-json\/wp\/v2\/types\/product"}],"replies":[{"embeddable":true,"href":"https:\/\/www.parthages.be\/eboutique\/wp-json\/wp\/v2\/comments?post=2621"}],"wp:featuredmedia":[{"embeddable":true,"href":"https:\/\/www.parthages.be\/eboutique\/wp-json\/wp\/v2\/media\/2622"}],"wp:attachment":[{"href":"https:\/\/www.parthages.be\/eboutique\/wp-json\/wp\/v2\/media?parent=2621"}],"curies":[{"name":"wp","href":"https:\/\/api.w.org\/{rel}","templated":true}]}}