{"id":2623,"date":"2022-05-16T20:47:04","date_gmt":"2022-05-16T18:47:04","guid":{"rendered":"https:\/\/www.parthages.be\/eboutique\/?post_type=product&#038;p=2623"},"modified":"2022-05-16T20:47:05","modified_gmt":"2022-05-16T18:47:05","slug":"les-troubles-du-developpement-chez-lenfant","status":"publish","type":"product","link":"https:\/\/www.parthages.be\/eboutique\/produit\/les-troubles-du-developpement-chez-lenfant\/","title":{"rendered":"Les troubles du d\u00e9veloppement chez l&rsquo;enfant"},"content":{"rendered":"<p>La n\u00e9cessit\u00e9 de pr\u00e9venir, de d\u00e9pister et de prendre en charge, de mani\u00e8re pr\u00e9coce, les troubles du d\u00e9veloppement, est reconnue aujourd&rsquo;hui par tous les professionnels de l&rsquo;enfance. Cet \u00e9tat des lieux de la recherche en psychologie chez l&rsquo;enfant en situation de handicap propose une r\u00e9flexion sur les techniques de d\u00e9pistage, sur les outils d&rsquo;\u00e9valuation, sur les modalit\u00e9s de prise en charge des troubles du d\u00e9veloppement, qu&rsquo;il s&rsquo;agisse d&rsquo;une d\u00e9ficience sensorielle motrice, cognitive ou encore relationnelle. (Pr\u00e9sentation de l\u2019\u00e9diteur)<\/p>\n<p>BOURDIN B.<\/p>\n<p>Editions L&rsquo;Harmattan<\/p>\n<p>2007-233p.-21.50\u20ac<\/p>\n<p>300gr<\/p>\n<p>ISBN\u00a0: 978-2-296-02295-9<\/p>\n<p>Cote doc\u00a0: 2-30-BOU-T<\/p>\n<span class=\"et_bloom_bottom_trigger\"><\/span>","protected":false},"excerpt":{"rendered":"<p>La n\u00e9cessit\u00e9 de pr\u00e9venir, de d\u00e9pister et de prendre en charge, de mani\u00e8re pr\u00e9coce, les troubles du d\u00e9veloppement, est reconnue aujourd&rsquo;hui par tous les professionnels de l&rsquo;enfance. Cet \u00e9tat des lieux de la recherche en psychologie chez l&rsquo;enfant en situation de handicap propose une r\u00e9flexion sur les techniques de d\u00e9pistage, sur les outils d&rsquo;\u00e9valuation, sur [&hellip;]<\/p>\n","protected":false},"featured_media":2624,"comment_status":"closed","ping_status":"closed","template":"","meta":{"_et_pb_use_builder":"","_et_pb_old_content":"","_et_gb_content_width":"","spay_email":""},"class_list":["post-2623","product","type-product","status-publish","has-post-thumbnail","hentry","product_cat-livres","product_tag-autisme","product_tag-depistage","product_tag-enfant","product_tag-evaluation","product_tag-pluridisciplinarite","product_tag-prevention","product_tag-prise-en-charge","product_tag-psychologie","product_tag-recherche","product_tag-sensibilisation","product_tag-trouble-de-laffectivite","product_tag-trouble-de-lapprentissage","product_tag-trouble-du-comportement","product_tag-trouble-du-developpement","product_tag-violence"],"jetpack_sharing_enabled":true,"jetpack_likes_enabled":true,"_links":{"self":[{"href":"https:\/\/www.parthages.be\/eboutique\/wp-json\/wp\/v2\/product\/2623","targetHints":{"allow":["GET"]}}],"collection":[{"href":"https:\/\/www.parthages.be\/eboutique\/wp-json\/wp\/v2\/product"}],"about":[{"href":"https:\/\/www.parthages.be\/eboutique\/wp-json\/wp\/v2\/types\/product"}],"replies":[{"embeddable":true,"href":"https:\/\/www.parthages.be\/eboutique\/wp-json\/wp\/v2\/comments?post=2623"}],"wp:featuredmedia":[{"embeddable":true,"href":"https:\/\/www.parthages.be\/eboutique\/wp-json\/wp\/v2\/media\/2624"}],"wp:attachment":[{"href":"https:\/\/www.parthages.be\/eboutique\/wp-json\/wp\/v2\/media?parent=2623"}],"curies":[{"name":"wp","href":"https:\/\/api.w.org\/{rel}","templated":true}]}}