{"id":2627,"date":"2022-05-16T20:52:35","date_gmt":"2022-05-16T18:52:35","guid":{"rendered":"https:\/\/www.parthages.be\/eboutique\/?post_type=product&#038;p=2627"},"modified":"2022-05-16T20:52:36","modified_gmt":"2022-05-16T18:52:36","slug":"comprendre-et-traiter-les-troubles-anxieux","status":"publish","type":"product","link":"https:\/\/www.parthages.be\/eboutique\/produit\/comprendre-et-traiter-les-troubles-anxieux\/","title":{"rendered":"Comprendre et traiter les troubles anxieux"},"content":{"rendered":"<p><strong>Le guide du patient<\/strong><\/p>\n<p>Qu&rsquo;appelle-t-on \u00ab\u00a0troubles anxieux\u00a0\u00bb? Quels sont les m\u00e9canismes? Quels en sont les sympt\u00f4mes? Quelles en sont les cons\u00e9quences? Comment les diagnostiquer? Comment les traiter?<\/p>\n<p>Cet ouvrage est con\u00e7u comme un guide didactique et pratique. Il offre aux patients qui souffrent de troubles anxieux et \u00e0 leur entourage les r\u00e9ponses aux les questions qu&rsquo;ils se posent. (Pr\u00e9sentation de l\u2019\u00e9diteur)<\/p>\n<p>OSWALD P.<\/p>\n<p>Vivio<\/p>\n<p>2007-72p.<\/p>\n<p>ISBN\u00a0: 978-2-930365-45-9<\/p>\n<p>Cote doc : 2-30-OSW-C9<\/p>\n<p><strong><em>Uniquement \u00e0 la location<\/em><\/strong><\/p>\n<span class=\"et_bloom_bottom_trigger\"><\/span>","protected":false},"excerpt":{"rendered":"<p>Le guide du patient Qu&rsquo;appelle-t-on \u00ab\u00a0troubles anxieux\u00a0\u00bb? Quels sont les m\u00e9canismes? Quels en sont les sympt\u00f4mes? Quelles en sont les cons\u00e9quences? Comment les diagnostiquer? Comment les traiter? Cet ouvrage est con\u00e7u comme un guide didactique et pratique. Il offre aux patients qui souffrent de troubles anxieux et \u00e0 leur entourage les r\u00e9ponses aux les questions [&hellip;]<\/p>\n","protected":false},"featured_media":2628,"comment_status":"closed","ping_status":"closed","template":"","meta":{"_et_pb_use_builder":"","_et_pb_old_content":"","_et_gb_content_width":"","spay_email":""},"class_list":["post-2627","product","type-product","status-publish","has-post-thumbnail","hentry","product_cat-livres","product_tag-diagnostic","product_tag-medicament","product_tag-sante-mentale","product_tag-soins","product_tag-therapeutique","product_tag-trouble-anxieux"],"jetpack_sharing_enabled":true,"jetpack_likes_enabled":true,"_links":{"self":[{"href":"https:\/\/www.parthages.be\/eboutique\/wp-json\/wp\/v2\/product\/2627","targetHints":{"allow":["GET"]}}],"collection":[{"href":"https:\/\/www.parthages.be\/eboutique\/wp-json\/wp\/v2\/product"}],"about":[{"href":"https:\/\/www.parthages.be\/eboutique\/wp-json\/wp\/v2\/types\/product"}],"replies":[{"embeddable":true,"href":"https:\/\/www.parthages.be\/eboutique\/wp-json\/wp\/v2\/comments?post=2627"}],"wp:featuredmedia":[{"embeddable":true,"href":"https:\/\/www.parthages.be\/eboutique\/wp-json\/wp\/v2\/media\/2628"}],"wp:attachment":[{"href":"https:\/\/www.parthages.be\/eboutique\/wp-json\/wp\/v2\/media?parent=2627"}],"curies":[{"name":"wp","href":"https:\/\/api.w.org\/{rel}","templated":true}]}}