{"id":2629,"date":"2022-05-16T20:54:21","date_gmt":"2022-05-16T18:54:21","guid":{"rendered":"https:\/\/www.parthages.be\/eboutique\/?post_type=product&#038;p=2629"},"modified":"2022-05-16T20:54:21","modified_gmt":"2022-05-16T18:54:21","slug":"ecrire-les-signes","status":"publish","type":"product","link":"https:\/\/www.parthages.be\/eboutique\/produit\/ecrire-les-signes\/","title":{"rendered":"Ecrire les signes"},"content":{"rendered":"<p>Ecrire les langues des signes des sourds ? Vaste projet, folle ambition !!! Est-ce possible ? Sans doute&#8230; Est-ce indispensable ? Aux sourds d\u2019en juger&#8230; D\u00e8s 1825, Auguste B\u00e9bian, g\u00e9nial pr\u00e9curseur, dans \u00ab\u00a0La Mimographie ou essai d\u2019\u00e9criture mimique\u00a0\u00bb, d\u00e9montre qu\u2019il est possible d\u2019\u00e9crire les signes. Voici enfin r\u00e9\u00e9dit\u00e9 son remarquable ouvrage, devenu introuvable, compl\u00e9t\u00e9 par une notice biographique. Longtemps apr\u00e8s B\u00e9bian, aux Etats-Unis, en France, en Allemagne&#8230; divers sp\u00e9cialistes ont propos\u00e9 des syst\u00e8mes de notations. Six sont pr\u00e9sent\u00e9s dans cet ouvrage qui r\u00e9unit plus de huit cents symboles. Ce livre de vulgarisation, accessible \u00e0 tous, renvoie \u00e0 une grande aventure de l\u2019humanit\u00e9 : l\u2019invention de l\u2019\u00e9criture. (Pr\u00e9sentation de l\u2019\u00e9diteur)<\/p>\n<p>RENARD M.<\/p>\n<p>Editions du Fox<\/p>\n<p>2004-139p.<\/p>\n<p>ISBN : 2-00-240504-2<\/p>\n<p>Cote doc : 2-20-REN-E<\/p>\n<p><strong><em>Uniquement \u00e0 la location<\/em><\/strong><\/p>\n<span class=\"et_bloom_bottom_trigger\"><\/span>","protected":false},"excerpt":{"rendered":"<p>Ecrire les langues des signes des sourds ? Vaste projet, folle ambition !!! Est-ce possible ? Sans doute&#8230; Est-ce indispensable ? Aux sourds d\u2019en juger&#8230; D\u00e8s 1825, Auguste B\u00e9bian, g\u00e9nial pr\u00e9curseur, dans \u00ab\u00a0La Mimographie ou essai d\u2019\u00e9criture mimique\u00a0\u00bb, d\u00e9montre qu\u2019il est possible d\u2019\u00e9crire les signes. Voici enfin r\u00e9\u00e9dit\u00e9 son remarquable ouvrage, devenu introuvable, compl\u00e9t\u00e9 par [&hellip;]<\/p>\n","protected":false},"featured_media":2630,"comment_status":"closed","ping_status":"closed","template":"","meta":{"_et_pb_use_builder":"","_et_pb_old_content":"","_et_gb_content_width":"","spay_email":""},"class_list":["post-2629","product","type-product","status-publish","has-post-thumbnail","hentry","product_cat-livres","product_tag-ecriture","product_tag-langue-des-signes","product_tag-outil-pedagogique","product_tag-surdite","product_tag-symbole"],"jetpack_sharing_enabled":true,"jetpack_likes_enabled":true,"_links":{"self":[{"href":"https:\/\/www.parthages.be\/eboutique\/wp-json\/wp\/v2\/product\/2629","targetHints":{"allow":["GET"]}}],"collection":[{"href":"https:\/\/www.parthages.be\/eboutique\/wp-json\/wp\/v2\/product"}],"about":[{"href":"https:\/\/www.parthages.be\/eboutique\/wp-json\/wp\/v2\/types\/product"}],"replies":[{"embeddable":true,"href":"https:\/\/www.parthages.be\/eboutique\/wp-json\/wp\/v2\/comments?post=2629"}],"wp:featuredmedia":[{"embeddable":true,"href":"https:\/\/www.parthages.be\/eboutique\/wp-json\/wp\/v2\/media\/2630"}],"wp:attachment":[{"href":"https:\/\/www.parthages.be\/eboutique\/wp-json\/wp\/v2\/media?parent=2629"}],"curies":[{"name":"wp","href":"https:\/\/api.w.org\/{rel}","templated":true}]}}