{"id":2637,"date":"2022-05-16T21:00:14","date_gmt":"2022-05-16T19:00:14","guid":{"rendered":"https:\/\/www.parthages.be\/eboutique\/?post_type=product&#038;p=2637"},"modified":"2022-05-16T21:00:15","modified_gmt":"2022-05-16T19:00:15","slug":"la-dyslexie","status":"publish","type":"product","link":"https:\/\/www.parthages.be\/eboutique\/produit\/la-dyslexie\/","title":{"rendered":"La dyslexie"},"content":{"rendered":"<p>Handicap ou talent\u00a0?<\/p>\n<p>Pour beaucoup de gens, \u00a0\u00bb dyslexie \u00a0\u00bb rime avec difficult\u00e9s scolaires, capacit\u00e9s restreintes et \u00e9checs. Cornelia Jantzen t\u00e9moigne ici de la mani\u00e8re dont elle a d\u00e9pass\u00e9 cette opinion partiale et fausse. Au fil des observations, des rencontres et des exp\u00e9riences, elle nous aide \u00e0 comprendre les modes de perception et de pens\u00e9e propres \u00e0 l&rsquo;enfant dyslexique. Sa d\u00e9marche se r\u00e9f\u00e8re principalement aux travaux de deux grands chercheurs: Ronad Davis, l&rsquo;auteur du c\u00e9l\u00e8bre livre le Don de dyslexie qui, en 1994, apporta un tout nouvel \u00e9clairage sur la question, et Rudolf Steiner qui fonda, au d\u00e9but du si\u00e8cle dernier, une p\u00e9dagogie de l&rsquo;homme complet. Ce livre s&rsquo;adresse \u00e0 tous les esprits curieux, \u00e0 ceux que fascine la diversit\u00e9 des facult\u00e9s humaines, \u00e0 ceux qui enseignent la lecture et l&rsquo;\u00e9criture et, bien s\u00fbr, aux dyslexiques qui veulent mieux comprendre ce qui se passe en eux. (Pr\u00e9sentation de l&rsquo;\u00e9diteur)<\/p>\n<p>JANTZEN C.<\/p>\n<p>Editions Triades<\/p>\n<p>2004-290p.-20\u20ac<\/p>\n<p>450gr<\/p>\n<p>ISBN\u00a0: 2-85248-262-2<\/p>\n<p>Cote doc\u00a0: 2-20-JAN-D<\/p>\n<span class=\"et_bloom_bottom_trigger\"><\/span>","protected":false},"excerpt":{"rendered":"<p>Handicap ou talent\u00a0? Pour beaucoup de gens, \u00a0\u00bb dyslexie \u00a0\u00bb rime avec difficult\u00e9s scolaires, capacit\u00e9s restreintes et \u00e9checs. Cornelia Jantzen t\u00e9moigne ici de la mani\u00e8re dont elle a d\u00e9pass\u00e9 cette opinion partiale et fausse. Au fil des observations, des rencontres et des exp\u00e9riences, elle nous aide \u00e0 comprendre les modes de perception et de pens\u00e9e [&hellip;]<\/p>\n","protected":false},"featured_media":2638,"comment_status":"closed","ping_status":"closed","template":"","meta":{"_et_pb_use_builder":"","_et_pb_old_content":"","_et_gb_content_width":"","spay_email":""},"class_list":["post-2637","product","type-product","status-publish","has-post-thumbnail","hentry","product_cat-livres","product_tag-capacite-intellectuelle","product_tag-difficulte-scolaire","product_tag-dyslexie","product_tag-echec","product_tag-enfant","product_tag-pensee","product_tag-perception"],"jetpack_sharing_enabled":true,"jetpack_likes_enabled":true,"_links":{"self":[{"href":"https:\/\/www.parthages.be\/eboutique\/wp-json\/wp\/v2\/product\/2637","targetHints":{"allow":["GET"]}}],"collection":[{"href":"https:\/\/www.parthages.be\/eboutique\/wp-json\/wp\/v2\/product"}],"about":[{"href":"https:\/\/www.parthages.be\/eboutique\/wp-json\/wp\/v2\/types\/product"}],"replies":[{"embeddable":true,"href":"https:\/\/www.parthages.be\/eboutique\/wp-json\/wp\/v2\/comments?post=2637"}],"wp:featuredmedia":[{"embeddable":true,"href":"https:\/\/www.parthages.be\/eboutique\/wp-json\/wp\/v2\/media\/2638"}],"wp:attachment":[{"href":"https:\/\/www.parthages.be\/eboutique\/wp-json\/wp\/v2\/media?parent=2637"}],"curies":[{"name":"wp","href":"https:\/\/api.w.org\/{rel}","templated":true}]}}