{"id":2643,"date":"2022-05-16T21:19:26","date_gmt":"2022-05-16T19:19:26","guid":{"rendered":"https:\/\/www.parthages.be\/eboutique\/?post_type=product&#038;p=2643"},"modified":"2022-05-16T21:19:27","modified_gmt":"2022-05-16T19:19:27","slug":"psychologie-de-la-surdite","status":"publish","type":"product","link":"https:\/\/www.parthages.be\/eboutique\/produit\/psychologie-de-la-surdite\/","title":{"rendered":"Psychologie de la surdit\u00e9"},"content":{"rendered":"<p>La surdit\u00e9 offre \u00e0 la psychologie un champ d&rsquo;investigation \u00e0 la mesure de ses ambitions. Le but de cet ouvrage est d&rsquo;en pr\u00e9senter au lecteur les diff\u00e9rents aspects. Il d\u00e9bute par trois chapitres consacr\u00e9s \u00e0 l&rsquo;histoire des id\u00e9es sur la surdit\u00e9 pour \u00e9clairer les fondements historiques des discours et des pratiques contemporaines. La deuxi\u00e8me partie de ce livre est consacr\u00e9e \u00e0 la pr\u00e9sentation de la surdit\u00e9 sur le plan psychoacoustique. La psychologie de la connaissance est trait\u00e9e dans la troisi\u00e8me partie au travers d&rsquo;une pr\u00e9sentation de la langue des signes sur le plan psycholinguistique et d&rsquo;une pr\u00e9sentation des fondements cognitifs de la pens\u00e9e visuelle.<\/p>\n<p>Pour comprendre les processus d&rsquo;acquisition de connaissances existant chez les sourds, le psychologue se doit d&rsquo;utiliser une approche culturaliste bas\u00e9e sur la familiarisation avec une culture et une langue diff\u00e9rentes. C&rsquo;est l&rsquo;objet de la quatri\u00e8me partie de cet ouvrage.<\/p>\n<p>La psychopathologie de la surdit\u00e9, qui fait l&rsquo;objet de la cinqui\u00e8me partie, ne peut \u00e9galement \u00eatre abord\u00e9e qu&rsquo;au travers d&rsquo;une approche relativiste.<\/p>\n<p>Les apports de la psychanalyse sont ici essentiels dans la mesure o\u00f9 ils permettent de mieux comprendre la profondeur de l&rsquo;exp\u00e9rience d&rsquo;alt\u00e9rit\u00e9 subjective v\u00e9cue par la personne sourde.<\/p>\n<p>Il n&rsquo;y a pas de pratique clinique sur la surdit\u00e9 qui ne puisse aujourd&rsquo;hui se passer de la concertation entre m\u00e9decins, audioproth\u00e9sistes, professionnels sourds, orthophonistes, professeurs, \u00e9ducateurs&#8230; La participation des coauteurs de ce livre refl\u00e8te cet aspect pluridisciplinaire.<\/p>\n<p>Enfin, il ne peut exister de psychologie de la surdit\u00e9 sans un apport pratique, tant pour les professionnels de la surdit\u00e9 \u00e0 la recherche d&rsquo;\u00e9l\u00e9ments d&rsquo;information, que pour tous ceux qui s&rsquo;int\u00e9ressent au d\u00e9veloppement psychologique de l&rsquo;enfant sourd ainsi qu&rsquo;aux r\u00e9percussions de la surdit\u00e9 sur la vie familiale.<\/p>\n<p>Cette nouvelle \u00e9dition int\u00e8gre les connaissances nouvelles en neurobiologie et en sciences cognitives. Elle pr\u00e9sente \u00e9galement les r\u00e9sultats r\u00e9cents des \u00e9tudes psychologiques sur les nouvelles biotechnologies (implants cochl\u00e9aires) et les nouvelles explorations psychom\u00e9triques et projectives. Un chapitre sur la r\u00e9silience a \u00e9galement \u00e9t\u00e9 ajout\u00e9. Ainsi compl\u00e9t\u00e9e et actualis\u00e9e, cette 3e \u00e9dition constitue un ouvrage de r\u00e9f\u00e9rence b\u00e2ti sur les fondamentaux et ouvrant aux nouvelles perspectives th\u00e9oriques.<\/p>\n<p>Cet ouvrage est destin\u00e9 aux professionnels et sp\u00e9cialistes de la surdit\u00e9 (psychologues en CMPP\/CPMS, orthophonistes, audioproth\u00e9sistes, \u00e9ducateurs sp\u00e9cialis\u00e9s, instituteurs sp\u00e9cialis\u00e9s, etc.), de m\u00eame qu&rsquo;aux m\u00e9decins et aux \u00e9tudiants en psychologie. (Pr\u00e9sentation de l\u2019\u00e9diteur)<\/p>\n<p>VIROLE B.- COSNIER J.<\/p>\n<p>Editions De Boeck Universit\u00e9<\/p>\n<p>2006-526p.<\/p>\n<p>ISBN: 2-8041-5223-5<\/p>\n<p>Cote doc: 2-10-VIR-P2<\/p>\n<p><strong><em>Uniquement \u00e0 la location<\/em><\/strong><\/p>\n<span class=\"et_bloom_bottom_trigger\"><\/span>","protected":false},"excerpt":{"rendered":"<p>La surdit\u00e9 offre \u00e0 la psychologie un champ d&rsquo;investigation \u00e0 la mesure de ses ambitions. Le but de cet ouvrage est d&rsquo;en pr\u00e9senter au lecteur les diff\u00e9rents aspects. Il d\u00e9bute par trois chapitres consacr\u00e9s \u00e0 l&rsquo;histoire des id\u00e9es sur la surdit\u00e9 pour \u00e9clairer les fondements historiques des discours et des pratiques contemporaines. La deuxi\u00e8me partie [&hellip;]<\/p>\n","protected":false},"featured_media":2644,"comment_status":"closed","ping_status":"closed","template":"","meta":{"_et_pb_use_builder":"","_et_pb_old_content":"","_et_gb_content_width":"","spay_email":""},"class_list":["post-2643","product","type-product","status-publish","has-post-thumbnail","hentry","product_cat-livres","product_tag-biotechnologie","product_tag-communication","product_tag-culture","product_tag-deficience-auditive","product_tag-genetique","product_tag-implant-cochleaire","product_tag-langage-des-signes","product_tag-parent","product_tag-prothese","product_tag-psychologie","product_tag-psychopathologie","product_tag-representation-sociale"],"jetpack_sharing_enabled":true,"jetpack_likes_enabled":true,"_links":{"self":[{"href":"https:\/\/www.parthages.be\/eboutique\/wp-json\/wp\/v2\/product\/2643","targetHints":{"allow":["GET"]}}],"collection":[{"href":"https:\/\/www.parthages.be\/eboutique\/wp-json\/wp\/v2\/product"}],"about":[{"href":"https:\/\/www.parthages.be\/eboutique\/wp-json\/wp\/v2\/types\/product"}],"replies":[{"embeddable":true,"href":"https:\/\/www.parthages.be\/eboutique\/wp-json\/wp\/v2\/comments?post=2643"}],"wp:featuredmedia":[{"embeddable":true,"href":"https:\/\/www.parthages.be\/eboutique\/wp-json\/wp\/v2\/media\/2644"}],"wp:attachment":[{"href":"https:\/\/www.parthages.be\/eboutique\/wp-json\/wp\/v2\/media?parent=2643"}],"curies":[{"name":"wp","href":"https:\/\/api.w.org\/{rel}","templated":true}]}}