{"id":2648,"date":"2022-05-16T21:24:01","date_gmt":"2022-05-16T19:24:01","guid":{"rendered":"https:\/\/www.parthages.be\/eboutique\/?post_type=product&#038;p=2648"},"modified":"2022-05-16T21:24:02","modified_gmt":"2022-05-16T19:24:02","slug":"le-cri-de-la-mouette","status":"publish","type":"product","link":"https:\/\/www.parthages.be\/eboutique\/produit\/le-cri-de-la-mouette\/","title":{"rendered":"Le cri de la mouette"},"content":{"rendered":"<p>A travers son propre t\u00e9moignage, Emmanuelle Laborit montre que les sourds forment une vraie minorit\u00e9 avec ses codes, son langage et, surtout, ses difficult\u00e9s d&rsquo;\u00eatre et d&rsquo;exister face au monde h\u00e9g\u00e9monique des entendants qui tend \u00e0 la nier en l&rsquo;assimilant par la voie de l&rsquo;oralisation excessive.<\/p>\n<p>Bien plus qu&rsquo;une autobiographie, Le Cri de la mouette est un \u00e9mouvant plaidoyer pour la reconnaissance et l&rsquo;int\u00e9gration d&rsquo;une communaut\u00e9 trop longtemps mise au ban du monde. (Pr\u00e9sentation de l\u2019\u00e9diteur)<\/p>\n<p>LABORIT E.<\/p>\n<p>France Loisirs<\/p>\n<p>1994- 210p.<\/p>\n<p>ISBN\u00a0: 2-7242-8454-2<\/p>\n<p>Cote doc : 2-10-LAB-C<\/p>\n<p><strong><em>Uniquement \u00e0 la location<\/em><\/strong><\/p>\n<span class=\"et_bloom_bottom_trigger\"><\/span>","protected":false},"excerpt":{"rendered":"<p>A travers son propre t\u00e9moignage, Emmanuelle Laborit montre que les sourds forment une vraie minorit\u00e9 avec ses codes, son langage et, surtout, ses difficult\u00e9s d&rsquo;\u00eatre et d&rsquo;exister face au monde h\u00e9g\u00e9monique des entendants qui tend \u00e0 la nier en l&rsquo;assimilant par la voie de l&rsquo;oralisation excessive. Bien plus qu&rsquo;une autobiographie, Le Cri de la mouette [&hellip;]<\/p>\n","protected":false},"featured_media":2649,"comment_status":"closed","ping_status":"closed","template":"","meta":{"_et_pb_use_builder":"","_et_pb_old_content":"","_et_gb_content_width":"","spay_email":""},"class_list":["post-2648","product","type-product","status-publish","has-post-thumbnail","hentry","product_cat-livres","product_tag-deficience-auditive","product_tag-femme","product_tag-france","product_tag-handicap","product_tag-integration","product_tag-temoignage"],"jetpack_sharing_enabled":true,"jetpack_likes_enabled":true,"_links":{"self":[{"href":"https:\/\/www.parthages.be\/eboutique\/wp-json\/wp\/v2\/product\/2648","targetHints":{"allow":["GET"]}}],"collection":[{"href":"https:\/\/www.parthages.be\/eboutique\/wp-json\/wp\/v2\/product"}],"about":[{"href":"https:\/\/www.parthages.be\/eboutique\/wp-json\/wp\/v2\/types\/product"}],"replies":[{"embeddable":true,"href":"https:\/\/www.parthages.be\/eboutique\/wp-json\/wp\/v2\/comments?post=2648"}],"wp:featuredmedia":[{"embeddable":true,"href":"https:\/\/www.parthages.be\/eboutique\/wp-json\/wp\/v2\/media\/2649"}],"wp:attachment":[{"href":"https:\/\/www.parthages.be\/eboutique\/wp-json\/wp\/v2\/media?parent=2648"}],"curies":[{"name":"wp","href":"https:\/\/api.w.org\/{rel}","templated":true}]}}