{"id":2650,"date":"2022-05-16T21:24:40","date_gmt":"2022-05-16T19:24:40","guid":{"rendered":"https:\/\/www.parthages.be\/eboutique\/?post_type=product&#038;p=2650"},"modified":"2022-05-16T21:24:40","modified_gmt":"2022-05-16T19:24:40","slug":"accompagner-la-surdite-de-son-enfant","status":"publish","type":"product","link":"https:\/\/www.parthages.be\/eboutique\/produit\/accompagner-la-surdite-de-son-enfant\/","title":{"rendered":"Accompagner la surdit\u00e9 de son enfant"},"content":{"rendered":"<p>Cet ouvrage aborde le v\u00e9cu d&rsquo;une m\u00e8re, d&rsquo;un couple lors des doutes d&rsquo;origine, au moment du diagnostic initial, et dans le quotidien de l&rsquo;accompagnement au fil des ann\u00e9es de croissance de son enfant. L&rsquo;auteure, m\u00e8re de famille, livre ses questionnements, ses \u00e9motions, les r\u00e9ponses et les exp\u00e9riences accumul\u00e9es pour faciliter le bien-\u00eatre de son enfant, son insertion scolaire et sociale. Les parents trouveront de pr\u00e9cieux \u00e9l\u00e9ments pour assurer une guidance parentale adapt\u00e9e. Les professionnels disposeront d&rsquo;un outil pour renforcer leur prise en charge tant des enfants concern\u00e9s que des parents. (Pr\u00e9sentation de l\u2019\u00e9diteur)<\/p>\n<p>GUERRA-BOINON M.-L.<\/p>\n<p>Chronique sociale<\/p>\n<p>2008-96p.-10.70\u20ac<\/p>\n<p>140gr<\/p>\n<p>ISBN\u00a0: 978-2-85008-705-9<\/p>\n<p>Cote doc : 2-10-GUE-A<\/p>\n<span class=\"et_bloom_bottom_trigger\"><\/span>","protected":false},"excerpt":{"rendered":"<p>Cet ouvrage aborde le v\u00e9cu d&rsquo;une m\u00e8re, d&rsquo;un couple lors des doutes d&rsquo;origine, au moment du diagnostic initial, et dans le quotidien de l&rsquo;accompagnement au fil des ann\u00e9es de croissance de son enfant. L&rsquo;auteure, m\u00e8re de famille, livre ses questionnements, ses \u00e9motions, les r\u00e9ponses et les exp\u00e9riences accumul\u00e9es pour faciliter le bien-\u00eatre de son enfant, [&hellip;]<\/p>\n","protected":false},"featured_media":2651,"comment_status":"closed","ping_status":"closed","template":"","meta":{"_et_pb_use_builder":"","_et_pb_old_content":"","_et_gb_content_width":"","spay_email":""},"class_list":["post-2650","product","type-product","status-publish","has-post-thumbnail","hentry","product_cat-livres","product_tag-acceptation","product_tag-deficience-auditive","product_tag-famille","product_tag-fratrie","product_tag-mere","product_tag-relation-adulte-enfant","product_tag-temoignage"],"jetpack_sharing_enabled":true,"jetpack_likes_enabled":true,"_links":{"self":[{"href":"https:\/\/www.parthages.be\/eboutique\/wp-json\/wp\/v2\/product\/2650","targetHints":{"allow":["GET"]}}],"collection":[{"href":"https:\/\/www.parthages.be\/eboutique\/wp-json\/wp\/v2\/product"}],"about":[{"href":"https:\/\/www.parthages.be\/eboutique\/wp-json\/wp\/v2\/types\/product"}],"replies":[{"embeddable":true,"href":"https:\/\/www.parthages.be\/eboutique\/wp-json\/wp\/v2\/comments?post=2650"}],"wp:featuredmedia":[{"embeddable":true,"href":"https:\/\/www.parthages.be\/eboutique\/wp-json\/wp\/v2\/media\/2651"}],"wp:attachment":[{"href":"https:\/\/www.parthages.be\/eboutique\/wp-json\/wp\/v2\/media?parent=2650"}],"curies":[{"name":"wp","href":"https:\/\/api.w.org\/{rel}","templated":true}]}}