{"id":2658,"date":"2022-05-16T21:30:40","date_gmt":"2022-05-16T19:30:40","guid":{"rendered":"https:\/\/www.parthages.be\/eboutique\/?post_type=product&#038;p=2658"},"modified":"2022-05-16T21:30:41","modified_gmt":"2022-05-16T19:30:41","slug":"handicaps-et-deficiences-de-lenfant","status":"publish","type":"product","link":"https:\/\/www.parthages.be\/eboutique\/produit\/handicaps-et-deficiences-de-lenfant\/","title":{"rendered":"Handicaps et d\u00e9ficiences de l&rsquo;enfant"},"content":{"rendered":"<p>Cet ouvrage a la particularit\u00e9 de pr\u00e9senter une approche g\u00e9n\u00e9rale du handicap chez l&rsquo;enfant et la description pr\u00e9cise de certaines pathologies. Il traite de diff\u00e9rents handicaps selon une approche multidisciplinaire : m\u00e9dicale, g\u00e9n\u00e9tique, sociale, \u00e9pid\u00e9miologique, psychosociale ou encore neuropsychologique. La premi\u00e8re partie aborde les effets du handicap sur le d\u00e9veloppement de l&rsquo;enfant tant du point de vue somatique que cognitif. Sont \u00e9galement envisag\u00e9s diff\u00e9rents aspects sociaux et psychologiques comme les interventions pr\u00e9coces, l&rsquo;alimentation et la douleur, la famille et la fratrie, l&rsquo;int\u00e9gration dans des structures de vie \u00a0\u00bb ordinaires \u00ab\u00a0&#8230; La seconde partie traite d&rsquo;une s\u00e9rie de d\u00e9ficiences. Certaines sont \u00a0\u00bb g\u00e9n\u00e9riques \u00a0\u00bb comme le d\u00e9ficit attentionnel, la d\u00e9ficience intellectuelle, certains syndromes langagiers, les \u00e9pilepsies ou l&rsquo;autisme. D&rsquo;autres sont \u00ab\u00a0sp\u00e9cifiques\u00a0\u00bb, soit d&rsquo;origine \u00a0\u00bb g\u00e9n\u00e9tique \u00a0\u00bb comme la dystrophie musculaire de Duchenne, le X fragile, les leucodystrophies, la neurofibromatose de forme 1, la ph\u00e9nylc\u00e9tonurie, la scl\u00e9rose tub\u00e9reuse de Bourneville, les syndromes d&rsquo;Angelman, de Down, de Rett et de Williams ; soit d&rsquo;origine \u00a0\u00bb accidentelle \u00a0\u00bb comme le syndrome d&rsquo;alcoolisme f\u0153tal, les IMC, le spina bifida et le traumatisme cr\u00e2nien. Une liste d&rsquo;adresses et d&rsquo;informations utiles compl\u00e8te le volume qui int\u00e9ressera les psychologues, les m\u00e9decins, les intervenants sociaux, les r\u00e9\u00e9ducateurs, les enseignants et les parents. (Pr\u00e9sentation de l\u2019\u00e9diteur)<\/p>\n<p>DALLA PIAZZA S. &#8211; DAN B.<\/p>\n<p>Editions De Boeck Universit\u00e9<\/p>\n<p>2001- 502 p.<\/p>\n<p>ISBN: 2-8041-3739-2<\/p>\n<p>Cote doc: 2-00-DAL-H<\/p>\n<p><strong><em>Uniquement \u00e0 la location<\/em><\/strong><\/p>\n<span class=\"et_bloom_bottom_trigger\"><\/span>","protected":false},"excerpt":{"rendered":"<p>Cet ouvrage a la particularit\u00e9 de pr\u00e9senter une approche g\u00e9n\u00e9rale du handicap chez l&rsquo;enfant et la description pr\u00e9cise de certaines pathologies. Il traite de diff\u00e9rents handicaps selon une approche multidisciplinaire : m\u00e9dicale, g\u00e9n\u00e9tique, sociale, \u00e9pid\u00e9miologique, psychosociale ou encore neuropsychologique. La premi\u00e8re partie aborde les effets du handicap sur le d\u00e9veloppement de l&rsquo;enfant tant du point [&hellip;]<\/p>\n","protected":false},"featured_media":2659,"comment_status":"closed","ping_status":"closed","template":"","meta":{"_et_pb_use_builder":"","_et_pb_old_content":"","_et_gb_content_width":"","spay_email":""},"class_list":["post-2658","product","type-product","status-publish","has-post-thumbnail","hentry","product_cat-livres","product_tag-aspect-psychologique","product_tag-aspect-social","product_tag-deficience-intellectuelle","product_tag-enfant","product_tag-handicap","product_tag-infirmite-motrice-cebrale","product_tag-maladie-genetique","product_tag-personne-handicapee","product_tag-trisomie-21"],"jetpack_sharing_enabled":true,"jetpack_likes_enabled":true,"_links":{"self":[{"href":"https:\/\/www.parthages.be\/eboutique\/wp-json\/wp\/v2\/product\/2658","targetHints":{"allow":["GET"]}}],"collection":[{"href":"https:\/\/www.parthages.be\/eboutique\/wp-json\/wp\/v2\/product"}],"about":[{"href":"https:\/\/www.parthages.be\/eboutique\/wp-json\/wp\/v2\/types\/product"}],"replies":[{"embeddable":true,"href":"https:\/\/www.parthages.be\/eboutique\/wp-json\/wp\/v2\/comments?post=2658"}],"wp:featuredmedia":[{"embeddable":true,"href":"https:\/\/www.parthages.be\/eboutique\/wp-json\/wp\/v2\/media\/2659"}],"wp:attachment":[{"href":"https:\/\/www.parthages.be\/eboutique\/wp-json\/wp\/v2\/media?parent=2658"}],"curies":[{"name":"wp","href":"https:\/\/api.w.org\/{rel}","templated":true}]}}