{"id":266,"date":"2012-10-23T14:17:43","date_gmt":"2012-10-23T12:17:43","guid":{"rendered":"https:\/\/www.parthages.be\/wordpress\/produit\/handicap-congenital-et-vieillissement\/"},"modified":"2021-08-17T10:12:04","modified_gmt":"2021-08-17T08:12:04","slug":"handicap-congenital-et-vieillissement","status":"publish","type":"product","link":"https:\/\/www.parthages.be\/eboutique\/produit\/handicap-congenital-et-vieillissement\/","title":{"rendered":"Handicap cong\u00e9nital et vieillissement"},"content":{"rendered":"<p>Si le ph\u00e9nom\u00e8ne du vieillissement de la population est connu dans les pays occidentaux, celui du vieillissement des personnes handicap\u00e9es l&rsquo;est moins. Les r\u00e9percussions de ce dernier pour les prochaines ann\u00e9es et d\u00e9cennies seront pourtant importantes : les personnes concern\u00e9es directement par cette question &#8211; des individus jeunes n\u00e9cessitant une forte assistance et un encadrement important &#8211; constituent une tranche non n\u00e9gligeable de la population et mobilisent nombre de services en maisons de repos et en institutions. Les personnes pr\u00e9sentant des d\u00e9ficiences cong\u00e9nitales pourront-elles acc\u00e9der un jour \u00e0 des services r\u00e9sidentiels sp\u00e9cialis\u00e9s ? Telle est la question \u00e9tudi\u00e9e dans cet ouvrage. L&rsquo;auteur apporte ici des \u00e9l\u00e9ments de r\u00e9ponse et des pistes de r\u00e9flexion en examinant tout d&rsquo;abord le ph\u00e9nom\u00e8ne du vieillissement dans sa globalit\u00e9, pour se concentrer ensuite sur les aspects sp\u00e9cifiques du vieillissement de la personne handicap\u00e9e et terminer enfin par la prise en charge en institution. (Pr\u00e9sentation de l&rsquo;\u00e9diteur)<\/p>\n<p>DALLA PIAZZA S.<\/p>\n<p>Editions De Boeck<\/p>\n<p>2005 &#8211; 140p. &#8211; 32,50\u20ac<\/p>\n<p>235g<\/p>\n<p>ISBN 978-2-8041-4883-1<\/p>\n<p>Cote doc: 7-50-DAL-H<\/p>\n<p>&nbsp;<\/p>\n<span class=\"et_bloom_bottom_trigger\"><\/span>","protected":false},"excerpt":{"rendered":"<p>Si le ph\u00e9nom\u00e8ne du vieillissement de la population est connu dans les pays occidentaux, celui du vieillissement des personnes handicap\u00e9es l&rsquo;est moins.<\/p>\n","protected":false},"featured_media":265,"comment_status":"open","ping_status":"closed","template":"","meta":{"_et_pb_use_builder":"","_et_pb_old_content":"","_et_gb_content_width":"","spay_email":""},"class_list":["post-266","product","type-product","status-publish","has-post-thumbnail","hentry","product_cat-livres","product_tag-autonomie","product_tag-deficience-acquise","product_tag-deficience-congenitale","product_tag-deficience-intellectuelle","product_tag-deficience-physique","product_tag-deuil","product_tag-handicap","product_tag-institution","product_tag-organisation","product_tag-outil-devaluation","product_tag-prise-en-charge","product_tag-vieillissement"],"jetpack_sharing_enabled":true,"jetpack_likes_enabled":true,"_links":{"self":[{"href":"https:\/\/www.parthages.be\/eboutique\/wp-json\/wp\/v2\/product\/266","targetHints":{"allow":["GET"]}}],"collection":[{"href":"https:\/\/www.parthages.be\/eboutique\/wp-json\/wp\/v2\/product"}],"about":[{"href":"https:\/\/www.parthages.be\/eboutique\/wp-json\/wp\/v2\/types\/product"}],"replies":[{"embeddable":true,"href":"https:\/\/www.parthages.be\/eboutique\/wp-json\/wp\/v2\/comments?post=266"}],"wp:featuredmedia":[{"embeddable":true,"href":"https:\/\/www.parthages.be\/eboutique\/wp-json\/wp\/v2\/media\/265"}],"wp:attachment":[{"href":"https:\/\/www.parthages.be\/eboutique\/wp-json\/wp\/v2\/media?parent=266"}],"curies":[{"name":"wp","href":"https:\/\/api.w.org\/{rel}","templated":true}]}}