{"id":2660,"date":"2022-05-16T21:31:50","date_gmt":"2022-05-16T19:31:50","guid":{"rendered":"https:\/\/www.parthages.be\/eboutique\/?post_type=product&#038;p=2660"},"modified":"2022-05-16T21:31:50","modified_gmt":"2022-05-16T19:31:50","slug":"comprendre-et-traiter-la-dermatite-atopique","status":"publish","type":"product","link":"https:\/\/www.parthages.be\/eboutique\/produit\/comprendre-et-traiter-la-dermatite-atopique\/","title":{"rendered":"Comprendre et traiter la dermatite atopique"},"content":{"rendered":"<p>Qu&rsquo;est-ce-que la dermatite atopique? Quels en sont les sympt\u00f4mes? Quels en sont les causes? Quel mode de vie adopter? Comment la traiter?<\/p>\n<p>Cet ouvrage est con\u00e7u comme un guide didactique et pratique. Il offre aux parents des patients qui souffrent de dermatite atopique les r\u00e9ponses qu&rsquo;ils se posent sur cette affection chronique. (Pr\u00e9sentation de l\u2019\u00e9diteur)<\/p>\n<p>WAROQUIER D.<\/p>\n<p>Vivio<\/p>\n<p>2005- 61p.<\/p>\n<p>ISBN : 978-2-930365-20-x<\/p>\n<p>Cote doc\u00a0: 1-70-WAR-C-14<\/p>\n<p><strong><em>Uniquement \u00e0 la location<\/em><\/strong><\/p>\n<span class=\"et_bloom_bottom_trigger\"><\/span>","protected":false},"excerpt":{"rendered":"<p>Qu&rsquo;est-ce-que la dermatite atopique? Quels en sont les sympt\u00f4mes? Quels en sont les causes? Quel mode de vie adopter? Comment la traiter? Cet ouvrage est con\u00e7u comme un guide didactique et pratique. Il offre aux parents des patients qui souffrent de dermatite atopique les r\u00e9ponses qu&rsquo;ils se posent sur cette affection chronique. (Pr\u00e9sentation de l\u2019\u00e9diteur) [&hellip;]<\/p>\n","protected":false},"featured_media":2661,"comment_status":"closed","ping_status":"closed","template":"","meta":{"_et_pb_use_builder":"","_et_pb_old_content":"","_et_gb_content_width":"","spay_email":""},"class_list":["post-2660","product","type-product","status-publish","has-post-thumbnail","hentry","product_cat-livres","product_tag-diagnostic","product_tag-enfant","product_tag-maladie-dermatologique","product_tag-soins","product_tag-therapeutique"],"jetpack_sharing_enabled":true,"jetpack_likes_enabled":true,"_links":{"self":[{"href":"https:\/\/www.parthages.be\/eboutique\/wp-json\/wp\/v2\/product\/2660","targetHints":{"allow":["GET"]}}],"collection":[{"href":"https:\/\/www.parthages.be\/eboutique\/wp-json\/wp\/v2\/product"}],"about":[{"href":"https:\/\/www.parthages.be\/eboutique\/wp-json\/wp\/v2\/types\/product"}],"replies":[{"embeddable":true,"href":"https:\/\/www.parthages.be\/eboutique\/wp-json\/wp\/v2\/comments?post=2660"}],"wp:featuredmedia":[{"embeddable":true,"href":"https:\/\/www.parthages.be\/eboutique\/wp-json\/wp\/v2\/media\/2661"}],"wp:attachment":[{"href":"https:\/\/www.parthages.be\/eboutique\/wp-json\/wp\/v2\/media?parent=2660"}],"curies":[{"name":"wp","href":"https:\/\/api.w.org\/{rel}","templated":true}]}}