{"id":2662,"date":"2022-05-16T21:32:54","date_gmt":"2022-05-16T19:32:54","guid":{"rendered":"https:\/\/www.parthages.be\/eboutique\/?post_type=product&#038;p=2662"},"modified":"2022-05-16T21:32:55","modified_gmt":"2022-05-16T19:32:55","slug":"le-syndrome-dasperger","status":"publish","type":"product","link":"https:\/\/www.parthages.be\/eboutique\/produit\/le-syndrome-dasperger\/","title":{"rendered":"Le syndrome d&rsquo;asperger"},"content":{"rendered":"<p>Des conseils d\u2019experts et des strat\u00e9gies concr\u00e8tes pour comprendre le syndrome d\u2019Asperger et surmonter les difficult\u00e9s qu\u2019il pose.<\/p>\n<p>Pour certains jeunes, le monde est un endroit \u00e9trange et insondable o\u00f9 les gens ne disent pas ce qu\u2019ils pensent ou ne pensent pas ce qu\u2019ils disent, o\u00f9 les r\u00e8gles changent selon les personnes avec lesquelles on se trouve, et o\u00f9 il n\u2019est jamais permis d\u2019\u00eatre soi-m\u00eame. Bienvenue sur la plan\u00e8te Asperger, situ\u00e9e dans un univers parall\u00e8le o\u00f9 tout ressemble \u00e0 ce que l\u2019on voit sur la Terre, mais o\u00f9 rien n\u2019est vraiment exactement pareil.<\/p>\n<p>L\u2019auteur et formateur de renomm\u00e9e internationale Ronnie Young explique en quoi consiste le syndrome d\u2019Asperger et pr\u00e9sente un \u00e9ventail de strat\u00e9gies utiles pour surmonter les difficult\u00e9s qu\u2019il pose en classe. Ce livre traite de l\u2019alt\u00e9ration de l\u2019interaction sociale et de l\u2019int\u00e9r\u00eat obsessif, de la r\u00e9p\u00e9tition et du changement, de la communication verbale et non verbale, de la col\u00e8re, des probl\u00e8mes sensoriels, des aptitudes \u00e0 l\u2019\u00e9tude et des examens, ainsi que de ce que tout cela implique dans la vie scolaire. Une fois que l\u2019on comprend comment fonctionne la pens\u00e9e des personnes atteintes du syndrome d\u2019Asperger, il est moins difficile de s\u2019y adapter. (Pr\u00e9sentation de l\u2019\u00e9diteur)<\/p>\n<p>YOUNG R.<\/p>\n<p>Cheneli\u00e8re Education<\/p>\n<p>2008-72p.<\/p>\n<p>110gr<\/p>\n<p>ISBN: 978-2-7650-2595-5<\/p>\n<p>Cote doc : 1-70-YOU-S<\/p>\n<span class=\"et_bloom_bottom_trigger\"><\/span>","protected":false},"excerpt":{"rendered":"<p>Des conseils d\u2019experts et des strat\u00e9gies concr\u00e8tes pour comprendre le syndrome d\u2019Asperger et surmonter les difficult\u00e9s qu\u2019il pose. Pour certains jeunes, le monde est un endroit \u00e9trange et insondable o\u00f9 les gens ne disent pas ce qu\u2019ils pensent ou ne pensent pas ce qu\u2019ils disent, o\u00f9 les r\u00e8gles changent selon les personnes avec lesquelles on [&hellip;]<\/p>\n","protected":false},"featured_media":2663,"comment_status":"closed","ping_status":"closed","template":"","meta":{"_et_pb_use_builder":"","_et_pb_old_content":"","_et_gb_content_width":"","spay_email":""},"class_list":["post-2662","product","type-product","status-publish","has-post-thumbnail","hentry","product_cat-livres","product_tag-autisme","product_tag-colere","product_tag-communication","product_tag-comportement","product_tag-inclusion","product_tag-interaction","product_tag-pedagogie","product_tag-strategie","product_tag-syndrome-dasperger","product_tag-vie-scolaire"],"jetpack_sharing_enabled":true,"jetpack_likes_enabled":true,"_links":{"self":[{"href":"https:\/\/www.parthages.be\/eboutique\/wp-json\/wp\/v2\/product\/2662","targetHints":{"allow":["GET"]}}],"collection":[{"href":"https:\/\/www.parthages.be\/eboutique\/wp-json\/wp\/v2\/product"}],"about":[{"href":"https:\/\/www.parthages.be\/eboutique\/wp-json\/wp\/v2\/types\/product"}],"replies":[{"embeddable":true,"href":"https:\/\/www.parthages.be\/eboutique\/wp-json\/wp\/v2\/comments?post=2662"}],"wp:featuredmedia":[{"embeddable":true,"href":"https:\/\/www.parthages.be\/eboutique\/wp-json\/wp\/v2\/media\/2663"}],"wp:attachment":[{"href":"https:\/\/www.parthages.be\/eboutique\/wp-json\/wp\/v2\/media?parent=2662"}],"curies":[{"name":"wp","href":"https:\/\/api.w.org\/{rel}","templated":true}]}}