{"id":2666,"date":"2022-06-03T08:36:57","date_gmt":"2022-06-03T06:36:57","guid":{"rendered":"https:\/\/www.parthages.be\/eboutique\/?post_type=product&#038;p=2666"},"modified":"2022-06-03T08:38:04","modified_gmt":"2022-06-03T06:38:04","slug":"comprendre-et-traiter-linsuffisance-renale-chronique","status":"publish","type":"product","link":"https:\/\/www.parthages.be\/eboutique\/produit\/comprendre-et-traiter-linsuffisance-renale-chronique\/","title":{"rendered":"Comprendre et traiter l&rsquo;insuffisance r\u00e9nale chronique"},"content":{"rendered":"<p>Qu&rsquo;est-ce que l&rsquo;insuffisance r\u00e9nale? Quelles en sont les causes? Comment pose-t-on le diagnostic? Quand faut-il envisager une dialyse? Et la greffe r\u00e9nale?<\/p>\n<p>Cet ouvrage, reposant sur des informations scientifiques, est con\u00e7u comme un guide didactique destin\u00e9 aux personnes qui veulent en savoir plus sur les causes et les traitements de l&rsquo;insuffisance r\u00e9nale. (Pr\u00e9sentation de l\u2019\u00e9diteur)<\/p>\n<p>MAREEN P.<\/p>\n<p>Vivio<\/p>\n<p>2008-61p.<\/p>\n<p>ISBN: 978-2-930365-81-7<\/p>\n<p>Cote doc: 1-70-MAR-C-15<\/p>\n<p><strong><em>Uniquement \u00e0 la location<\/em><\/strong><\/p>\n<span class=\"et_bloom_bottom_trigger\"><\/span>","protected":false},"excerpt":{"rendered":"<p>Qu&rsquo;est-ce que l&rsquo;insuffisance r\u00e9nale? Quelles en sont les causes? Comment pose-t-on le diagnostic? Quand faut-il envisager une dialyse? Et la greffe r\u00e9nale?<\/p>\n","protected":false},"featured_media":2668,"comment_status":"closed","ping_status":"closed","template":"","meta":{"_et_pb_use_builder":"","_et_pb_old_content":"","_et_gb_content_width":"","spay_email":""},"class_list":["post-2666","product","type-product","status-publish","has-post-thumbnail","hentry","product_cat-livres","product_tag-diagnostic","product_tag-guide","product_tag-insuffisance-renale","product_tag-maladie-nephrologique","product_tag-soins","product_tag-therapeutique"],"jetpack_sharing_enabled":true,"jetpack_likes_enabled":true,"_links":{"self":[{"href":"https:\/\/www.parthages.be\/eboutique\/wp-json\/wp\/v2\/product\/2666","targetHints":{"allow":["GET"]}}],"collection":[{"href":"https:\/\/www.parthages.be\/eboutique\/wp-json\/wp\/v2\/product"}],"about":[{"href":"https:\/\/www.parthages.be\/eboutique\/wp-json\/wp\/v2\/types\/product"}],"replies":[{"embeddable":true,"href":"https:\/\/www.parthages.be\/eboutique\/wp-json\/wp\/v2\/comments?post=2666"}],"wp:featuredmedia":[{"embeddable":true,"href":"https:\/\/www.parthages.be\/eboutique\/wp-json\/wp\/v2\/media\/2668"}],"wp:attachment":[{"href":"https:\/\/www.parthages.be\/eboutique\/wp-json\/wp\/v2\/media?parent=2666"}],"curies":[{"name":"wp","href":"https:\/\/api.w.org\/{rel}","templated":true}]}}