{"id":2669,"date":"2022-06-03T08:39:14","date_gmt":"2022-06-03T06:39:14","guid":{"rendered":"https:\/\/www.parthages.be\/eboutique\/?post_type=product&#038;p=2669"},"modified":"2022-06-03T08:39:15","modified_gmt":"2022-06-03T06:39:15","slug":"comprendre-et-traiter-lexces-de-cholesterol","status":"publish","type":"product","link":"https:\/\/www.parthages.be\/eboutique\/produit\/comprendre-et-traiter-lexces-de-cholesterol\/","title":{"rendered":"Comprendre et traiter l&rsquo;exc\u00e8s de cholest\u00e9rol"},"content":{"rendered":"<p>Pourquoi mon taux de cholest\u00e9rol est-il trop \u00e9lev\u00e9 et comment puis-je y rem\u00e9dier? En quoi consiste une alimentation pauvre en graisse et en cholest\u00e9rol? De quelle mani\u00e8re dois-je adapter mon style de vie? Quand la prise de m\u00e9dicaments r\u00e9duisant le cholest\u00e9rol est-elle n\u00e9cessaire?<\/p>\n<p>Cet ouvrage, reposant sur des informations scientifiques, est con\u00e7u comme un guide didactique destin\u00e9 aux personnes qui veulent en savoir plus sur les causes, les risques et les traitements d&rsquo;un exc\u00e8s de cholest\u00e9rol dans le sang. (Pr\u00e9sentation de l\u2019\u00e9diteur)<\/p>\n<p>MAREEN P.<\/p>\n<p>Vivio<\/p>\n<p>2003-62p.<\/p>\n<p>ISBN: 978-2-930365-81-7<\/p>\n<p>Cote doc: 1-70-MAR-C23<\/p>\n<p><strong><em>Uniquement \u00e0 la location<\/em><\/strong><\/p>\n<span class=\"et_bloom_bottom_trigger\"><\/span>","protected":false},"excerpt":{"rendered":"<p>Pourquoi mon taux de cholest\u00e9rol est-il trop \u00e9lev\u00e9 et comment puis-je y rem\u00e9dier? En quoi consiste une alimentation pauvre en graisse et en cholest\u00e9rol? De quelle mani\u00e8re dois-je adapter mon style de vie? Quand la prise de m\u00e9dicaments r\u00e9duisant le cholest\u00e9rol est-elle n\u00e9cessaire?<\/p>\n","protected":false},"featured_media":2670,"comment_status":"closed","ping_status":"closed","template":"","meta":{"_et_pb_use_builder":"","_et_pb_old_content":"","_et_gb_content_width":"","spay_email":""},"class_list":["post-2669","product","type-product","status-publish","has-post-thumbnail","hentry","product_cat-livres","product_tag-cholesterol","product_tag-diagnostic","product_tag-guide","product_tag-maladie-cardio-vasculaire","product_tag-soins","product_tag-therapeutique"],"jetpack_sharing_enabled":true,"jetpack_likes_enabled":true,"_links":{"self":[{"href":"https:\/\/www.parthages.be\/eboutique\/wp-json\/wp\/v2\/product\/2669","targetHints":{"allow":["GET"]}}],"collection":[{"href":"https:\/\/www.parthages.be\/eboutique\/wp-json\/wp\/v2\/product"}],"about":[{"href":"https:\/\/www.parthages.be\/eboutique\/wp-json\/wp\/v2\/types\/product"}],"replies":[{"embeddable":true,"href":"https:\/\/www.parthages.be\/eboutique\/wp-json\/wp\/v2\/comments?post=2669"}],"wp:featuredmedia":[{"embeddable":true,"href":"https:\/\/www.parthages.be\/eboutique\/wp-json\/wp\/v2\/media\/2670"}],"wp:attachment":[{"href":"https:\/\/www.parthages.be\/eboutique\/wp-json\/wp\/v2\/media?parent=2669"}],"curies":[{"name":"wp","href":"https:\/\/api.w.org\/{rel}","templated":true}]}}