{"id":2671,"date":"2022-06-03T08:40:29","date_gmt":"2022-06-03T06:40:29","guid":{"rendered":"https:\/\/www.parthages.be\/eboutique\/?post_type=product&#038;p=2671"},"modified":"2022-06-03T08:53:27","modified_gmt":"2022-06-03T06:53:27","slug":"comprendre-et-traiter-le-diabete","status":"publish","type":"product","link":"https:\/\/www.parthages.be\/eboutique\/produit\/comprendre-et-traiter-le-diabete\/","title":{"rendered":"Comprendre et traiter le diab\u00e8te"},"content":{"rendered":"<p>Qu&rsquo;est-ce que\u00a0 le diab\u00e8te? Comment pose-t-on le diagnostic? Quelles peuvent en \u00eatre les cons\u00e9quences? Quel mode de vie adopter en cas de diab\u00e8te? Quels traitements sont possibles?<\/p>\n<p>Con\u00e7u comme un guide didactique et pratique, cet ouvrage est destin\u00e9 aux personnes qui veulent en savoir plus sur le diab\u00e8te, ses causes et ses traitements. (Pr\u00e9sentation de l\u2019\u00e9diteur)<\/p>\n<p>MUSCH W.<\/p>\n<p>Vivio<\/p>\n<p>2005-63p.<\/p>\n<p>ISBN: 978-2-930365-22-6<\/p>\n<p>Cote doc: 1-70-MUS-C-9<\/p>\n<p><strong><em>Uniquement \u00e0 la location<\/em><\/strong><\/p>\n<span class=\"et_bloom_bottom_trigger\"><\/span>","protected":false},"excerpt":{"rendered":"<p>Qu&rsquo;est-ce que\u00a0 le diab\u00e8te? Comment pose-t-on le diagnostic? Quelles peuvent en \u00eatre les cons\u00e9quences? Quel mode de vie adopter en cas de diab\u00e8te? Quels traitements sont possibles?<\/p>\n","protected":false},"featured_media":2672,"comment_status":"closed","ping_status":"closed","template":"","meta":{"_et_pb_use_builder":"","_et_pb_old_content":"","_et_gb_content_width":"","spay_email":""},"class_list":["post-2671","product","type-product","status-publish","has-post-thumbnail","hentry","product_cat-livres","product_tag-diabete","product_tag-diagnostic","product_tag-guide","product_tag-medicament","product_tag-soins","product_tag-therapeutique"],"jetpack_sharing_enabled":true,"jetpack_likes_enabled":true,"_links":{"self":[{"href":"https:\/\/www.parthages.be\/eboutique\/wp-json\/wp\/v2\/product\/2671","targetHints":{"allow":["GET"]}}],"collection":[{"href":"https:\/\/www.parthages.be\/eboutique\/wp-json\/wp\/v2\/product"}],"about":[{"href":"https:\/\/www.parthages.be\/eboutique\/wp-json\/wp\/v2\/types\/product"}],"replies":[{"embeddable":true,"href":"https:\/\/www.parthages.be\/eboutique\/wp-json\/wp\/v2\/comments?post=2671"}],"wp:featuredmedia":[{"embeddable":true,"href":"https:\/\/www.parthages.be\/eboutique\/wp-json\/wp\/v2\/media\/2672"}],"wp:attachment":[{"href":"https:\/\/www.parthages.be\/eboutique\/wp-json\/wp\/v2\/media?parent=2671"}],"curies":[{"name":"wp","href":"https:\/\/api.w.org\/{rel}","templated":true}]}}