{"id":2675,"date":"2022-06-03T08:55:10","date_gmt":"2022-06-03T06:55:10","guid":{"rendered":"https:\/\/www.parthages.be\/eboutique\/?post_type=product&#038;p=2675"},"modified":"2022-06-03T08:55:11","modified_gmt":"2022-06-03T06:55:11","slug":"comprendre-et-traiter-la-migraine","status":"publish","type":"product","link":"https:\/\/www.parthages.be\/eboutique\/produit\/comprendre-et-traiter-la-migraine\/","title":{"rendered":"Comprendre et traiter la migraine"},"content":{"rendered":"<p>Mes maux de t\u00eate sont-ils des migraines? Dois-je adapter mon mode de vie? Je consomme beaucoup d&rsquo;antidouleur, quels sont les risques? Existe-t-il des traitements efficaces?<\/p>\n<p>Cet ouvrage, reposant sur des informations scientifiques, est con\u00e7u comme guide didactique destin\u00e9 aux personnes qui veulent en savoir plus sur la migraine, ses causes et ses traitements. (Pr\u00e9sentation de l\u2019\u00e9diteur)<\/p>\n<p>MAREEN P.<\/p>\n<p>Vivio<\/p>\n<p>2004-62p.<\/p>\n<p>ISBN: 2-930365-04-8<\/p>\n<p>Cote doc: 1-70-MAR-C22<\/p>\n<p><strong><em>Uniquement \u00e0 la location<\/em><\/strong><\/p>\n<span class=\"et_bloom_bottom_trigger\"><\/span>","protected":false},"excerpt":{"rendered":"<p>Mes maux de t\u00eate sont-ils des migraines? Dois-je adapter mon mode de vie? Je consomme beaucoup d&rsquo;antidouleur, quels sont les risques? Existe-t-il des traitements efficaces?<\/p>\n","protected":false},"featured_media":2676,"comment_status":"closed","ping_status":"closed","template":"","meta":{"_et_pb_use_builder":"","_et_pb_old_content":"","_et_gb_content_width":"","spay_email":""},"class_list":["post-2675","product","type-product","status-publish","has-post-thumbnail","hentry","product_cat-livres","product_tag-diagnostic","product_tag-guide","product_tag-maladie-neurologique","product_tag-migraine","product_tag-soins","product_tag-therapeutique"],"jetpack_sharing_enabled":true,"jetpack_likes_enabled":true,"_links":{"self":[{"href":"https:\/\/www.parthages.be\/eboutique\/wp-json\/wp\/v2\/product\/2675","targetHints":{"allow":["GET"]}}],"collection":[{"href":"https:\/\/www.parthages.be\/eboutique\/wp-json\/wp\/v2\/product"}],"about":[{"href":"https:\/\/www.parthages.be\/eboutique\/wp-json\/wp\/v2\/types\/product"}],"replies":[{"embeddable":true,"href":"https:\/\/www.parthages.be\/eboutique\/wp-json\/wp\/v2\/comments?post=2675"}],"wp:featuredmedia":[{"embeddable":true,"href":"https:\/\/www.parthages.be\/eboutique\/wp-json\/wp\/v2\/media\/2676"}],"wp:attachment":[{"href":"https:\/\/www.parthages.be\/eboutique\/wp-json\/wp\/v2\/media?parent=2675"}],"curies":[{"name":"wp","href":"https:\/\/api.w.org\/{rel}","templated":true}]}}