{"id":2677,"date":"2022-06-03T08:57:26","date_gmt":"2022-06-03T06:57:26","guid":{"rendered":"https:\/\/www.parthages.be\/eboutique\/?post_type=product&#038;p=2677"},"modified":"2022-06-03T08:57:26","modified_gmt":"2022-06-03T06:57:26","slug":"les-vendanges-du-silence","status":"publish","type":"product","link":"https:\/\/www.parthages.be\/eboutique\/produit\/les-vendanges-du-silence\/","title":{"rendered":"Les vendanges du silence"},"content":{"rendered":"<p>Catherine et Emmanuel. Une Jeune femme et son fils\u00a0\u2013\u00a0un enfant autiste, tout cris et violence, qui d\u00e9vore les jours et les nuits de sa m\u00e8re, jusqu\u2019\u00e0 ce que Catherine rencontre le Dr Henri Ch\u00e8ne. Une grande famille, une grande maison de vignerons de Nuits-Saint-Georges accueillent Catherine et Emmanuel\u00a0: c\u2019est les Colombiers, domaine du clan des Ch\u00e8ne. Un monde de calme et d\u2019harmonie, sur lequel r\u00e8gne Mathilde, dite Maman Ch\u00e8ne, depuis que Papa Ch\u00e8ne est revenu bris\u00e9 de Buchenwald. Un monde plein de femmes et d\u2019enfants, o\u00f9 Emmanuel trouve sa place, port\u00e9 par l\u2019amour de toute la tribu et, singuli\u00e8rement, de Papa Ch\u00e8ne\u00a0: entre le vieil homme et le jeune gar\u00e7on, tous deux meurtris dans leur corps, s\u2019\u00e9veille une entente merveilleuse qui les transformera. Au fil des ans, chacun\u00a0\u2013\u00a0Catherine, Henri, tous les autres\u00a0\u2013\u00a0poursuit son chemin. Bonheurs et malheurs, calmes et temp\u00eates\u00a0: les choses de la vie. Et une victoire, celle d\u2019Emmanuel r\u00e9v\u00e9l\u00e9 \u00e0 lui-m\u00eame. Voici un roman comme on en voit rarement, p\u00e9tri de r\u00e9alit\u00e9 et de r\u00eave, de tendresse et de g\u00e9n\u00e9rosit\u00e9. Un grand roman que l\u2019on ne peut lire sans \u00e9motion, tant il est riche de v\u00e9rit\u00e9 et d\u2019amour. (Pr\u00e9sentation de l\u2019\u00e9diteur)<\/p>\n<p>LAXER G.<\/p>\n<p>Robert Laffont<\/p>\n<p>1988- 357 p.<\/p>\n<p>ISBN\u00a0: 2-221-05458-X<\/p>\n<p>Cote doc\u00a0: 1-70-LAX-V<\/p>\n<p><strong><em>Uniquement \u00e0 la location<\/em><\/strong><\/p>\n<span class=\"et_bloom_bottom_trigger\"><\/span>","protected":false},"excerpt":{"rendered":"<p>Catherine et Emmanuel. Une Jeune femme et son fils\u00a0\u2013\u00a0un enfant autiste, tout cris et violence, qui d\u00e9vore les jours et les nuits de sa m\u00e8re, jusqu\u2019\u00e0 ce que Catherine rencontre le Dr Henri Ch\u00e8ne.<\/p>\n","protected":false},"featured_media":2678,"comment_status":"closed","ping_status":"closed","template":"","meta":{"_et_pb_use_builder":"","_et_pb_old_content":"","_et_gb_content_width":"","spay_email":""},"class_list":["post-2677","product","type-product","status-publish","has-post-thumbnail","hentry","product_cat-livres","product_tag-autisme","product_tag-enfant","product_tag-famille","product_tag-france","product_tag-handicap","product_tag-litterature","product_tag-personne-handicapee","product_tag-relation-parent-enfant","product_tag-therapeutique","product_tag-vie-quotidienne"],"jetpack_sharing_enabled":true,"jetpack_likes_enabled":true,"_links":{"self":[{"href":"https:\/\/www.parthages.be\/eboutique\/wp-json\/wp\/v2\/product\/2677","targetHints":{"allow":["GET"]}}],"collection":[{"href":"https:\/\/www.parthages.be\/eboutique\/wp-json\/wp\/v2\/product"}],"about":[{"href":"https:\/\/www.parthages.be\/eboutique\/wp-json\/wp\/v2\/types\/product"}],"replies":[{"embeddable":true,"href":"https:\/\/www.parthages.be\/eboutique\/wp-json\/wp\/v2\/comments?post=2677"}],"wp:featuredmedia":[{"embeddable":true,"href":"https:\/\/www.parthages.be\/eboutique\/wp-json\/wp\/v2\/media\/2678"}],"wp:attachment":[{"href":"https:\/\/www.parthages.be\/eboutique\/wp-json\/wp\/v2\/media?parent=2677"}],"curies":[{"name":"wp","href":"https:\/\/api.w.org\/{rel}","templated":true}]}}