{"id":2679,"date":"2022-06-03T09:31:53","date_gmt":"2022-06-03T07:31:53","guid":{"rendered":"https:\/\/www.parthages.be\/eboutique\/?post_type=product&#038;p=2679"},"modified":"2022-06-03T09:31:53","modified_gmt":"2022-06-03T07:31:53","slug":"autisme-et-a-b-a-une-pedagogie-du-progres","status":"publish","type":"product","link":"https:\/\/www.parthages.be\/eboutique\/produit\/autisme-et-a-b-a-une-pedagogie-du-progres\/","title":{"rendered":"Autisme et A B A. : une p\u00e9dagogie du progr\u00e8s"},"content":{"rendered":"<p>La d\u00e9couverte de l&rsquo;autisme provoque toujours un choc et un bouleversement des habitudes familiales. Parmi les m\u00e9thodes destin\u00e9es \u00e0 favoriser le d\u00e9veloppement, l&rsquo;A.B.A. (Applied Behavior Analysis), \u00e9galement appel\u00e9e m\u00e9thode b\u00e9havioriste ou comportementaliste, lorsqu&rsquo;elle est appliqu\u00e9e \u00e0 l&rsquo;autisme, est la plus efficace \u00e0 ce jour. Sa strat\u00e9gie est double : d\u00e9velopper des comp\u00e9tences fonctionnelles avec la mise en \u0153uvre des moyens de communication, et diminuer les comportements probl\u00e9matiques tels que les acc\u00e8s de col\u00e8re, l&rsquo;automutilation ou l&rsquo;autostimulation. Apr\u00e8s des d\u00e9cennies de recherches, Ron Leaf et John McEachin exposent ici le programme qu&rsquo;ils ont mis en place afin d&rsquo;enseigner les comp\u00e9tences n\u00e9cessaires \u00e0 l&rsquo;autonomie de la personne autiste. La premi\u00e8re partie rappelle les techniques behavioristes \u00e0 ma\u00eetriser : le renforcement, la diminution progressive des aides, la technique de l&rsquo;essai distinct multiple et l&rsquo;enseignement fortuit. La seconde partie reprend chacun des objectifs vis\u00e9s en les d\u00e9composant en petites \u00e9tapes successives. Elle aborde plus particuli\u00e8rement l&rsquo;enseignement de connaissances que les enfants ordinaires acqui\u00e8rent sans apprentissage sp\u00e9cifique (jeu, imitation, parole, comp\u00e9tences sociales&#8230;). Les programmes propos\u00e9s dans cette partie ne sont que des exemples, \u00e0 charge pour les parents et les \u00e9ducateurs de les modifier en fonction de leur situation. Cet ouvrage constituera un outil essentiel pour les parents d&rsquo;enfants autistes et les professionnels qui les prennent en charge : \u00e9ducateurs, aides m\u00e9dico-p\u00e9dagogiques, orthophonistes, ergoth\u00e9rapeutes, psychologues, psychiatres, infirmiers, aide-soignants, auxiliaires d&rsquo;int\u00e9gration, professeurs des \u00e9coles. Il s&rsquo;adresse \u00e9galement aux \u00e9tudiants en sciences de l&rsquo;\u00e9ducation, psychologie et psychop\u00e9dagogie. (Pr\u00e9sentation de l\u2019\u00e9diteur)<\/p>\n<p>LEAF R.- MC EACHIN J.<\/p>\n<p>Pearson Education<\/p>\n<p>2006-421p.<\/p>\n<p>ISBN: 2-7440-7157-9<\/p>\n<p>Cote doc: 1-70-LEA-A<\/p>\n<p><strong><em>Uniquement \u00e0 la location<\/em><\/strong><\/p>\n<span class=\"et_bloom_bottom_trigger\"><\/span>","protected":false},"excerpt":{"rendered":"<p>La d\u00e9couverte de l&rsquo;autisme provoque toujours un choc et un bouleversement des habitudes familiales. Parmi les m\u00e9thodes destin\u00e9es \u00e0 favoriser le d\u00e9veloppement, l&rsquo;A.B.A. (Applied Behavior Analysis), \u00e9galement appel\u00e9e m\u00e9thode b\u00e9havioriste ou comportementaliste, lorsqu&rsquo;elle est appliqu\u00e9e \u00e0 l&rsquo;autisme, est la plus efficace \u00e0 ce jour.<\/p>\n","protected":false},"featured_media":2680,"comment_status":"closed","ping_status":"closed","template":"","meta":{"_et_pb_use_builder":"","_et_pb_old_content":"","_et_gb_content_width":"","spay_email":""},"class_list":["post-2679","product","type-product","status-publish","has-post-thumbnail","hentry","product_cat-livres","product_tag-accompagnement","product_tag-autisme","product_tag-autonomie","product_tag-communication","product_tag-competence","product_tag-developpement","product_tag-pedagogie","product_tag-therapeutique"],"jetpack_sharing_enabled":true,"jetpack_likes_enabled":true,"_links":{"self":[{"href":"https:\/\/www.parthages.be\/eboutique\/wp-json\/wp\/v2\/product\/2679","targetHints":{"allow":["GET"]}}],"collection":[{"href":"https:\/\/www.parthages.be\/eboutique\/wp-json\/wp\/v2\/product"}],"about":[{"href":"https:\/\/www.parthages.be\/eboutique\/wp-json\/wp\/v2\/types\/product"}],"replies":[{"embeddable":true,"href":"https:\/\/www.parthages.be\/eboutique\/wp-json\/wp\/v2\/comments?post=2679"}],"wp:featuredmedia":[{"embeddable":true,"href":"https:\/\/www.parthages.be\/eboutique\/wp-json\/wp\/v2\/media\/2680"}],"wp:attachment":[{"href":"https:\/\/www.parthages.be\/eboutique\/wp-json\/wp\/v2\/media?parent=2679"}],"curies":[{"name":"wp","href":"https:\/\/api.w.org\/{rel}","templated":true}]}}