{"id":2683,"date":"2022-06-03T09:37:04","date_gmt":"2022-06-03T07:37:04","guid":{"rendered":"https:\/\/www.parthages.be\/eboutique\/?post_type=product&#038;p=2683"},"modified":"2022-06-03T09:37:05","modified_gmt":"2022-06-03T07:37:05","slug":"les-enfants-atteints-de-troubles-multiples-2","status":"publish","type":"product","link":"https:\/\/www.parthages.be\/eboutique\/produit\/les-enfants-atteints-de-troubles-multiples-2\/","title":{"rendered":"Les enfants atteints de troubles multiples"},"content":{"rendered":"<p>TDA\/H \u00b0 Autisme \u00b0 Asperger \u00b0 Anxi\u00e9t\u00e9 \u00b0 Int\u00e9gration sensorielle \u00abTics et syndrome de Gilles de la Tourette \u00b0 D\u00e9pression \u00b0 Trouble bipolaire \u00b0 Opposition \u00b0 Traitement auditif \u00b0 Troubles d&rsquo;apprentissage<\/p>\n<p>De nombreux enfants sont atteints de troubles tels que le trouble du d\u00e9ficit de l&rsquo;attention avec ou sans hyperactivit\u00e9, les troubles d&rsquo;apprentissage ou les troubles anxieux. Un fait est toutefois moins connu : la concomitance des troubles constitue la norme et non l&rsquo;exception. Les parents, les enseignants et les professionnels doivent donc souvent apprendre \u00e0 intervenir aupr\u00e8s de l&rsquo;enfant en difficult\u00e9 en tenant compte d&rsquo;un nombre consid\u00e9rable de facteurs.<\/p>\n<p>Facile \u00e0 consulter, cet ouvrage pr\u00e9sente les causes, les sympt\u00f4mes et le traitement des troubles de fa\u00e7on claire et accessible. Le lecteur peut, en outre, y trouver des conseils pr\u00e9cis et efficaces, apr\u00e8s avoir d\u00e9couvert les principes g\u00e9n\u00e9raux de l&rsquo;\u00e9valuation et de l&rsquo;intervention dans les premiers chapitres. En fin de volume figurent un chapitre sur la m\u00e9dication, des annexes (une liste de v\u00e9rification du comportement et un test rapide sur les fonctions ex\u00e9cutives), une liste de r\u00e9f\u00e9rences et de ressources utiles.<\/p>\n<p>\u00c9crit sur un ton r\u00e9aliste mais non d\u00e9pourvu d&rsquo;humour, cet ouvrage s&rsquo;av\u00e8re un guide incontournable pour tous ceux qui cherchent \u00e0 am\u00e9liorer la qualit\u00e9 de vie d&rsquo;enfants atteints de troubles multiples. (Pr\u00e9sentation de l\u2019\u00e9diteur)<\/p>\n<p>KUTSCHER M. &#8211; ATTWOOD T. &#8211; WOLFF R<\/p>\n<p>Editions De Boeck Universit\u00e9<\/p>\n<p>2009-217p.<\/p>\n<p>ISBN: 978-2-8041-0611-9<\/p>\n<p>Cote doc: 1-70-KUT-E<\/p>\n<p><strong><em>Uniquement \u00e0 la location<\/em><\/strong><\/p>\n<span class=\"et_bloom_bottom_trigger\"><\/span>","protected":false},"excerpt":{"rendered":"<p>TDA\/H \u00b0 Autisme \u00b0 Asperger \u00b0 Anxi\u00e9t\u00e9 \u00b0 Int\u00e9gration sensorielle \u00abTics et syndrome de Gilles de la Tourette \u00b0 D\u00e9pression \u00b0 Trouble bipolaire \u00b0 Opposition \u00b0 Traitement auditif \u00b0 Troubles d&rsquo;apprentissage<\/p>\n","protected":false},"featured_media":0,"comment_status":"closed","ping_status":"closed","template":"","meta":{"_et_pb_use_builder":"","_et_pb_old_content":"","_et_gb_content_width":"","spay_email":""},"class_list":["post-2683","product","type-product","status-publish","hentry","product_cat-livres","product_tag-anxiete","product_tag-autisme","product_tag-deficience-multiple","product_tag-depression","product_tag-enfant","product_tag-evaluation","product_tag-intervention","product_tag-outil","product_tag-syndrome-de-gilles-de-la-tourette","product_tag-trouble-de-lapprentissage","product_tag-trouble-du-comportement"],"jetpack_sharing_enabled":true,"jetpack_likes_enabled":true,"_links":{"self":[{"href":"https:\/\/www.parthages.be\/eboutique\/wp-json\/wp\/v2\/product\/2683","targetHints":{"allow":["GET"]}}],"collection":[{"href":"https:\/\/www.parthages.be\/eboutique\/wp-json\/wp\/v2\/product"}],"about":[{"href":"https:\/\/www.parthages.be\/eboutique\/wp-json\/wp\/v2\/types\/product"}],"replies":[{"embeddable":true,"href":"https:\/\/www.parthages.be\/eboutique\/wp-json\/wp\/v2\/comments?post=2683"}],"wp:attachment":[{"href":"https:\/\/www.parthages.be\/eboutique\/wp-json\/wp\/v2\/media?parent=2683"}],"curies":[{"name":"wp","href":"https:\/\/api.w.org\/{rel}","templated":true}]}}