{"id":2690,"date":"2022-06-03T09:45:16","date_gmt":"2022-06-03T07:45:16","guid":{"rendered":"https:\/\/www.parthages.be\/eboutique\/?post_type=product&#038;p=2690"},"modified":"2022-06-03T09:45:16","modified_gmt":"2022-06-03T07:45:16","slug":"comprendre-et-traiter-losteoporose","status":"publish","type":"product","link":"https:\/\/www.parthages.be\/eboutique\/produit\/comprendre-et-traiter-losteoporose\/","title":{"rendered":"Comprendre et traiter l&rsquo;ost\u00e9oporose"},"content":{"rendered":"<p>Qu&rsquo;est-ce que l&rsquo;ost\u00e9oporose? Quels en sont les causes et les cons\u00e9quences? Quelles sont les r\u00e8gles de vie pour le patient? Quelles sont les possibilit\u00e9s th\u00e9rapeutiques?<\/p>\n<p>Ce livre est con\u00e7u comme un guide didactique et pratique. Il fournit des r\u00e9ponses aux diverses questions que se posent les patients souffrant d&rsquo;ost\u00e9oporose (Pr\u00e9sentation de l\u2019\u00e9diteur)<\/p>\n<p>GOEMAERE S. &#8211; MASSCHELIN M.<\/p>\n<p>Vivio<\/p>\n<p>2009-93p.<\/p>\n<p>ISBN\u00a0: 978&#8211;2-87512-015-1<\/p>\n<p>Cote doc: 1-70-GOE-C-5<\/p>\n<p><strong><em>Uniquement \u00e0 la location<\/em><\/strong><\/p>\n<span class=\"et_bloom_bottom_trigger\"><\/span>","protected":false},"excerpt":{"rendered":"<p>Qu&rsquo;est-ce que l&rsquo;ost\u00e9oporose? Quels en sont les causes et les cons\u00e9quences? Quelles sont les r\u00e8gles de vie pour le patient? Quelles sont les possibilit\u00e9s th\u00e9rapeutiques?<\/p>\n","protected":false},"featured_media":2691,"comment_status":"closed","ping_status":"closed","template":"","meta":{"_et_pb_use_builder":"","_et_pb_old_content":"","_et_gb_content_width":"","spay_email":""},"class_list":["post-2690","product","type-product","status-publish","has-post-thumbnail","hentry","product_cat-livres","product_tag-diagnostic","product_tag-guide","product_tag-maladie-osseuse","product_tag-osteoporose","product_tag-soins","product_tag-therapeutique"],"jetpack_sharing_enabled":true,"jetpack_likes_enabled":true,"_links":{"self":[{"href":"https:\/\/www.parthages.be\/eboutique\/wp-json\/wp\/v2\/product\/2690","targetHints":{"allow":["GET"]}}],"collection":[{"href":"https:\/\/www.parthages.be\/eboutique\/wp-json\/wp\/v2\/product"}],"about":[{"href":"https:\/\/www.parthages.be\/eboutique\/wp-json\/wp\/v2\/types\/product"}],"replies":[{"embeddable":true,"href":"https:\/\/www.parthages.be\/eboutique\/wp-json\/wp\/v2\/comments?post=2690"}],"wp:featuredmedia":[{"embeddable":true,"href":"https:\/\/www.parthages.be\/eboutique\/wp-json\/wp\/v2\/media\/2691"}],"wp:attachment":[{"href":"https:\/\/www.parthages.be\/eboutique\/wp-json\/wp\/v2\/media?parent=2690"}],"curies":[{"name":"wp","href":"https:\/\/api.w.org\/{rel}","templated":true}]}}