{"id":2692,"date":"2022-06-03T09:46:40","date_gmt":"2022-06-03T07:46:40","guid":{"rendered":"https:\/\/www.parthages.be\/eboutique\/?post_type=product&#038;p=2692"},"modified":"2022-06-03T09:46:41","modified_gmt":"2022-06-03T07:46:41","slug":"lautisme-rapport-sur-la-problematique-de-lautisme-en-belgique","status":"publish","type":"product","link":"https:\/\/www.parthages.be\/eboutique\/produit\/lautisme-rapport-sur-la-problematique-de-lautisme-en-belgique\/","title":{"rendered":"L&rsquo;autisme : rapport sur la probl\u00e9matique de l&rsquo;autisme en Belgique"},"content":{"rendered":"<p>Ce rapport r\u00e9alise un \u00e9tat des lieux de la probl\u00e9matique de l&rsquo;autisme en Belgique. Il dresse un inventaire des lacunes constat\u00e9es et formule, \u00e0 l&rsquo;intention des pouvoirs publics, une s\u00e9rie de recommandations susceptibles d&rsquo;y rem\u00e9dier. Ce rapport met l&rsquo;accent sur la formation et l&rsquo;information. Ainsi on constate que l&rsquo;autisme est souvent diagnostiqu\u00e9 assez tard (5-6ans), alors qu&rsquo;il se manifeste avant 3 ans. Une am\u00e9lioration de la formation des th\u00e9rapeutes professionnels permettrait un d\u00e9pistage pr\u00e9coce ainsi qu\u2019une intervention rapide et une prise en charge avant l&rsquo;\u00e2ge scolaire favorisant l&rsquo;apprentissage et l&rsquo;\u00e9vitement de probl\u00e8mes comportementaux secondaires. Ce rapport \u00e9bauche aussi des solutions quant aux diff\u00e9rents probl\u00e8mes rencontr\u00e9s dans la vie de l&rsquo;autiste: des \u00e9quipes pluridisciplinaires sp\u00e9cialis\u00e9es en autisme dans les \u00e9coles et les institutions, des programmes de prise en charge personnalis\u00e9s, des interventions men\u00e9es en collaboration avec les parents et le milieu familial, des structures qui s&rsquo;adapteraient aux personnes, la cr\u00e9ation d&rsquo;un centre national d&rsquo;information et de coordination de l&rsquo;autisme.<\/p>\n<p>Fondation Roi Baudouin<\/p>\n<p>1997-112p.<\/p>\n<p>ISBN\u00a0: 2-87212-217-6<\/p>\n<p>Cote doc: 1-70-FRB-A<\/p>\n<p><strong><em>Uniquement \u00e0 la location<\/em><\/strong><\/p>\n<span class=\"et_bloom_bottom_trigger\"><\/span>","protected":false},"excerpt":{"rendered":"<p>Ce rapport r\u00e9alise un \u00e9tat des lieux de la probl\u00e9matique de l&rsquo;autisme en Belgique. Il dresse un inventaire des lacunes constat\u00e9es et formule, \u00e0 l&rsquo;intention des pouvoirs publics, une s\u00e9rie de recommandations susceptibles d&rsquo;y rem\u00e9dier.<\/p>\n","protected":false},"featured_media":2693,"comment_status":"closed","ping_status":"closed","template":"","meta":{"_et_pb_use_builder":"","_et_pb_old_content":"","_et_gb_content_width":"","spay_email":""},"class_list":["post-2692","product","type-product","status-publish","has-post-thumbnail","hentry","product_cat-livres","product_tag-accompagnement","product_tag-adolescent","product_tag-aide-precoce","product_tag-approche","product_tag-aspect-historique","product_tag-autisme","product_tag-belgique","product_tag-communication","product_tag-deficience","product_tag-definition","product_tag-depistage","product_tag-ecole","product_tag-enfant","product_tag-famille","product_tag-fondation","product_tag-formation","product_tag-information","product_tag-integration","product_tag-parent","product_tag-personne-handicapee","product_tag-prise-en-charge","product_tag-strategie"],"jetpack_sharing_enabled":true,"jetpack_likes_enabled":true,"_links":{"self":[{"href":"https:\/\/www.parthages.be\/eboutique\/wp-json\/wp\/v2\/product\/2692","targetHints":{"allow":["GET"]}}],"collection":[{"href":"https:\/\/www.parthages.be\/eboutique\/wp-json\/wp\/v2\/product"}],"about":[{"href":"https:\/\/www.parthages.be\/eboutique\/wp-json\/wp\/v2\/types\/product"}],"replies":[{"embeddable":true,"href":"https:\/\/www.parthages.be\/eboutique\/wp-json\/wp\/v2\/comments?post=2692"}],"wp:featuredmedia":[{"embeddable":true,"href":"https:\/\/www.parthages.be\/eboutique\/wp-json\/wp\/v2\/media\/2693"}],"wp:attachment":[{"href":"https:\/\/www.parthages.be\/eboutique\/wp-json\/wp\/v2\/media?parent=2692"}],"curies":[{"name":"wp","href":"https:\/\/api.w.org\/{rel}","templated":true}]}}