{"id":2694,"date":"2022-06-03T09:47:33","date_gmt":"2022-06-03T07:47:33","guid":{"rendered":"https:\/\/www.parthages.be\/eboutique\/?post_type=product&#038;p=2694"},"modified":"2022-06-03T09:47:34","modified_gmt":"2022-06-03T07:47:34","slug":"comment-vivre-avec-une-personne-autiste","status":"publish","type":"product","link":"https:\/\/www.parthages.be\/eboutique\/produit\/comment-vivre-avec-une-personne-autiste\/","title":{"rendered":"Comment vivre avec une personne autiste"},"content":{"rendered":"<p>Tout le monde finit par croire que l\u2019on sait ce qu\u2019est l\u2019autisme puisque ce mot est utilis\u00e9 par les m\u00e9dias, les politiques et le grand public, pour dire de quelqu\u2019un qu\u2019il ne s\u2019int\u00e9resse pas aux autres, qu\u2019il ne cherche pas \u00e0 les comprendre.<\/p>\n<p>Mais les troubles autistiques chez un enfant, un adolescent, un adulte, c\u2019est bien plus compliqu\u00e9. Et c\u2019est pour \u00eatre \u00e0 m\u00eame de se situer face \u00e0 la complexit\u00e9 de ce qui arrive \u00e0 leur enfant que les parents font, individuellement et en couple, mais aussi au sein d\u2019associations, le point de tous les probl\u00e8mes que leur enfant et eux-m\u00eames rencontrent dans la vie quotidienne.<\/p>\n<p>Ce livre fait le tour des connaissances scientifiques actuelles, trop limit\u00e9es encore, mais r\u00e9elles et surtout renouvel\u00e9es.<\/p>\n<p>Il aborde aussi tous les moyens pratiques qui sont utilis\u00e9s pour permettre \u00e0 l\u2019enfant au d\u00e9veloppement troubl\u00e9 d\u2019acqu\u00e9rir des possibilit\u00e9s plus grandes de relations, de communication, de connaissances et d\u2019activit\u00e9. Tout au long de ce livre, de fa\u00e7on explicite ou en filigrane figure la notion de respect, \u00e0 la fois pour la personne avec autisme qui exprime sa diff\u00e9rence, mais aussi pour ceux qui vivent au quotidien avec elles, l\u2019aiment, la supportent (dans les deux sens du terme), parents, fr\u00e8res et s\u0153urs, amis et voisinage, et encore pour ceux qui ont engag\u00e9 une partie de leur vie professionnelle.<\/p>\n<p>S\u2019il est vrai que l\u2019autisme est un probl\u00e8me de communication, au moins qu\u2019il nous oblige \u00e0 mieux communiquer avec tous ceux qui, par obligation ou par choix, aident les personnes qui en souffrent. (Pr\u00e9sentation de l\u2019\u00e9diteur)<\/p>\n<p>AUSSILLOUX C.<\/p>\n<p>Editions J.Lyon<\/p>\n<p>2005-228p.<\/p>\n<p>ISBN\u00a0: 2-84319-110-6<\/p>\n<p>Cote doc: 1-70-FFS-V<\/p>\n<p><strong><em>Uniquement \u00e0 la location<\/em><\/strong><\/p>\n<span class=\"et_bloom_bottom_trigger\"><\/span>","protected":false},"excerpt":{"rendered":"<p>Tout le monde finit par croire que l\u2019on sait ce qu\u2019est l\u2019autisme puisque ce mot est utilis\u00e9 par les m\u00e9dias, les politiques et le grand public, pour dire de quelqu\u2019un qu\u2019il ne s\u2019int\u00e9resse pas aux autres, qu\u2019il ne cherche pas \u00e0 les comprendre.<\/p>\n","protected":false},"featured_media":2695,"comment_status":"closed","ping_status":"closed","template":"","meta":{"_et_pb_use_builder":"","_et_pb_old_content":"","_et_gb_content_width":"","spay_email":""},"class_list":["post-2694","product","type-product","status-publish","has-post-thumbnail","hentry","product_cat-livres","product_tag-adulte","product_tag-autisme","product_tag-communication","product_tag-definition","product_tag-enfant","product_tag-famille","product_tag-france","product_tag-historique","product_tag-parent","product_tag-relation-parent-intervenant","product_tag-respect","product_tag-soins","product_tag-vie-quotidienne"],"jetpack_sharing_enabled":true,"jetpack_likes_enabled":true,"_links":{"self":[{"href":"https:\/\/www.parthages.be\/eboutique\/wp-json\/wp\/v2\/product\/2694","targetHints":{"allow":["GET"]}}],"collection":[{"href":"https:\/\/www.parthages.be\/eboutique\/wp-json\/wp\/v2\/product"}],"about":[{"href":"https:\/\/www.parthages.be\/eboutique\/wp-json\/wp\/v2\/types\/product"}],"replies":[{"embeddable":true,"href":"https:\/\/www.parthages.be\/eboutique\/wp-json\/wp\/v2\/comments?post=2694"}],"wp:featuredmedia":[{"embeddable":true,"href":"https:\/\/www.parthages.be\/eboutique\/wp-json\/wp\/v2\/media\/2695"}],"wp:attachment":[{"href":"https:\/\/www.parthages.be\/eboutique\/wp-json\/wp\/v2\/media?parent=2694"}],"curies":[{"name":"wp","href":"https:\/\/api.w.org\/{rel}","templated":true}]}}