{"id":2696,"date":"2022-06-03T09:50:08","date_gmt":"2022-06-03T07:50:08","guid":{"rendered":"https:\/\/www.parthages.be\/eboutique\/?post_type=product&#038;p=2696"},"modified":"2022-06-03T09:50:09","modified_gmt":"2022-06-03T07:50:09","slug":"vivre-avec-le-syndrome-dasperger-un-handicap-invisible-au-quotidien","status":"publish","type":"product","link":"https:\/\/www.parthages.be\/eboutique\/produit\/vivre-avec-le-syndrome-dasperger-un-handicap-invisible-au-quotidien\/","title":{"rendered":"Vivre avec le syndrome d&rsquo;Asperger : un handicap invisible au quotidien"},"content":{"rendered":"<p>Une lutte opini\u00e2tre de tous les instants contre un handicap m\u00e9connu constitue la trame de la vie de Liane Holliday. Dans son autobiographie d&rsquo;une authenticit\u00e9 bouleversante, elle retrace ou fil des pages les mille difficult\u00e9s de son parcours, depuis l&rsquo;\u00e9cole primaire jusqu&rsquo;\u00e0 son insertion r\u00e9ussie dans la soci\u00e9t\u00e9. Liane a pu surmonter son handicap par sa seule t\u00e9nacit\u00e9 et ses talents. Tous les enfants ayant un trouble du spectre autistique n&rsquo;ont h\u00e9las pas cette chance. Le livre de Liane Holliday contribue \u00e0 faire tomber les pr\u00e9jug\u00e9s sur ces questions, qui comptent d\u00e9sormais parmi les principales questions de sant\u00e9 publique dans de nombreux pays. Il tient le lecteur en haleine, lui faisant d\u00e9couvrir page apr\u00e8s page le Syndrome d&rsquo;Asperger sous un jour nouveau, r\u00e9solument positif et humain. A la suite de son t\u00e9moignage, dans lequel beaucoup de personnes atteintes du SA ou leurs proches se retrouveront, Liane Holliday propose de mani\u00e8re tr\u00e8s pratique une foule de conseils et de recommandations destin\u00e9s \u00e0 mieux se pr\u00e9parer et faire face aux situations rencontr\u00e9es au jour le jour. Vivre avec le Syndrome d&rsquo;Asperger int\u00e9ressera les personnes atteintes de ce trouble, leur entourage mais \u00e9galement tous les professionnels qui les prennent en charge. (Pr\u00e9sentation de l\u2019\u00e9diteur)<\/p>\n<p>HOLLIDAY WILLEY L.<\/p>\n<p>De Boeck<\/p>\n<p>2008-148p.-29.90\u20ac<\/p>\n<p>200gr<\/p>\n<p>ISBN\u00a0: 978-8041-5332-8<\/p>\n<p>Cote doc: 1-70-HOL-V<\/p>\n<span class=\"et_bloom_bottom_trigger\"><\/span>","protected":false},"excerpt":{"rendered":"<p>Une lutte opini\u00e2tre de tous les instants contre un handicap m\u00e9connu constitue la trame de la vie de Liane Holliday.<\/p>\n","protected":false},"featured_media":2697,"comment_status":"closed","ping_status":"closed","template":"","meta":{"_et_pb_use_builder":"","_et_pb_old_content":"","_et_gb_content_width":"","spay_email":""},"class_list":["post-2696","product","type-product","status-publish","has-post-thumbnail","hentry","product_cat-livres","product_tag-autisme","product_tag-handicap","product_tag-strategie","product_tag-syndrome","product_tag-syndrome-dasperger","product_tag-temoignage","product_tag-trouble-du-comportement"],"jetpack_sharing_enabled":true,"jetpack_likes_enabled":true,"_links":{"self":[{"href":"https:\/\/www.parthages.be\/eboutique\/wp-json\/wp\/v2\/product\/2696","targetHints":{"allow":["GET"]}}],"collection":[{"href":"https:\/\/www.parthages.be\/eboutique\/wp-json\/wp\/v2\/product"}],"about":[{"href":"https:\/\/www.parthages.be\/eboutique\/wp-json\/wp\/v2\/types\/product"}],"replies":[{"embeddable":true,"href":"https:\/\/www.parthages.be\/eboutique\/wp-json\/wp\/v2\/comments?post=2696"}],"wp:featuredmedia":[{"embeddable":true,"href":"https:\/\/www.parthages.be\/eboutique\/wp-json\/wp\/v2\/media\/2697"}],"wp:attachment":[{"href":"https:\/\/www.parthages.be\/eboutique\/wp-json\/wp\/v2\/media?parent=2696"}],"curies":[{"name":"wp","href":"https:\/\/api.w.org\/{rel}","templated":true}]}}