{"id":2698,"date":"2022-06-03T09:50:53","date_gmt":"2022-06-03T07:50:53","guid":{"rendered":"https:\/\/www.parthages.be\/eboutique\/?post_type=product&#038;p=2698"},"modified":"2022-06-03T09:50:54","modified_gmt":"2022-06-03T07:50:54","slug":"comprendre-et-traiter-lasthme","status":"publish","type":"product","link":"https:\/\/www.parthages.be\/eboutique\/produit\/comprendre-et-traiter-lasthme\/","title":{"rendered":"Comprendre et traiter l&rsquo;asthme"},"content":{"rendered":"<p>Qu&rsquo;est-ce que l&rsquo;asthme? Quels en sont les sympt\u00f4mes? Quelles en sont les causes? Comment\u00a0 le diagnostiquer? Comment le traiter? Comment contr\u00f4ler cette maladie?<\/p>\n<p>Cet ouvrage est con\u00e7u comme un guide didactique et pratique. Il offre aux patients asthmatiques les r\u00e9ponses \u00e0 toutes les questions qu&rsquo;ils se posent sur cette affection chronique. (Pr\u00e9sentation de l\u2019\u00e9diteur)<\/p>\n<p>HINDLET J-Y.<\/p>\n<p>Vivio<\/p>\n<p>2005-76p.<\/p>\n<p>ISBN: 978-2-930365-08-0<\/p>\n<p>Cote doc: 1-70-HIN-C-11<\/p>\n<p><strong><em>Uniquement \u00e0 la location<\/em><\/strong><\/p>\n<span class=\"et_bloom_bottom_trigger\"><\/span>","protected":false},"excerpt":{"rendered":"<p>Qu&rsquo;est-ce que l&rsquo;asthme? Quels en sont les sympt\u00f4mes? Quelles en sont les causes? Comment\u00a0 le diagnostiquer? Comment le traiter? Comment contr\u00f4ler cette maladie?<\/p>\n","protected":false},"featured_media":2699,"comment_status":"closed","ping_status":"closed","template":"","meta":{"_et_pb_use_builder":"","_et_pb_old_content":"","_et_gb_content_width":"","spay_email":""},"class_list":["post-2698","product","type-product","status-publish","has-post-thumbnail","hentry","product_cat-livres","product_tag-asthme","product_tag-diagnostic","product_tag-guide","product_tag-maladie-respiratoire","product_tag-medicament","product_tag-soins","product_tag-therapeutique"],"jetpack_sharing_enabled":true,"jetpack_likes_enabled":true,"_links":{"self":[{"href":"https:\/\/www.parthages.be\/eboutique\/wp-json\/wp\/v2\/product\/2698","targetHints":{"allow":["GET"]}}],"collection":[{"href":"https:\/\/www.parthages.be\/eboutique\/wp-json\/wp\/v2\/product"}],"about":[{"href":"https:\/\/www.parthages.be\/eboutique\/wp-json\/wp\/v2\/types\/product"}],"replies":[{"embeddable":true,"href":"https:\/\/www.parthages.be\/eboutique\/wp-json\/wp\/v2\/comments?post=2698"}],"wp:featuredmedia":[{"embeddable":true,"href":"https:\/\/www.parthages.be\/eboutique\/wp-json\/wp\/v2\/media\/2699"}],"wp:attachment":[{"href":"https:\/\/www.parthages.be\/eboutique\/wp-json\/wp\/v2\/media?parent=2698"}],"curies":[{"name":"wp","href":"https:\/\/api.w.org\/{rel}","templated":true}]}}