{"id":2703,"date":"2022-06-03T09:53:05","date_gmt":"2022-06-03T07:53:05","guid":{"rendered":"https:\/\/www.parthages.be\/eboutique\/?post_type=product&#038;p=2703"},"modified":"2022-06-03T09:53:05","modified_gmt":"2022-06-03T07:53:05","slug":"comprendre-et-traiter-lhypertension-arterielle","status":"publish","type":"product","link":"https:\/\/www.parthages.be\/eboutique\/produit\/comprendre-et-traiter-lhypertension-arterielle\/","title":{"rendered":"Comprendre et traiter l&rsquo;hypertension art\u00e9rielle"},"content":{"rendered":"<p>Qu&rsquo;est-ce que l&rsquo;hypertension art\u00e9rielle? Quelles en sont les causes? Quelles en sont les cons\u00e9quences? Comment la diagnostiquer? Comment la traiter? Comment la contr\u00f4ler?<\/p>\n<p>Cet ouvrage est con\u00e7u comme un guide didactique et pratique. Il a l&rsquo;ambition d&rsquo;offrir aux patients hypertendus les r\u00e9ponses \u00e0 toutes les questions qu&rsquo;ils se posent sur cette maladie. (Pr\u00e9sentation de l\u2019\u00e9diteur)<\/p>\n<p>HINDLET J-Y. &#8211; PERSU A.<\/p>\n<p>Vivio<\/p>\n<p>2009-67p.<\/p>\n<p>ISBN: 978-2-87512-009-0<\/p>\n<p>Cote doc: 1-70-HIN-C-6<\/p>\n<p><strong><em>Uniquement \u00e0 la location<\/em><\/strong><\/p>\n<span class=\"et_bloom_bottom_trigger\"><\/span>","protected":false},"excerpt":{"rendered":"<p>Qu&rsquo;est-ce que l&rsquo;hypertension art\u00e9rielle? Quelles en sont les causes? Quelles en sont les cons\u00e9quences? Comment la diagnostiquer? Comment la traiter? Comment la contr\u00f4ler?<\/p>\n","protected":false},"featured_media":2704,"comment_status":"closed","ping_status":"closed","template":"","meta":{"_et_pb_use_builder":"","_et_pb_old_content":"","_et_gb_content_width":"","spay_email":""},"class_list":["post-2703","product","type-product","status-publish","has-post-thumbnail","hentry","product_cat-livres","product_tag-diagnostic","product_tag-guide","product_tag-hypertension-arterielle","product_tag-maladie-cardio-vasculaire","product_tag-medicament","product_tag-soins","product_tag-therapeutique"],"jetpack_sharing_enabled":true,"jetpack_likes_enabled":true,"_links":{"self":[{"href":"https:\/\/www.parthages.be\/eboutique\/wp-json\/wp\/v2\/product\/2703","targetHints":{"allow":["GET"]}}],"collection":[{"href":"https:\/\/www.parthages.be\/eboutique\/wp-json\/wp\/v2\/product"}],"about":[{"href":"https:\/\/www.parthages.be\/eboutique\/wp-json\/wp\/v2\/types\/product"}],"replies":[{"embeddable":true,"href":"https:\/\/www.parthages.be\/eboutique\/wp-json\/wp\/v2\/comments?post=2703"}],"wp:featuredmedia":[{"embeddable":true,"href":"https:\/\/www.parthages.be\/eboutique\/wp-json\/wp\/v2\/media\/2704"}],"wp:attachment":[{"href":"https:\/\/www.parthages.be\/eboutique\/wp-json\/wp\/v2\/media?parent=2703"}],"curies":[{"name":"wp","href":"https:\/\/api.w.org\/{rel}","templated":true}]}}