{"id":2707,"date":"2022-06-03T09:54:49","date_gmt":"2022-06-03T07:54:49","guid":{"rendered":"https:\/\/www.parthages.be\/eboutique\/?post_type=product&#038;p=2707"},"modified":"2022-06-03T09:54:49","modified_gmt":"2022-06-03T07:54:49","slug":"rencontrer-lautiste-et-le-psychotique-jeux-et-detours","status":"publish","type":"product","link":"https:\/\/www.parthages.be\/eboutique\/produit\/rencontrer-lautiste-et-le-psychotique-jeux-et-detours\/","title":{"rendered":"Rencontrer l&rsquo;autiste et le psychotique: jeux et d\u00e9tours"},"content":{"rendered":"<p>Autistes et psychotiques sont comme \u00e9trangers \u00e0 notre monde. Ils nous lancent pourtant, \u00e0 leur fa\u00e7on, des appels. Ceux qui partagent leur quotidien ont pour premi\u00e8re t\u00e2che d\u2019\u00e9tablir le contact, l\u2019\u00e9change r\u00e9ciproque. Parce que la relation directe leur est non seulement difficile mais mena\u00e7ante, il nous faut aupr\u00e8s d\u2019eux r\u00e9inventer les modalit\u00e9s de la rencontre.<br \/>\nCet ouvrage explore des pistes qui peuvent ouvrir une br\u00e8che dans le mur qui semble nous s\u00e9parer d\u2019eux : supports, attitudes sp\u00e9cifiques, fa\u00e7ons de leur parler, d\u00e9tours qui \u00e9vitent de faire intrusion dans leur monde et tentent de les rejoindre dans un espace commun.\u00a0C\u2019est largement en nous impliquant sur le mode du jeu, qui leur manque tant, qu\u2019une confiance pourra se construire, fond\u00e9e sur le plaisir retrouv\u00e9 de l\u2019\u00e9change. (Pr\u00e9sentation de l\u2019\u00e9diteur)<\/p>\n<p>HEBERT F.<\/p>\n<p>Vuibert<\/p>\n<p>2008-341p.<\/p>\n<p>ISBN: 978-2-7117-1866-5<\/p>\n<p>Cote doc: 1-70-HEB-R<\/p>\n<p><strong><em>Uniquement \u00e0 la location<\/em><\/strong><\/p>\n<span class=\"et_bloom_bottom_trigger\"><\/span>","protected":false},"excerpt":{"rendered":"<p>Autistes et psychotiques sont comme \u00e9trangers \u00e0 notre monde. Ils nous lancent pourtant, \u00e0 leur fa\u00e7on, des appels. Ceux qui partagent leur quotidien ont pour premi\u00e8re t\u00e2che d\u2019\u00e9tablir le contact, l\u2019\u00e9change r\u00e9ciproque. Parce que la relation directe leur est non seulement difficile mais mena\u00e7ante, il nous faut aupr\u00e8s d\u2019eux r\u00e9inventer les modalit\u00e9s de la rencontre.<\/p>\n","protected":false},"featured_media":2708,"comment_status":"closed","ping_status":"closed","template":"","meta":{"_et_pb_use_builder":"","_et_pb_old_content":"","_et_gb_content_width":"","spay_email":""},"class_list":["post-2707","product","type-product","status-publish","has-post-thumbnail","hentry","product_cat-livres","product_tag-autisme","product_tag-communication","product_tag-echange","product_tag-jeu","product_tag-psychose","product_tag-relation-parent-enfant"],"jetpack_sharing_enabled":true,"jetpack_likes_enabled":true,"_links":{"self":[{"href":"https:\/\/www.parthages.be\/eboutique\/wp-json\/wp\/v2\/product\/2707","targetHints":{"allow":["GET"]}}],"collection":[{"href":"https:\/\/www.parthages.be\/eboutique\/wp-json\/wp\/v2\/product"}],"about":[{"href":"https:\/\/www.parthages.be\/eboutique\/wp-json\/wp\/v2\/types\/product"}],"replies":[{"embeddable":true,"href":"https:\/\/www.parthages.be\/eboutique\/wp-json\/wp\/v2\/comments?post=2707"}],"wp:featuredmedia":[{"embeddable":true,"href":"https:\/\/www.parthages.be\/eboutique\/wp-json\/wp\/v2\/media\/2708"}],"wp:attachment":[{"href":"https:\/\/www.parthages.be\/eboutique\/wp-json\/wp\/v2\/media?parent=2707"}],"curies":[{"name":"wp","href":"https:\/\/api.w.org\/{rel}","templated":true}]}}