{"id":2714,"date":"2022-06-03T10:41:33","date_gmt":"2022-06-03T08:41:33","guid":{"rendered":"https:\/\/www.parthages.be\/eboutique\/?post_type=product&#038;p=2714"},"modified":"2022-06-03T10:41:34","modified_gmt":"2022-06-03T08:41:34","slug":"comprendre-et-traiter-le-cancer-du-sein","status":"publish","type":"product","link":"https:\/\/www.parthages.be\/eboutique\/produit\/comprendre-et-traiter-le-cancer-du-sein\/","title":{"rendered":"Comprendre et traiter le cancer du sein"},"content":{"rendered":"<p>Pourquoi d\u00e9veloppe-t-on un cancer du sein? Comment le cancer du sein est-il diagnostiqu\u00e9? Quels sont les diff\u00e9rents traitements? Et quels sont leurs effets secondaires? Comment vivre apr\u00e8s un cancer du sein?<\/p>\n<p>Cet ouvrage est con\u00e7u comme un guide didactique et pratique. Il offre aux patients et aux familles les r\u00e9ponses \u00e0 toutes les questions qu&rsquo;elles se posent sur le cancer du sein. (Pr\u00e9sentation de l\u2019\u00e9diteur)<\/p>\n<p>DENYS H.- STRAGIER B.<\/p>\n<p>Vivio<\/p>\n<p>2009-76 p.<\/p>\n<p>ISBN: 978-2-930365-96-1<\/p>\n<p>Cote doc: 1-70-DEN-C-18<\/p>\n<p><strong><em>Uniquement \u00e0 la location<\/em><\/strong><\/p>\n<span class=\"et_bloom_bottom_trigger\"><\/span>","protected":false},"excerpt":{"rendered":"<p>Pourquoi d\u00e9veloppe-t-on un cancer du sein? Comment le cancer du sein est-il diagnostiqu\u00e9? Quels sont les diff\u00e9rents traitements? Et quels sont leurs effets secondaires? Comment vivre apr\u00e8s un cancer du sein?<\/p>\n","protected":false},"featured_media":2715,"comment_status":"closed","ping_status":"closed","template":"","meta":{"_et_pb_use_builder":"","_et_pb_old_content":"","_et_gb_content_width":"","spay_email":""},"class_list":["post-2714","product","type-product","status-publish","has-post-thumbnail","hentry","product_cat-livres","product_tag-cancer","product_tag-diagnostic","product_tag-guide","product_tag-sein","product_tag-soins","product_tag-therapeutique"],"jetpack_sharing_enabled":true,"jetpack_likes_enabled":true,"_links":{"self":[{"href":"https:\/\/www.parthages.be\/eboutique\/wp-json\/wp\/v2\/product\/2714","targetHints":{"allow":["GET"]}}],"collection":[{"href":"https:\/\/www.parthages.be\/eboutique\/wp-json\/wp\/v2\/product"}],"about":[{"href":"https:\/\/www.parthages.be\/eboutique\/wp-json\/wp\/v2\/types\/product"}],"replies":[{"embeddable":true,"href":"https:\/\/www.parthages.be\/eboutique\/wp-json\/wp\/v2\/comments?post=2714"}],"wp:featuredmedia":[{"embeddable":true,"href":"https:\/\/www.parthages.be\/eboutique\/wp-json\/wp\/v2\/media\/2715"}],"wp:attachment":[{"href":"https:\/\/www.parthages.be\/eboutique\/wp-json\/wp\/v2\/media?parent=2714"}],"curies":[{"name":"wp","href":"https:\/\/api.w.org\/{rel}","templated":true}]}}