{"id":2720,"date":"2022-06-07T08:19:50","date_gmt":"2022-06-07T06:19:50","guid":{"rendered":"https:\/\/www.parthages.be\/eboutique\/?post_type=product&#038;p=2720"},"modified":"2022-06-07T08:19:51","modified_gmt":"2022-06-07T06:19:51","slug":"comprendre-et-traiter-les-affections-rhumatismales-inflammatoires","status":"publish","type":"product","link":"https:\/\/www.parthages.be\/eboutique\/produit\/comprendre-et-traiter-les-affections-rhumatismales-inflammatoires\/","title":{"rendered":"Comprendre et traiter les affections rhumatismales inflammatoires"},"content":{"rendered":"<p>-Polyarthrite Rhumato\u00efde<\/p>\n<p>-Spondylarthrite ankylosante<\/p>\n<p>-Arthrite psoriasique<\/p>\n<p>-Arthrite juv\u00e9nile<\/p>\n<p>-Scl\u00e9rodermie<\/p>\n<p>-Lupus \u00e9ryth\u00e9mateux diss\u00e9min\u00e9<\/p>\n<p>Quels sont les points communs de ces affections? Quelles sont leurs diff\u00e9rences? Quelles sont leurs causes? Quels sont leurs sympt\u00f4mes? Comment les diagnostique-t-on? Quels sont les traitements propos\u00e9s? Quelles associations de patients peuvent vous soutenir?<\/p>\n<p>Cet ouvrage est con\u00e7u comme un guide didactique destin\u00e9 aux personnes qui veulent recevoir une information compl\u00e8te et fiable sur les affections rhumatismales inflammatoires. (Pr\u00e9sentation de l\u2019\u00e9diteur)<\/p>\n<p>COMIT\u00c9 SCIENTIFIQUE DE CLAIR ASBL<\/p>\n<p>Vivio<\/p>\n<p>2006-87 p.<\/p>\n<p>ISBN: 978-2-930365-36-7<\/p>\n<p>Cote doc: 1-70-COM-C-12<\/p>\n<p><strong><em>Uniquement \u00e0 la location<\/em><\/strong><\/p>\n<span class=\"et_bloom_bottom_trigger\"><\/span>","protected":false},"excerpt":{"rendered":"<p>Quels sont les points communs de ces affections? Quelles sont leurs diff\u00e9rences? Quelles sont leurs causes? Quels sont leurs sympt\u00f4mes? Comment les diagnostique-t-on? Quels sont les traitements propos\u00e9s? Quelles associations de patients peuvent vous soutenir?<\/p>\n","protected":false},"featured_media":2721,"comment_status":"closed","ping_status":"closed","template":"","meta":{"_et_pb_use_builder":"","_et_pb_old_content":"","_et_gb_content_width":"","spay_email":""},"class_list":["post-2720","product","type-product","status-publish","has-post-thumbnail","hentry","product_cat-livres","product_tag-diagnostic","product_tag-medicament","product_tag-rhumatisme","product_tag-soins","product_tag-therapeutique"],"jetpack_sharing_enabled":true,"jetpack_likes_enabled":true,"_links":{"self":[{"href":"https:\/\/www.parthages.be\/eboutique\/wp-json\/wp\/v2\/product\/2720","targetHints":{"allow":["GET"]}}],"collection":[{"href":"https:\/\/www.parthages.be\/eboutique\/wp-json\/wp\/v2\/product"}],"about":[{"href":"https:\/\/www.parthages.be\/eboutique\/wp-json\/wp\/v2\/types\/product"}],"replies":[{"embeddable":true,"href":"https:\/\/www.parthages.be\/eboutique\/wp-json\/wp\/v2\/comments?post=2720"}],"wp:featuredmedia":[{"embeddable":true,"href":"https:\/\/www.parthages.be\/eboutique\/wp-json\/wp\/v2\/media\/2721"}],"wp:attachment":[{"href":"https:\/\/www.parthages.be\/eboutique\/wp-json\/wp\/v2\/media?parent=2720"}],"curies":[{"name":"wp","href":"https:\/\/api.w.org\/{rel}","templated":true}]}}