{"id":2724,"date":"2022-06-07T08:22:52","date_gmt":"2022-06-07T06:22:52","guid":{"rendered":"https:\/\/www.parthages.be\/eboutique\/?post_type=product&#038;p=2724"},"modified":"2022-06-07T08:22:53","modified_gmt":"2022-06-07T06:22:53","slug":"dis-maman-cest-un-homme-ou-un-animal","status":"publish","type":"product","link":"https:\/\/www.parthages.be\/eboutique\/produit\/dis-maman-cest-un-homme-ou-un-animal\/","title":{"rendered":"Dis maman c&rsquo;est un homme ou un animal ?"},"content":{"rendered":"<p>Alors que Thomas \u00e9tait \u00e2g\u00e9 de quelques jours, il ne voulait manger que si je portais un certain parfum. Si je changeais de parfum il refusait la nourriture. C&rsquo;\u00e9tait une question de vie ou de mort. Il pr\u00e9f\u00e9rait mourir de faim. Six semaines plus tard il commen\u00e7a \u00e0 voir et il s\u00e9lectionna d&rsquo;autres d\u00e9tails. Je devais toujours porter le m\u00eame pull bleu, mes cheveux devaient \u00eatre nou\u00e9s en queue de cheval avec un n\u0153ud rouge et je devais avoir les m\u00eames boucles d&rsquo;oreille. Tous ces d\u00e9tails rassembl\u00e9s repr\u00e9sentaient pour lui &lsquo;Maman&rsquo; et aucun \u00e9l\u00e9ment ne pouvait manquer.<br \/>\nTr\u00e8s vite je m&rsquo;aper\u00e7us que Thomas utilisait l&rsquo;information d&rsquo;une mani\u00e8re particuli\u00e8re. Il pensait diff\u00e9remment. Je me suis toujours expliqu\u00e9 son autisme au travers de sa fa\u00e7on particuli\u00e8re de penser. Plus tard, j&rsquo;ai trouv\u00e9 de nombreuses confirmations \u00e0 travers les \u00e9crits d&rsquo;autistes de haut niveau d\u00e9crivant leur v\u00e9cu. Le fait de penser \u00ab en d\u00e9tail \u00bb, c&rsquo;est \u00e0 dire d&rsquo;avoir une pens\u00e9e hyper-s\u00e9lective reste peu \u00e9tudi\u00e9 dans la litt\u00e9rature sur l&rsquo;autisme, et ce th\u00e8me m\u00e9ritait d&rsquo;\u00eatre approfondi. (Pr\u00e9sentation de l\u2019\u00e9diteur)<\/p>\n<p>DE CLERCQ H.<\/p>\n<p>Autisme France Diffusion<\/p>\n<p>2002- 120p<\/p>\n<p>ISBN\u00a0: 978-2-9517464-1-1<\/p>\n<p>&nbsp;<\/p>\n<p>Cote doc: 1-70-DEC-D<\/p>\n<p><strong><em>Uniquement \u00e0 la location<\/em><\/strong><\/p>\n<span class=\"et_bloom_bottom_trigger\"><\/span>","protected":false},"excerpt":{"rendered":"<p>Alors que Thomas \u00e9tait \u00e2g\u00e9 de quelques jours, il ne voulait manger que si je portais un certain parfum. Si je changeais de parfum il refusait la nourriture. C&rsquo;\u00e9tait une question de vie ou de mort.<\/p>\n","protected":false},"featured_media":2725,"comment_status":"closed","ping_status":"closed","template":"","meta":{"_et_pb_use_builder":"","_et_pb_old_content":"","_et_gb_content_width":"","spay_email":""},"class_list":["post-2724","product","type-product","status-publish","has-post-thumbnail","hentry","product_cat-livres","product_tag-analyse-des-donnees","product_tag-autisme","product_tag-communication","product_tag-education","product_tag-enfant","product_tag-enseignement","product_tag-integration-sociale","product_tag-perception","product_tag-relation-familiale"],"jetpack_sharing_enabled":true,"jetpack_likes_enabled":true,"_links":{"self":[{"href":"https:\/\/www.parthages.be\/eboutique\/wp-json\/wp\/v2\/product\/2724","targetHints":{"allow":["GET"]}}],"collection":[{"href":"https:\/\/www.parthages.be\/eboutique\/wp-json\/wp\/v2\/product"}],"about":[{"href":"https:\/\/www.parthages.be\/eboutique\/wp-json\/wp\/v2\/types\/product"}],"replies":[{"embeddable":true,"href":"https:\/\/www.parthages.be\/eboutique\/wp-json\/wp\/v2\/comments?post=2724"}],"wp:featuredmedia":[{"embeddable":true,"href":"https:\/\/www.parthages.be\/eboutique\/wp-json\/wp\/v2\/media\/2725"}],"wp:attachment":[{"href":"https:\/\/www.parthages.be\/eboutique\/wp-json\/wp\/v2\/media?parent=2724"}],"curies":[{"name":"wp","href":"https:\/\/api.w.org\/{rel}","templated":true}]}}