{"id":2727,"date":"2022-06-07T08:31:17","date_gmt":"2022-06-07T06:31:17","guid":{"rendered":"https:\/\/www.parthages.be\/eboutique\/?post_type=product&#038;p=2727"},"modified":"2022-06-07T08:31:18","modified_gmt":"2022-06-07T06:31:18","slug":"vivre-avec-les-troubles-du-spectre-de-lautisme","status":"publish","type":"product","link":"https:\/\/www.parthages.be\/eboutique\/produit\/vivre-avec-les-troubles-du-spectre-de-lautisme\/","title":{"rendered":"Vivre avec les troubles du spectre de l&rsquo;autisme"},"content":{"rendered":"<p>Tout en abordant les aspects les plus probl\u00e9matiques du d\u00e9veloppement des enfants atteints d&rsquo;un trouble du spectre de l&rsquo;autisme, les auteurs proposent aux parents et aux \u00e9ducateurs des outils et des strat\u00e9gies permettant d&rsquo;agir de la mani\u00e8re la plus efficace possible lorsque des situations-probl\u00e8mes se pr\u00e9sentent.<\/p>\n<p>Gr\u00e2ce \u00e0 son langage clair et simple, \u00ab\u00a0Vivre avec le trouble du spectre de l\u2019autisme\u00a0\u00bb constitue la r\u00e9f\u00e9rence id\u00e9ale pour les familles et les professionnels qui interviennent aupr\u00e8s d\u2019enfants atteints de troubles du spectre de l\u2019autisme. Les auteurs expliquent les principales caract\u00e9ristiques associ\u00e9es \u00e0 ces troubles et pr\u00e9sentent une multitude de strat\u00e9gies visant \u00e0 rem\u00e9dier aux difficult\u00e9s li\u00e9es aux activit\u00e9s de la vie quotidienne, telles que l\u2019alimentation, le sommeil et l\u2019utilisation des toilettes. Ils proposent \u00e9galement des moyens de composer avec l\u2019agressivit\u00e9 et les crises de col\u00e8re ainsi qu\u2019avec les pr\u00e9occupations et les compulsions. Ils sugg\u00e8rent enfin des moyens de favoriser la communication et la socialisation. En s\u2019appuyant sur des \u00e9tudes r\u00e9centes et en illustrant leurs propos de nombreux cas v\u00e9cus, les auteurs d\u00e9crivent en d\u00e9tail les causes et les manifestations de chaque probl\u00e8me tout en fournissant une s\u00e9rie de solutions possibles. (Pr\u00e9sentation de l\u2019\u00e9diteur)<\/p>\n<p>WILLIAMS C.- WRIGHT B.<\/p>\n<p>Cheneli\u00e8re Education<\/p>\n<p>2010-333p.<\/p>\n<p>ISBN\u00a0: 978-2-7650-2989-2<\/p>\n<p>Cote doc: 1-70-WIL-V<\/p>\n<p><strong><em>Uniquement \u00e0 la location<\/em><\/strong><\/p>\n<span class=\"et_bloom_bottom_trigger\"><\/span>","protected":false},"excerpt":{"rendered":"<p>Tout en abordant les aspects les plus probl\u00e9matiques du d\u00e9veloppement des enfants atteints d&rsquo;un trouble du spectre de l&rsquo;autisme, les auteurs proposent aux parents et aux \u00e9ducateurs des outils et des strat\u00e9gies permettant d&rsquo;agir de la mani\u00e8re la plus efficace possible lorsque des situations-probl\u00e8mes se pr\u00e9sentent.<\/p>\n","protected":false},"featured_media":2728,"comment_status":"closed","ping_status":"closed","template":"","meta":{"_et_pb_use_builder":"","_et_pb_old_content":"","_et_gb_content_width":"","spay_email":""},"class_list":["post-2727","product","type-product","status-publish","has-post-thumbnail","hentry","product_cat-livres","product_tag-autisme","product_tag-colere","product_tag-communication","product_tag-comportement","product_tag-outil","product_tag-socialisation","product_tag-strategie","product_tag-symptome"],"jetpack_sharing_enabled":true,"jetpack_likes_enabled":true,"_links":{"self":[{"href":"https:\/\/www.parthages.be\/eboutique\/wp-json\/wp\/v2\/product\/2727","targetHints":{"allow":["GET"]}}],"collection":[{"href":"https:\/\/www.parthages.be\/eboutique\/wp-json\/wp\/v2\/product"}],"about":[{"href":"https:\/\/www.parthages.be\/eboutique\/wp-json\/wp\/v2\/types\/product"}],"replies":[{"embeddable":true,"href":"https:\/\/www.parthages.be\/eboutique\/wp-json\/wp\/v2\/comments?post=2727"}],"wp:featuredmedia":[{"embeddable":true,"href":"https:\/\/www.parthages.be\/eboutique\/wp-json\/wp\/v2\/media\/2728"}],"wp:attachment":[{"href":"https:\/\/www.parthages.be\/eboutique\/wp-json\/wp\/v2\/media?parent=2727"}],"curies":[{"name":"wp","href":"https:\/\/api.w.org\/{rel}","templated":true}]}}