{"id":2729,"date":"2022-06-07T08:32:17","date_gmt":"2022-06-07T06:32:17","guid":{"rendered":"https:\/\/www.parthages.be\/eboutique\/?post_type=product&#038;p=2729"},"modified":"2022-06-07T08:35:28","modified_gmt":"2022-06-07T06:35:28","slug":"comprendre-et-traiter-la-depression","status":"publish","type":"product","link":"https:\/\/www.parthages.be\/eboutique\/produit\/comprendre-et-traiter-la-depression\/","title":{"rendered":"Comprendre et traiter la d\u00e9pression"},"content":{"rendered":"<p>Qu&rsquo;est-ce la d\u00e9pression? Comment la diagnostiquer? Comment la soigner? Existe-t-il des traitements efficaces?<\/p>\n<p>Con\u00e7u comme un guide didactique et pratique, cet ouvrage est destin\u00e9 aux personnes qui veulent en savoir plus sur la d\u00e9pression, ses causes et ses traitements. (Pr\u00e9sentation de l\u2019\u00e9diteur)<\/p>\n<p>VIOLON P.<\/p>\n<p>Vivio<\/p>\n<p>2005-78p.<\/p>\n<p>ISBN\u00a0: 2-930365-12-9<\/p>\n<p>Cote doc: 1-70-VIO-C27<\/p>\n<p><strong><em>Uniquement \u00e0 la location<\/em><\/strong><\/p>\n<span class=\"et_bloom_bottom_trigger\"><\/span>","protected":false},"excerpt":{"rendered":"<p>Qu&rsquo;est-ce la d\u00e9pression? Comment la diagnostiquer? Comment la soigner? Existe-t-il des traitements efficaces?<\/p>\n","protected":false},"featured_media":2730,"comment_status":"closed","ping_status":"closed","template":"","meta":{"_et_pb_use_builder":"","_et_pb_old_content":"","_et_gb_content_width":"","spay_email":""},"class_list":["post-2729","product","type-product","status-publish","has-post-thumbnail","hentry","product_cat-livres","product_tag-depression","product_tag-diagnostic","product_tag-maladie","product_tag-sante-mentale","product_tag-soins","product_tag-therapeutique"],"jetpack_sharing_enabled":true,"jetpack_likes_enabled":true,"_links":{"self":[{"href":"https:\/\/www.parthages.be\/eboutique\/wp-json\/wp\/v2\/product\/2729","targetHints":{"allow":["GET"]}}],"collection":[{"href":"https:\/\/www.parthages.be\/eboutique\/wp-json\/wp\/v2\/product"}],"about":[{"href":"https:\/\/www.parthages.be\/eboutique\/wp-json\/wp\/v2\/types\/product"}],"replies":[{"embeddable":true,"href":"https:\/\/www.parthages.be\/eboutique\/wp-json\/wp\/v2\/comments?post=2729"}],"wp:featuredmedia":[{"embeddable":true,"href":"https:\/\/www.parthages.be\/eboutique\/wp-json\/wp\/v2\/media\/2730"}],"wp:attachment":[{"href":"https:\/\/www.parthages.be\/eboutique\/wp-json\/wp\/v2\/media?parent=2729"}],"curies":[{"name":"wp","href":"https:\/\/api.w.org\/{rel}","templated":true}]}}